{"id":56739,"date":"2018-01-15T15:48:29","date_gmt":"2018-01-15T15:48:29","guid":{"rendered":"https:\/\/sardamatic.it\/?page_id=56739"},"modified":"2021-10-22T14:19:12","modified_gmt":"2021-10-22T14:19:12","slug":"getta","status":"publish","type":"page","link":"https:\/\/sardamatic.it\/it\/pasturatori\/getta\/","title":{"rendered":"Getta sardine"},"content":{"rendered":"<p>[vc_row][vc_column][vc_single_image image=&#8221;56858&#8243; img_size=&#8221;large&#8221; alignment=&#8221;center&#8221; css_animation=&#8221;fadeInDown&#8221; title=&#8221;Sardamatic \u2013 Getta sardine&#8221;][\/vc_column][\/vc_row][vc_row][vc_column width=&#8221;1\/6&#8243;][\/vc_column][vc_column width=&#8221;2\/3&#8243;][vc_column_text css_animation=&#8221;fadeInUp&#8221;]<\/p>\n<p class=\"p1\">\u00c8 la macchina ideale per pasturare con efficacia, nella pesca in drifting, tonni giganti, squali, pesci spada (durante la notte) ed altri grossi pesci predatori.<br \/>\n<b>Consente di continuare a pasturare durante un combattimento e quindi di trattenere il branco a vostra \u201cdisposizione\u201d. <\/b><\/p>\n<p class=\"p1\">Con un bassissimo consumo di corrente, vi evita di essere impegnati per molte ore, spesso sotto un sole cocente, nel lancio manuale delle sardine e di impregnarvi di cattivi odori. La vasca si pu\u00f2 riempire con sardine o altre specie di pesci esca interi e\/o a pezzi preventivamente tagliati.<\/p>\n<p class=\"p1\">La macchina \u00e8 provvista di due modi per il funzionamento: \u201ccontinuo\u201d e \u201ctemporizzato\u201d. Nel modo continuo, la macchina espelle continuamente le sardine e con la velocit\u00e0 della barca, circa 8 nodi, vi consente di effettuare la cosiddetta \u201cstrisciata\u201d, utile per ottenere rapidamente una lunga scia che aumenter\u00e0 le probabilit\u00e0 di catturare subito un pesce. In caso di bonaccia, si pu\u00f2 alternare la suddetta \u201cstrisciata\u201d con un periodo di scarroccio, potendo cos\u00ec battere una pi\u00f9 vasta zona di mare. Il modo \u201ctemporizzato\u201d, consente di pasturare automaticamente durante lo scarroccio o con la barca ancorata.<\/p>\n<p class=\"p1\">Tramite il timer, l\u2019operatore pu\u00f2 impostare la frequenza di lancio delle sardine, una per volta, da 5 a 55 secondi, mentre la fotocellula ne controlla il passaggio, permettendovi di ottenere una scia sempre ideale con qualsiasi condizione di vento e di corrente marina. La vasca pu\u00f2 contenere circa 5 Kg di sardine, avendo cos\u00ec un\u2019autonomia media di 1 ora, dipendente dal tempo di lancio scelto e la pezzatura delle sardine stesse. Un allarme sonoro interviene quando la vasca \u00e8 ormai vuota.<\/p>\n<p>[\/vc_column_text][\/vc_column][vc_column width=&#8221;1\/6&#8243;][\/vc_column][\/vc_row][vc_row][vc_column width=&#8221;1\/2&#8243;][vc_single_image image=&#8221;56859&#8243; img_size=&#8221;medium&#8221; alignment=&#8221;center&#8221; css_animation=&#8221;fadeInUpBig&#8221; title=&#8221;Parte elettrica&#8221;][\/vc_column][vc_column width=&#8221;1\/2&#8243; el_class=&#8221;dmiddle&#8221;][vc_column_text]La parte elettrica \u00e8 facilmente staccabile consentendo alla parte meccanica un facile lavaggio anche per immersione. In dotazione \u00e8 fornito un supporto in plastica da fissare sulla barca, sul quale tramite un volantino si pu\u00f2 montare o smontare la macchina. Come optional, pu\u00f2 essere fornito un supporto che consente rapidamente di montarla su un qualsiasi portacanne.[\/vc_column_text][\/vc_column][\/vc_row][vc_row][vc_column][vc_column_text]<\/p>\n<table width=\"384\">\n<tbody>\n<tr>\n<td width=\"209\">Caratteristiche<\/td>\n<td width=\"175\"><\/td>\n<\/tr>\n<tr>\n<td>Ingombro Max<\/td>\n<td>cm 50 x 36 x 48h<\/td>\n<\/tr>\n<tr>\n<td>Alimentazione<\/td>\n<td>12V<\/td>\n<\/tr>\n<tr>\n<td>Peso a vuoto<\/td>\n<td>6.5kg<\/td>\n<\/tr>\n<tr>\n<td>Capienza pastura<\/td>\n<td>5kg<\/td>\n<\/tr>\n<tr>\n<td>Fotocellula di controllo<\/td>\n<td>SI<\/td>\n<\/tr>\n<tr>\n<td>Consumo elettrico medio in temporiz.<\/td>\n<td>0.6 A\/h<\/td>\n<\/tr>\n<tr>\n<td>Consumo elettrico medio in continuo<\/td>\n<td>1.8 A\/h<\/td>\n<\/tr>\n<tr>\n<td>Temporizzatore Pausa<\/td>\n<td>SI da 5 a 55 secondi<\/td>\n<\/tr>\n<\/tbody>\n<\/table>\n<p>[\/vc_column_text][\/vc_column][\/vc_row]<\/p>","protected":false},"excerpt":{"rendered":"<p>[vc_row][vc_column][vc_single_image image=&#8221;56858&#8243; img_size=&#8221;large&#8221; alignment=&#8221;center&#8221; css_animation=&#8221;fadeInDown&#8221; title=&#8221;Sardamatic \u2013 Getta sardine&#8221;][\/vc_column][\/vc_row][vc_row][vc_column width=&#8221;1\/6&#8243;][\/vc_column][vc_column width=&#8221;2\/3&#8243;][vc_column_text css_animation=&#8221;fadeInUp&#8221;] \u00c8 la macchina ideale per pasturare con efficacia, nella pesca in drifting, tonni giganti, squali, pesci spada (durante la notte) ed altri grossi pesci predatori. Consente di continuare a pasturare durante un combattimento e quindi di trattenere il branco a vostra \u201cdisposizione\u201d. Con [&hellip;]<\/p>\n","protected":false},"author":1,"featured_media":0,"parent":56727,"menu_order":0,"comment_status":"closed","ping_status":"closed","template":"","meta":{"site-sidebar-layout":"no-sidebar","site-content-layout":"plain-container","ast-site-content-layout":"","site-content-style":"default","site-sidebar-style":"default","ast-global-header-display":"","ast-banner-title-visibility":"","ast-main-header-display":"","ast-hfb-above-header-display":"","ast-hfb-below-header-display":"","ast-hfb-mobile-header-display":"","site-post-title":"disabled","ast-breadcrumbs-content":"","ast-featured-img":"disabled","footer-sml-layout":"","theme-transparent-header-meta":"","adv-header-id-meta":"","stick-header-meta":"","header-above-stick-meta":"","header-main-stick-meta":"","header-below-stick-meta":"","astra-migrate-meta-layouts":"default","ast-page-background-enabled":"default","ast-page-background-meta":{"desktop":{"background-color":"var(--ast-global-color-4)","background-image":"","background-repeat":"repeat","background-position":"center center","background-size":"auto","background-attachment":"scroll","background-type":"","background-media":"","overlay-type":"","overlay-color":"","overlay-gradient":""},"tablet":{"background-color":"","background-image":"","background-repeat":"repeat","background-position":"center center","background-size":"auto","background-attachment":"scroll","background-type":"","background-media":"","overlay-type":"","overlay-color":"","overlay-gradient":""},"mobile":{"background-color":"","background-image":"","background-repeat":"repeat","background-position":"center center","background-size":"auto","background-attachment":"scroll","background-type":"","background-media":"","overlay-type":"","overlay-color":"","overlay-gradient":""}},"ast-content-background-meta":{"desktop":{"background-color":"var(--ast-global-color-5)","background-image":"","background-repeat":"repeat","background-position":"center center","background-size":"auto","background-attachment":"scroll","background-type":"","background-media":"","overlay-type":"","overlay-color":"","overlay-gradient":""},"tablet":{"background-color":"var(--ast-global-color-5)","background-image":"","background-repeat":"repeat","background-position":"center center","background-size":"auto","background-attachment":"scroll","background-type":"","background-media":"","overlay-type":"","overlay-color":"","overlay-gradient":""},"mobile":{"background-color":"var(--ast-global-color-5)","background-image":"","background-repeat":"repeat","background-position":"center center","background-size":"auto","background-attachment":"scroll","background-type":"","background-media":"","overlay-type":"","overlay-color":"","overlay-gradient":""}},"footnotes":""},"yoast_head":"<!-- This site is optimized with the Yoast SEO plugin v23.2 - https:\/\/yoast.com\/wordpress\/plugins\/seo\/ -->\n<title>Getta sardine - Sardamatic<\/title>\n<meta name=\"robots\" content=\"index, follow, max-snippet:-1, max-image-preview:large, max-video-preview:-1\" \/>\n<link rel=\"canonical\" href=\"https:\/\/sardamatic.it\/pasturatori\/getta\/\" \/>\n<meta property=\"og:locale\" content=\"it_IT\" \/>\n<meta property=\"og:type\" content=\"article\" \/>\n<meta property=\"og:title\" content=\"[:it]Getta sardine[:en]Automatic Sardine Dispenser[:] - Sardamatic\" \/>\n<meta property=\"og:description\" content=\"[vc_row][vc_column][vc_single_image image=&#8221;56858&#8243; img_size=&#8221;large&#8221; alignment=&#8221;center&#8221; css_animation=&#8221;fadeInDown&#8221; title=&#8221;Sardamatic \u2013 Getta sardine&#8221;][\/vc_column][\/vc_row][vc_row][vc_column width=&#8221;1\/6&#8243;][\/vc_column][vc_column width=&#8221;2\/3&#8243;][vc_column_text css_animation=&#8221;fadeInUp&#8221;] \u00c8 la macchina ideale per pasturare con efficacia, nella pesca in drifting, tonni giganti, squali, pesci spada (durante la notte) ed altri grossi pesci predatori. Consente di continuare a pasturare durante un combattimento e quindi di trattenere il branco a vostra \u201cdisposizione\u201d. Con [&hellip;]\" \/>\n<meta property=\"og:url\" content=\"https:\/\/sardamatic.it\/pasturatori\/getta\/\" \/>\n<meta property=\"og:site_name\" content=\"Sardamatic\" \/>\n<meta property=\"article:modified_time\" content=\"2021-10-22T14:19:12+00:00\" \/>\n<meta name=\"twitter:card\" content=\"summary_large_image\" \/>\n<meta name=\"twitter:label1\" content=\"Tempo di lettura stimato\" \/>\n\t<meta name=\"twitter:data1\" content=\"5 minuti\" \/>\n<script type=\"application\/ld+json\" class=\"yoast-schema-graph\">{\"@context\":\"https:\/\/schema.org\",\"@graph\":[{\"@type\":\"WebPage\",\"@id\":\"https:\/\/sardamatic.it\/pasturatori\/getta\/\",\"url\":\"https:\/\/sardamatic.it\/pasturatori\/getta\/\",\"name\":\"[:it]Getta sardine[:en]Automatic Sardine Dispenser[:] - Sardamatic\",\"isPartOf\":{\"@id\":\"https:\/\/sardamatic.it\/it\/#website\"},\"datePublished\":\"2018-01-15T15:48:29+00:00\",\"dateModified\":\"2021-10-22T14:19:12+00:00\",\"breadcrumb\":{\"@id\":\"https:\/\/sardamatic.it\/pasturatori\/getta\/#breadcrumb\"},\"inLanguage\":\"it-IT\",\"potentialAction\":[{\"@type\":\"ReadAction\",\"target\":[\"https:\/\/sardamatic.it\/pasturatori\/getta\/\"]}]},{\"@type\":\"BreadcrumbList\",\"@id\":\"https:\/\/sardamatic.it\/pasturatori\/getta\/#breadcrumb\",\"itemListElement\":[{\"@type\":\"ListItem\",\"position\":1,\"name\":\"Home\",\"item\":\"https:\/\/sardamatic.it\/\"},{\"@type\":\"ListItem\",\"position\":2,\"name\":\"Pasturatori\",\"item\":\"https:\/\/sardamatic.it\/pasturatori\/\"},{\"@type\":\"ListItem\",\"position\":3,\"name\":\"Getta sardine\"}]},{\"@type\":\"WebSite\",\"@id\":\"https:\/\/sardamatic.it\/it\/#website\",\"url\":\"https:\/\/sardamatic.it\/it\/\",\"name\":\"Sardamatic\",\"description\":\"Solo un altro sito WordPress\",\"publisher\":{\"@id\":\"https:\/\/sardamatic.it\/it\/#organization\"},\"potentialAction\":[{\"@type\":\"SearchAction\",\"target\":{\"@type\":\"EntryPoint\",\"urlTemplate\":\"https:\/\/sardamatic.it\/it\/?s={search_term_string}\"},\"query-input\":\"required name=search_term_string\"}],\"inLanguage\":\"it-IT\"},{\"@type\":\"Organization\",\"@id\":\"https:\/\/sardamatic.it\/it\/#organization\",\"name\":\"Sardamatic\",\"url\":\"https:\/\/sardamatic.it\/it\/\",\"logo\":{\"@type\":\"ImageObject\",\"inLanguage\":\"it-IT\",\"@id\":\"https:\/\/sardamatic.it\/it\/#\/schema\/logo\/image\/\",\"url\":\"https:\/\/sardamatic.it\/wp-content\/uploads\/2017\/11\/logo-1.png\",\"contentUrl\":\"https:\/\/sardamatic.it\/wp-content\/uploads\/2017\/11\/logo-1.png\",\"width\":211,\"height\":70,\"caption\":\"Sardamatic\"},\"image\":{\"@id\":\"https:\/\/sardamatic.it\/it\/#\/schema\/logo\/image\/\"}}]}<\/script>\n<!-- \/ Yoast SEO plugin. -->","yoast_head_json":{"title":"[:it]Getta sardine[:en]Automatic Sardine Dispenser[:] - Sardamatic","robots":{"index":"index","follow":"follow","max-snippet":"max-snippet:-1","max-image-preview":"max-image-preview:large","max-video-preview":"max-video-preview:-1"},"canonical":"https:\/\/sardamatic.it\/pasturatori\/getta\/","og_locale":"it_IT","og_type":"article","og_title":"[:it]Getta sardine[:en]Automatic Sardine Dispenser[:] - Sardamatic","og_description":"[vc_row][vc_column][vc_single_image image=&#8221;56858&#8243; img_size=&#8221;large&#8221; alignment=&#8221;center&#8221; css_animation=&#8221;fadeInDown&#8221; title=&#8221;Sardamatic \u2013 Getta sardine&#8221;][\/vc_column][\/vc_row][vc_row][vc_column width=&#8221;1\/6&#8243;][\/vc_column][vc_column width=&#8221;2\/3&#8243;][vc_column_text css_animation=&#8221;fadeInUp&#8221;] \u00c8 la macchina ideale per pasturare con efficacia, nella pesca in drifting, tonni giganti, squali, pesci spada (durante la notte) ed altri grossi pesci predatori. Consente di continuare a pasturare durante un combattimento e quindi di trattenere il branco a vostra \u201cdisposizione\u201d. Con [&hellip;]","og_url":"https:\/\/sardamatic.it\/pasturatori\/getta\/","og_site_name":"Sardamatic","article_modified_time":"2021-10-22T14:19:12+00:00","twitter_card":"summary_large_image","twitter_misc":{"Tempo di lettura stimato":"5 minuti"},"schema":{"@context":"https:\/\/schema.org","@graph":[{"@type":"WebPage","@id":"https:\/\/sardamatic.it\/pasturatori\/getta\/","url":"https:\/\/sardamatic.it\/pasturatori\/getta\/","name":"[:it]Getta sardine[:en]Automatic Sardine Dispenser[:] - Sardamatic","isPartOf":{"@id":"https:\/\/sardamatic.it\/it\/#website"},"datePublished":"2018-01-15T15:48:29+00:00","dateModified":"2021-10-22T14:19:12+00:00","breadcrumb":{"@id":"https:\/\/sardamatic.it\/pasturatori\/getta\/#breadcrumb"},"inLanguage":"it-IT","potentialAction":[{"@type":"ReadAction","target":["https:\/\/sardamatic.it\/pasturatori\/getta\/"]}]},{"@type":"BreadcrumbList","@id":"https:\/\/sardamatic.it\/pasturatori\/getta\/#breadcrumb","itemListElement":[{"@type":"ListItem","position":1,"name":"Home","item":"https:\/\/sardamatic.it\/"},{"@type":"ListItem","position":2,"name":"Pasturatori","item":"https:\/\/sardamatic.it\/pasturatori\/"},{"@type":"ListItem","position":3,"name":"Getta sardine"}]},{"@type":"WebSite","@id":"https:\/\/sardamatic.it\/it\/#website","url":"https:\/\/sardamatic.it\/it\/","name":"Sardamatic","description":"Solo un altro sito WordPress","publisher":{"@id":"https:\/\/sardamatic.it\/it\/#organization"},"potentialAction":[{"@type":"SearchAction","target":{"@type":"EntryPoint","urlTemplate":"https:\/\/sardamatic.it\/it\/?s={search_term_string}"},"query-input":"required name=search_term_string"}],"inLanguage":"it-IT"},{"@type":"Organization","@id":"https:\/\/sardamatic.it\/it\/#organization","name":"Sardamatic","url":"https:\/\/sardamatic.it\/it\/","logo":{"@type":"ImageObject","inLanguage":"it-IT","@id":"https:\/\/sardamatic.it\/it\/#\/schema\/logo\/image\/","url":"https:\/\/sardamatic.it\/wp-content\/uploads\/2017\/11\/logo-1.png","contentUrl":"https:\/\/sardamatic.it\/wp-content\/uploads\/2017\/11\/logo-1.png","width":211,"height":70,"caption":"Sardamatic"},"image":{"@id":"https:\/\/sardamatic.it\/it\/#\/schema\/logo\/image\/"}}]}},"_links":{"self":[{"href":"https:\/\/sardamatic.it\/it\/wp-json\/wp\/v2\/pages\/56739"}],"collection":[{"href":"https:\/\/sardamatic.it\/it\/wp-json\/wp\/v2\/pages"}],"about":[{"href":"https:\/\/sardamatic.it\/it\/wp-json\/wp\/v2\/types\/page"}],"author":[{"embeddable":true,"href":"https:\/\/sardamatic.it\/it\/wp-json\/wp\/v2\/users\/1"}],"replies":[{"embeddable":true,"href":"https:\/\/sardamatic.it\/it\/wp-json\/wp\/v2\/comments?post=56739"}],"version-history":[{"count":17,"href":"https:\/\/sardamatic.it\/it\/wp-json\/wp\/v2\/pages\/56739\/revisions"}],"predecessor-version":[{"id":57950,"href":"https:\/\/sardamatic.it\/it\/wp-json\/wp\/v2\/pages\/56739\/revisions\/57950"}],"up":[{"embeddable":true,"href":"https:\/\/sardamatic.it\/it\/wp-json\/wp\/v2\/pages\/56727"}],"wp:attachment":[{"href":"https:\/\/sardamatic.it\/it\/wp-json\/wp\/v2\/media?parent=56739"}],"curies":[{"name":"wp","href":"https:\/\/api.w.org\/{rel}","templated":true}]}}