{"id":56745,"date":"2018-01-15T15:49:36","date_gmt":"2018-01-15T15:49:36","guid":{"rendered":"https:\/\/sardamatic.it\/?page_id=56745"},"modified":"2020-02-19T10:26:26","modified_gmt":"2020-02-19T10:26:26","slug":"fili","status":"publish","type":"page","link":"https:\/\/sardamatic.it\/it\/essenziali\/fili\/","title":{"rendered":"Fili"},"content":{"rendered":"<p>[vc_row 0=&#8221;&#8221;][vc_column width=&#8221;1\/2&#8243;][vc_single_image image=&#8221;57453&#8243; img_size=&#8221;large&#8221; alignment=&#8221;center&#8221; css_animation=&#8221;fadeInUpBig&#8221; title=&#8221;Monofilo giallo-arancio&#8221;][\/vc_column][vc_column width=&#8221;1\/2&#8243;][vc_column_text 0=&#8221;&#8221;]Eccezionale per traina e big game fishing. L&#8217;ottima resistenza al nodo ed alle abrasioni, la bassa percentuale di allungamento e la scarsa visibilit\u00e0 in acqua, lo rendono molto affidabile per combattere prede da record.<br \/>\ntonalit\u00e0 giallo-arancio per un alta visibilit\u00e0 fuori dall&#8217;acqua.<\/p>\n<table class=\"det_t\">\n<tbody>\n<tr>\n<td><b>Lbs Test<\/b><\/td>\n<td align=\"center\">12<\/td>\n<td align=\"center\">16<\/td>\n<td align=\"center\">20<\/td>\n<td align=\"center\">30<\/td>\n<td align=\"center\">50<\/td>\n<td align=\"center\">80<\/td>\n<td align=\"center\">100<\/td>\n<td align=\"center\">130<\/td>\n<\/tr>\n<tr>\n<td><b>Kg Test<\/b><\/td>\n<td align=\"center\">5.4<\/td>\n<td align=\"center\">7.2<\/td>\n<td align=\"center\">9<\/td>\n<td align=\"center\">13.6<\/td>\n<td align=\"center\">22.6<\/td>\n<td align=\"center\">36.2<\/td>\n<td align=\"center\">45.3<\/td>\n<td align=\"center\">58.9<\/td>\n<\/tr>\n<tr>\n<td><b>Diametro mm<\/b><\/td>\n<td align=\"center\">0.27<\/td>\n<td align=\"center\">0.30<\/td>\n<td align=\"center\">0.35<\/td>\n<td align=\"center\">0.43<\/td>\n<td align=\"center\">0.60<\/td>\n<td align=\"center\">0.75<\/td>\n<td align=\"center\">0.90<\/td>\n<td align=\"center\">1.1<\/td>\n<\/tr>\n<tr>\n<td><b>Lunghezza m<\/b><\/td>\n<td align=\"center\">1000<\/td>\n<td align=\"center\">1000<\/td>\n<td align=\"center\">1000<\/td>\n<td align=\"center\">1100<\/td>\n<td align=\"center\">1100<\/td>\n<td align=\"center\">1100<\/td>\n<td align=\"center\">1100<\/td>\n<td align=\"center\">1100<\/td>\n<\/tr>\n<tr>\n<td><b>Lunghezza yard<\/b><\/td>\n<td align=\"center\">1093<\/td>\n<td align=\"center\">1093<\/td>\n<td align=\"center\">1093<\/td>\n<td align=\"center\">1202<\/td>\n<td align=\"center\">1202<\/td>\n<td align=\"center\">1202<\/td>\n<td align=\"center\">1202<\/td>\n<td align=\"center\">1202<\/td>\n<\/tr>\n<tr>\n<td colspan=\"9\" height=\"7\"><\/td>\n<\/tr>\n<tr>\n<td><b>COD.<\/b><\/td>\n<td align=\"center\">712<\/td>\n<td align=\"center\">716<\/td>\n<td align=\"center\">720<\/td>\n<td align=\"center\">730<\/td>\n<td align=\"center\">750<\/td>\n<td align=\"center\">780<\/td>\n<td align=\"center\">710<\/td>\n<td align=\"center\">713<\/td>\n<\/tr>\n<\/tbody>\n<\/table>\n<p>[\/vc_column_text][\/vc_column][\/vc_row][vc_row][vc_column][vc_separator][\/vc_column][\/vc_row][vc_row 0=&#8221;&#8221;][vc_column width=&#8221;1\/2&#8243;][vc_single_image image=&#8221;57454&#8243; img_size=&#8221;large&#8221; alignment=&#8221;center&#8221; css_animation=&#8221;fadeInUpBig&#8221; title=&#8221;Monofilo neutro&#8221;][\/vc_column][vc_column width=&#8221;1\/2&#8243;][vc_column_text 0=&#8221;&#8221;]Eccezionale per traina e big game fishing. L&#8217;ottima resistenza al nodo ed alle abrasioni, la bassa percentuale di allungamento e la scarsa visibilit\u00e0 in acqua, lo rendono molto affidabile per combattere prede da record.<\/p>\n<table class=\"det_t\">\n<tbody>\n<tr>\n<td><b>Lbs Test<\/b><\/td>\n<td align=\"center\">12<\/td>\n<td align=\"center\">16<\/td>\n<td align=\"center\">20<\/td>\n<td align=\"center\">30<\/td>\n<td align=\"center\">50<\/td>\n<td align=\"center\">80<\/td>\n<td align=\"center\">100<\/td>\n<td align=\"center\">130<\/td>\n<\/tr>\n<tr>\n<td><b>Kg Test<\/b><\/td>\n<td align=\"center\">5.4<\/td>\n<td align=\"center\">7.2<\/td>\n<td align=\"center\">9<\/td>\n<td align=\"center\">13.6<\/td>\n<td align=\"center\">22.6<\/td>\n<td align=\"center\">36.2<\/td>\n<td align=\"center\">45.3<\/td>\n<td align=\"center\">58.9<\/td>\n<\/tr>\n<tr>\n<td><b>Diametro mm<\/b><\/td>\n<td align=\"center\">0.27<\/td>\n<td align=\"center\">0.30<\/td>\n<td align=\"center\">0.35<\/td>\n<td align=\"center\">0.43<\/td>\n<td align=\"center\">0.60<\/td>\n<td align=\"center\">0.75<\/td>\n<td align=\"center\">0.90<\/td>\n<td align=\"center\">1.1<\/td>\n<\/tr>\n<tr>\n<td><b>Lunghezza m<\/b><\/td>\n<td align=\"center\">1000<\/td>\n<td align=\"center\">1000<\/td>\n<td align=\"center\">1000<\/td>\n<td align=\"center\">1100<\/td>\n<td align=\"center\">1100<\/td>\n<td align=\"center\">1100<\/td>\n<td align=\"center\">1100<\/td>\n<td align=\"center\">1100<\/td>\n<\/tr>\n<tr>\n<td><b>Lunghezza yard<\/b><\/td>\n<td align=\"center\">1093<\/td>\n<td align=\"center\">1093<\/td>\n<td align=\"center\">1093<\/td>\n<td align=\"center\">1202<\/td>\n<td align=\"center\">1202<\/td>\n<td align=\"center\">1202<\/td>\n<td align=\"center\">1202<\/td>\n<td align=\"center\">1202<\/td>\n<\/tr>\n<tr>\n<td colspan=\"9\" height=\"7\"><\/td>\n<\/tr>\n<tr>\n<td><b>COD.<\/b><\/td>\n<td align=\"center\">812<\/td>\n<td align=\"center\">816<\/td>\n<td align=\"center\">820<\/td>\n<td align=\"center\">830<\/td>\n<td align=\"center\">850<\/td>\n<td align=\"center\">880<\/td>\n<td align=\"center\">810<\/td>\n<td align=\"center\">813<\/td>\n<\/tr>\n<\/tbody>\n<\/table>\n<p>[\/vc_column_text][\/vc_column][\/vc_row][vc_row][vc_column][vc_separator][\/vc_column][\/vc_row][vc_row 0=&#8221;&#8221;][vc_column width=&#8221;1\/2&#8243;][vc_single_image image=&#8221;57459&#8243; img_size=&#8221;large&#8221; alignment=&#8221;center&#8221; css_animation=&#8221;fadeInUpBig&#8221; title=&#8221;Fluorocarbon&#8221;][\/vc_column][vc_column width=&#8221;1\/2&#8243;][vc_column_text 0=&#8221;&#8221;]Monofilo speciale per terminali, PVDF 100%. Il top made in Japan.<br \/>\nInvisibile in acqua, resistenza eccezionale all&#8217;abrasione, alta resistenza al nodo, bassa riflessione della luce, resistente ai raggi UV e agli sbalzi di temperatura.<\/p>\n<table class=\"det_t\">\n<tbody>\n<tr>\n<td><b>Diametro mm<\/b><\/td>\n<td align=\"center\">0.34<\/td>\n<td align=\"center\">0.41<\/td>\n<td align=\"center\">0.50<\/td>\n<td align=\"center\">0.60<\/td>\n<td align=\"center\">0.73<\/td>\n<td align=\"center\">0.80<\/td>\n<td align=\"center\">1.00<\/td>\n<td align=\"center\">1.23<\/td>\n<\/tr>\n<tr>\n<td><b>Lbs test<\/b><\/td>\n<td align=\"center\">18<\/td>\n<td align=\"center\">23<\/td>\n<td align=\"center\">34<\/td>\n<td align=\"center\">41<\/td>\n<td align=\"center\">62<\/td>\n<td align=\"center\">76<\/td>\n<td align=\"center\">110<\/td>\n<td align=\"center\">145<\/td>\n<\/tr>\n<tr>\n<td><b>Lunghezza m<\/b><\/td>\n<td align=\"center\">25<\/td>\n<td align=\"center\">36<\/td>\n<td align=\"center\">25<\/td>\n<td align=\"center\">36<\/td>\n<td align=\"center\">25<\/td>\n<td align=\"center\">25<\/td>\n<td align=\"center\">15<\/td>\n<td align=\"center\">15<\/td>\n<\/tr>\n<tr>\n<td colspan=\"9\" height=\"7\"><\/td>\n<\/tr>\n<tr>\n<td><b>Cod.<\/b><\/td>\n<td align=\"center\">FC034<\/td>\n<td align=\"center\">FC041<\/td>\n<td align=\"center\">FC050<\/td>\n<td align=\"center\">FC060<\/td>\n<td align=\"center\">FC073<\/td>\n<td align=\"center\">FC080<\/td>\n<td align=\"center\">FC100<\/td>\n<td align=\"center\">FC123<\/td>\n<\/tr>\n<\/tbody>\n<\/table>\n<p>[\/vc_column_text][\/vc_column][\/vc_row][vc_row][vc_column][vc_separator][\/vc_column][\/vc_row][vc_row 0=&#8221;&#8221;][vc_column width=&#8221;1\/2&#8243;][vc_gallery interval=&#8221;3&#8243; images=&#8221;57461,57460&#8243; img_size=&#8221;large&#8221; title=&#8221;Filo trecciato 100% dyneema&#8221;][\/vc_column][vc_column width=&#8221;1\/2&#8243;][vc_column_text 0=&#8221;&#8221;]Eccezionale per vertical jigging, traina, bolentino di profondit\u00e0, ecc.<br \/>\nMantiene inalterato il suo carico di rottura nel tempo, anche in condizioni estreme di lavoro.<\/p>\n<p>Le bobine singole sono da 300 Yds e si possono ordinare ingolarmente o anche collegate tra loro fino ad un massimo di 6, per un totale di 1800 Yds.<\/p>\n<table class=\"det_t\">\n<tbody>\n<tr>\n<td><b>Diametro mm<\/b><\/td>\n<td align=\"center\">0.15<\/td>\n<td align=\"center\">0.20<\/td>\n<td align=\"center\">0.25<\/td>\n<td align=\"center\">0.30<\/td>\n<td align=\"center\">0.35<\/td>\n<td align=\"center\">0.40<\/td>\n<td align=\"center\">0.50<\/td>\n<\/tr>\n<tr>\n<td><b>Lbs test<\/b><\/td>\n<td align=\"center\">20<\/td>\n<td align=\"center\">28<\/td>\n<td align=\"center\">32<\/td>\n<td align=\"center\">36<\/td>\n<td align=\"center\">44<\/td>\n<td align=\"center\">58<\/td>\n<td align=\"center\">74<\/td>\n<\/tr>\n<tr>\n<td><b>Lunghezza yard<\/b><\/td>\n<td align=\"center\">300<\/td>\n<td align=\"center\">300<\/td>\n<td align=\"center\">300<\/td>\n<td align=\"center\">300<\/td>\n<td align=\"center\">300<\/td>\n<td align=\"center\">300<\/td>\n<td align=\"center\">300<\/td>\n<\/tr>\n<tr>\n<td colspan=\"8\" height=\"7\"><\/td>\n<\/tr>\n<tr>\n<td><b>Cod.<\/b><\/td>\n<td align=\"center\">DYD15<\/td>\n<td align=\"center\">DYD20<\/td>\n<td align=\"center\">DYD25<\/td>\n<td align=\"center\">DYD30<\/td>\n<td align=\"center\">DYD35<\/td>\n<td align=\"center\">DYD40<\/td>\n<td align=\"center\">DYD50<\/td>\n<\/tr>\n<\/tbody>\n<\/table>\n<p>[\/vc_column_text][\/vc_column][\/vc_row]<\/p>","protected":false},"excerpt":{"rendered":"<p>[vc_row 0=&#8221;&#8221;][vc_column width=&#8221;1\/2&#8243;][vc_single_image image=&#8221;57453&#8243; img_size=&#8221;large&#8221; alignment=&#8221;center&#8221; css_animation=&#8221;fadeInUpBig&#8221; title=&#8221;Monofilo giallo-arancio&#8221;][\/vc_column][vc_column width=&#8221;1\/2&#8243;][vc_column_text 0=&#8221;&#8221;]Eccezionale per traina e big game fishing. L&#8217;ottima resistenza al nodo ed alle abrasioni, la bassa percentuale di allungamento e la scarsa visibilit\u00e0 in acqua, lo rendono molto affidabile per combattere prede da record. tonalit\u00e0 giallo-arancio per un alta visibilit\u00e0 fuori dall&#8217;acqua. Lbs Test 12 [&hellip;]<\/p>\n","protected":false},"author":1,"featured_media":0,"parent":56731,"menu_order":0,"comment_status":"closed","ping_status":"closed","template":"","meta":{"site-sidebar-layout":"no-sidebar","site-content-layout":"plain-container","ast-site-content-layout":"","site-content-style":"default","site-sidebar-style":"default","ast-global-header-display":"","ast-banner-title-visibility":"","ast-main-header-display":"","ast-hfb-above-header-display":"","ast-hfb-below-header-display":"","ast-hfb-mobile-header-display":"","site-post-title":"disabled","ast-breadcrumbs-content":"","ast-featured-img":"disabled","footer-sml-layout":"","theme-transparent-header-meta":"","adv-header-id-meta":"","stick-header-meta":"","header-above-stick-meta":"","header-main-stick-meta":"","header-below-stick-meta":"","astra-migrate-meta-layouts":"default","ast-page-background-enabled":"default","ast-page-background-meta":{"desktop":{"background-color":"var(--ast-global-color-4)","background-image":"","background-repeat":"repeat","background-position":"center center","background-size":"auto","background-attachment":"scroll","background-type":"","background-media":"","overlay-type":"","overlay-color":"","overlay-gradient":""},"tablet":{"background-color":"","background-image":"","background-repeat":"repeat","background-position":"center center","background-size":"auto","background-attachment":"scroll","background-type":"","background-media":"","overlay-type":"","overlay-color":"","overlay-gradient":""},"mobile":{"background-color":"","background-image":"","background-repeat":"repeat","background-position":"center center","background-size":"auto","background-attachment":"scroll","background-type":"","background-media":"","overlay-type":"","overlay-color":"","overlay-gradient":""}},"ast-content-background-meta":{"desktop":{"background-color":"var(--ast-global-color-5)","background-image":"","background-repeat":"repeat","background-position":"center center","background-size":"auto","background-attachment":"scroll","background-type":"","background-media":"","overlay-type":"","overlay-color":"","overlay-gradient":""},"tablet":{"background-color":"var(--ast-global-color-5)","background-image":"","background-repeat":"repeat","background-position":"center center","background-size":"auto","background-attachment":"scroll","background-type":"","background-media":"","overlay-type":"","overlay-color":"","overlay-gradient":""},"mobile":{"background-color":"var(--ast-global-color-5)","background-image":"","background-repeat":"repeat","background-position":"center center","background-size":"auto","background-attachment":"scroll","background-type":"","background-media":"","overlay-type":"","overlay-color":"","overlay-gradient":""}},"footnotes":""},"yoast_head":"<!-- This site is optimized with the Yoast SEO plugin v23.2 - https:\/\/yoast.com\/wordpress\/plugins\/seo\/ -->\n<title>Fili - Sardamatic<\/title>\n<meta name=\"robots\" content=\"index, follow, max-snippet:-1, max-image-preview:large, max-video-preview:-1\" \/>\n<link rel=\"canonical\" href=\"https:\/\/sardamatic.it\/essenziali\/fili\/\" \/>\n<meta property=\"og:locale\" content=\"it_IT\" \/>\n<meta property=\"og:type\" content=\"article\" \/>\n<meta property=\"og:title\" content=\"[:it]Fili[:en]IGFA Class Monofilament[:] - Sardamatic\" \/>\n<meta property=\"og:description\" content=\"[vc_row 0=&#8221;&#8221;][vc_column width=&#8221;1\/2&#8243;][vc_single_image image=&#8221;57453&#8243; img_size=&#8221;large&#8221; alignment=&#8221;center&#8221; css_animation=&#8221;fadeInUpBig&#8221; title=&#8221;Monofilo giallo-arancio&#8221;][\/vc_column][vc_column width=&#8221;1\/2&#8243;][vc_column_text 0=&#8221;&#8221;]Eccezionale per traina e big game fishing. L&#8217;ottima resistenza al nodo ed alle abrasioni, la bassa percentuale di allungamento e la scarsa visibilit\u00e0 in acqua, lo rendono molto affidabile per combattere prede da record. tonalit\u00e0 giallo-arancio per un alta visibilit\u00e0 fuori dall&#8217;acqua. Lbs Test 12 [&hellip;]\" \/>\n<meta property=\"og:url\" content=\"https:\/\/sardamatic.it\/essenziali\/fili\/\" \/>\n<meta property=\"og:site_name\" content=\"Sardamatic\" \/>\n<meta property=\"article:modified_time\" content=\"2020-02-19T10:26:26+00:00\" \/>\n<meta name=\"twitter:card\" content=\"summary_large_image\" \/>\n<meta name=\"twitter:label1\" content=\"Tempo di lettura stimato\" \/>\n\t<meta name=\"twitter:data1\" content=\"4 minuti\" \/>\n<script type=\"application\/ld+json\" class=\"yoast-schema-graph\">{\"@context\":\"https:\/\/schema.org\",\"@graph\":[{\"@type\":\"WebPage\",\"@id\":\"https:\/\/sardamatic.it\/essenziali\/fili\/\",\"url\":\"https:\/\/sardamatic.it\/essenziali\/fili\/\",\"name\":\"[:it]Fili[:en]IGFA Class Monofilament[:] - Sardamatic\",\"isPartOf\":{\"@id\":\"https:\/\/sardamatic.it\/it\/#website\"},\"datePublished\":\"2018-01-15T15:49:36+00:00\",\"dateModified\":\"2020-02-19T10:26:26+00:00\",\"breadcrumb\":{\"@id\":\"https:\/\/sardamatic.it\/essenziali\/fili\/#breadcrumb\"},\"inLanguage\":\"it-IT\",\"potentialAction\":[{\"@type\":\"ReadAction\",\"target\":[\"https:\/\/sardamatic.it\/essenziali\/fili\/\"]}]},{\"@type\":\"BreadcrumbList\",\"@id\":\"https:\/\/sardamatic.it\/essenziali\/fili\/#breadcrumb\",\"itemListElement\":[{\"@type\":\"ListItem\",\"position\":1,\"name\":\"Home\",\"item\":\"https:\/\/sardamatic.it\/\"},{\"@type\":\"ListItem\",\"position\":2,\"name\":\"Essenziali\",\"item\":\"https:\/\/sardamatic.it\/essenziali\/\"},{\"@type\":\"ListItem\",\"position\":3,\"name\":\"Fili\"}]},{\"@type\":\"WebSite\",\"@id\":\"https:\/\/sardamatic.it\/it\/#website\",\"url\":\"https:\/\/sardamatic.it\/it\/\",\"name\":\"Sardamatic\",\"description\":\"Solo un altro sito WordPress\",\"publisher\":{\"@id\":\"https:\/\/sardamatic.it\/it\/#organization\"},\"potentialAction\":[{\"@type\":\"SearchAction\",\"target\":{\"@type\":\"EntryPoint\",\"urlTemplate\":\"https:\/\/sardamatic.it\/it\/?s={search_term_string}\"},\"query-input\":\"required name=search_term_string\"}],\"inLanguage\":\"it-IT\"},{\"@type\":\"Organization\",\"@id\":\"https:\/\/sardamatic.it\/it\/#organization\",\"name\":\"Sardamatic\",\"url\":\"https:\/\/sardamatic.it\/it\/\",\"logo\":{\"@type\":\"ImageObject\",\"inLanguage\":\"it-IT\",\"@id\":\"https:\/\/sardamatic.it\/it\/#\/schema\/logo\/image\/\",\"url\":\"https:\/\/sardamatic.it\/wp-content\/uploads\/2017\/11\/logo-1.png\",\"contentUrl\":\"https:\/\/sardamatic.it\/wp-content\/uploads\/2017\/11\/logo-1.png\",\"width\":211,\"height\":70,\"caption\":\"Sardamatic\"},\"image\":{\"@id\":\"https:\/\/sardamatic.it\/it\/#\/schema\/logo\/image\/\"}}]}<\/script>\n<!-- \/ Yoast SEO plugin. -->","yoast_head_json":{"title":"[:it]Fili[:en]IGFA Class Monofilament[:] - Sardamatic","robots":{"index":"index","follow":"follow","max-snippet":"max-snippet:-1","max-image-preview":"max-image-preview:large","max-video-preview":"max-video-preview:-1"},"canonical":"https:\/\/sardamatic.it\/essenziali\/fili\/","og_locale":"it_IT","og_type":"article","og_title":"[:it]Fili[:en]IGFA Class Monofilament[:] - Sardamatic","og_description":"[vc_row 0=&#8221;&#8221;][vc_column width=&#8221;1\/2&#8243;][vc_single_image image=&#8221;57453&#8243; img_size=&#8221;large&#8221; alignment=&#8221;center&#8221; css_animation=&#8221;fadeInUpBig&#8221; title=&#8221;Monofilo giallo-arancio&#8221;][\/vc_column][vc_column width=&#8221;1\/2&#8243;][vc_column_text 0=&#8221;&#8221;]Eccezionale per traina e big game fishing. L&#8217;ottima resistenza al nodo ed alle abrasioni, la bassa percentuale di allungamento e la scarsa visibilit\u00e0 in acqua, lo rendono molto affidabile per combattere prede da record. tonalit\u00e0 giallo-arancio per un alta visibilit\u00e0 fuori dall&#8217;acqua. Lbs Test 12 [&hellip;]","og_url":"https:\/\/sardamatic.it\/essenziali\/fili\/","og_site_name":"Sardamatic","article_modified_time":"2020-02-19T10:26:26+00:00","twitter_card":"summary_large_image","twitter_misc":{"Tempo di lettura stimato":"4 minuti"},"schema":{"@context":"https:\/\/schema.org","@graph":[{"@type":"WebPage","@id":"https:\/\/sardamatic.it\/essenziali\/fili\/","url":"https:\/\/sardamatic.it\/essenziali\/fili\/","name":"[:it]Fili[:en]IGFA Class Monofilament[:] - Sardamatic","isPartOf":{"@id":"https:\/\/sardamatic.it\/it\/#website"},"datePublished":"2018-01-15T15:49:36+00:00","dateModified":"2020-02-19T10:26:26+00:00","breadcrumb":{"@id":"https:\/\/sardamatic.it\/essenziali\/fili\/#breadcrumb"},"inLanguage":"it-IT","potentialAction":[{"@type":"ReadAction","target":["https:\/\/sardamatic.it\/essenziali\/fili\/"]}]},{"@type":"BreadcrumbList","@id":"https:\/\/sardamatic.it\/essenziali\/fili\/#breadcrumb","itemListElement":[{"@type":"ListItem","position":1,"name":"Home","item":"https:\/\/sardamatic.it\/"},{"@type":"ListItem","position":2,"name":"Essenziali","item":"https:\/\/sardamatic.it\/essenziali\/"},{"@type":"ListItem","position":3,"name":"Fili"}]},{"@type":"WebSite","@id":"https:\/\/sardamatic.it\/it\/#website","url":"https:\/\/sardamatic.it\/it\/","name":"Sardamatic","description":"Solo un altro sito WordPress","publisher":{"@id":"https:\/\/sardamatic.it\/it\/#organization"},"potentialAction":[{"@type":"SearchAction","target":{"@type":"EntryPoint","urlTemplate":"https:\/\/sardamatic.it\/it\/?s={search_term_string}"},"query-input":"required name=search_term_string"}],"inLanguage":"it-IT"},{"@type":"Organization","@id":"https:\/\/sardamatic.it\/it\/#organization","name":"Sardamatic","url":"https:\/\/sardamatic.it\/it\/","logo":{"@type":"ImageObject","inLanguage":"it-IT","@id":"https:\/\/sardamatic.it\/it\/#\/schema\/logo\/image\/","url":"https:\/\/sardamatic.it\/wp-content\/uploads\/2017\/11\/logo-1.png","contentUrl":"https:\/\/sardamatic.it\/wp-content\/uploads\/2017\/11\/logo-1.png","width":211,"height":70,"caption":"Sardamatic"},"image":{"@id":"https:\/\/sardamatic.it\/it\/#\/schema\/logo\/image\/"}}]}},"_links":{"self":[{"href":"https:\/\/sardamatic.it\/it\/wp-json\/wp\/v2\/pages\/56745"}],"collection":[{"href":"https:\/\/sardamatic.it\/it\/wp-json\/wp\/v2\/pages"}],"about":[{"href":"https:\/\/sardamatic.it\/it\/wp-json\/wp\/v2\/types\/page"}],"author":[{"embeddable":true,"href":"https:\/\/sardamatic.it\/it\/wp-json\/wp\/v2\/users\/1"}],"replies":[{"embeddable":true,"href":"https:\/\/sardamatic.it\/it\/wp-json\/wp\/v2\/comments?post=56745"}],"version-history":[{"count":17,"href":"https:\/\/sardamatic.it\/it\/wp-json\/wp\/v2\/pages\/56745\/revisions"}],"predecessor-version":[{"id":57820,"href":"https:\/\/sardamatic.it\/it\/wp-json\/wp\/v2\/pages\/56745\/revisions\/57820"}],"up":[{"embeddable":true,"href":"https:\/\/sardamatic.it\/it\/wp-json\/wp\/v2\/pages\/56731"}],"wp:attachment":[{"href":"https:\/\/sardamatic.it\/it\/wp-json\/wp\/v2\/media?parent=56745"}],"curies":[{"name":"wp","href":"https:\/\/api.w.org\/{rel}","templated":true}]}}