{"id":56756,"date":"2018-01-15T15:50:30","date_gmt":"2018-01-15T15:50:30","guid":{"rendered":"https:\/\/sardamatic.it\/?page_id=56756"},"modified":"2025-02-27T14:55:09","modified_gmt":"2025-02-27T13:55:09","slug":"cinture","status":"publish","type":"page","link":"https:\/\/sardamatic.it\/it\/combattimento\/cinture\/","title":{"rendered":"Cinture"},"content":{"rendered":"<p>[vc_row][vc_column width=&#8221;1\/2&#8243;][vc_single_image image=&#8221;56869&#8243; img_size=&#8221;medium&#8221; alignment=&#8221;center&#8221; css_animation=&#8221;fadeInUpBig&#8221; title=&#8221;Cintura addominale leggera con tracolla&#8221;][\/vc_column][vc_column width=&#8221;1\/2&#8243; el_class=&#8221;dmiddle&#8221;][vc_column_text]In materiale plastico e Nylon rinforzato (840) di ottima qualit\u00e0. Variante pi\u00f9 ergonomica della versione 382, permette un efficiente distribuzione dello sforzo durante il combattimento, grazie ad una comodissima tracolla. Dotata inoltre di moschettoni per l&#8217;aggancio al mulinello. Pu\u00f2 essere completata con il nostro bicchierino inox (cod. 384) per un pi\u00f9 comodo appoggio della canna.<\/p>\n<p>Cod. 383[\/vc_column_text][\/vc_column][\/vc_row][vc_row][vc_column][vc_separator][\/vc_column][\/vc_row][vc_row][vc_column width=&#8221;1\/2&#8243;][vc_single_image image=&#8221;56868&#8243; img_size=&#8221;medium&#8221; alignment=&#8221;center&#8221; css_animation=&#8221;fadeInUpBig&#8221; title=&#8221;Cintura addominale leggera&#8221;][\/vc_column][vc_column width=&#8221;1\/2&#8243; el_class=&#8221;dmiddle&#8221;][vc_column_text]In materiale plastico e nylon (840) di ottima qualit\u00e0. Di praticissimo utilizzo, leggerissima pu\u00f2 essere completata dal nostro bicchierino inox (cod. 384)<\/p>\n<p>Cod. 382[\/vc_column_text][\/vc_column][\/vc_row][vc_row][vc_column][vc_separator][\/vc_column][\/vc_row][vc_row][vc_column width=&#8221;1\/2&#8243;][vc_single_image image=&#8221;56867&#8243; img_size=&#8221;medium&#8221; alignment=&#8221;center&#8221; css_animation=&#8221;fadeInUpBig&#8221; title=&#8221;Cintura addominale &#8220;comoda&#8220;&#8221;][\/vc_column][vc_column width=&#8221;1\/2&#8243; el_class=&#8221;dmiddle&#8221;][vc_column_text]&#8221;Comoda&#8221; facile da indossare in caso di &#8220;necessit\u00e0 repentine&#8221;. Grazie alla chiusura in velcro permette una ottima stabilit\u00e0 ma sopratutto una irrinunciabile &#8220;regolazione individuale&#8221;. Pu\u00f2 essere completata dal nostro bicchierino inox cod. 384 per un pi\u00f9 comodo alloggio della canna.<\/p>\n<p>Cod. 381[\/vc_column_text][\/vc_column][\/vc_row][vc_row][vc_column][vc_separator][\/vc_column][\/vc_row][vc_row][vc_column width=&#8221;1\/2&#8243;][vc_single_image image=&#8221;57432&#8243; img_size=&#8221;large&#8221; alignment=&#8221;center&#8221; css_animation=&#8221;fadeInUpBig&#8221; title=&#8221;Cintura stand up pesante&#8221;][\/vc_column][vc_column width=&#8221;1\/2&#8243; el_class=&#8221;dmiddle&#8221;][vc_column_text]Anatomica sulle gambe per la massima stabilit\u00e0 su tutte le posizioni. Allacciata alla vita, evita cos\u00ec di affaticare spalle o collo. Il comfort \u00e8 assicurato dall&#8217;imbottitura in spugna a cellule chiuse rivestita con fodera traspirante. Infine il bicchierino inox incluso nella dotazione consente un comodo e rapido appoggio per la canna . Indispensabile per la pesca in Traina e Big Game per assicurare\u00a0 stabilit\u00e0 alla\u00a0 canna nel recupero di pesci di ragguardevoli dimensioni, particolarmente ostinati e combattivi. Ideale combinata con fascia renale\u00a0 \u00a0o giubbino dorsale.<\/p>\n<p>Cod. 380[\/vc_column_text][\/vc_column][\/vc_row][vc_row][vc_column][vc_separator][\/vc_column][\/vc_row][vc_row][vc_column width=&#8221;1\/2&#8243;][vc_single_image image=&#8221;57434&#8243; img_size=&#8221;medium&#8221; alignment=&#8221;center&#8221; css_animation=&#8221;fadeInUpBig&#8221; title=&#8221;Bicchierino inox&#8221;][\/vc_column][vc_column width=&#8221;1\/2&#8243; el_class=&#8221;dmiddle&#8221;][vc_column_text]Accessorio che offre un pratico e comodo appoggio per la canna, che va a integrare la dotazione della nostre cinture (cod. 381, cod. 382 e cod. 383)<\/p>\n<p>Cod. 384[\/vc_column_text][\/vc_column][\/vc_row]<\/p>","protected":false},"excerpt":{"rendered":"<p>[vc_row][vc_column width=&#8221;1\/2&#8243;][vc_single_image image=&#8221;56869&#8243; img_size=&#8221;medium&#8221; alignment=&#8221;center&#8221; css_animation=&#8221;fadeInUpBig&#8221; title=&#8221;Cintura addominale leggera con tracolla&#8221;][\/vc_column][vc_column width=&#8221;1\/2&#8243; el_class=&#8221;dmiddle&#8221;][vc_column_text]In materiale plastico e Nylon rinforzato (840) di ottima qualit\u00e0. Variante pi\u00f9 ergonomica della versione 382, permette un efficiente distribuzione dello sforzo durante il combattimento, grazie ad una comodissima tracolla. Dotata inoltre di moschettoni per l&#8217;aggancio al mulinello. Pu\u00f2 essere completata con il [&hellip;]<\/p>\n","protected":false},"author":1,"featured_media":0,"parent":56733,"menu_order":0,"comment_status":"closed","ping_status":"closed","template":"","meta":{"site-sidebar-layout":"no-sidebar","site-content-layout":"plain-container","ast-site-content-layout":"normal-width-container","site-content-style":"unboxed","site-sidebar-style":"unboxed","ast-global-header-display":"","ast-banner-title-visibility":"","ast-main-header-display":"","ast-hfb-above-header-display":"","ast-hfb-below-header-display":"","ast-hfb-mobile-header-display":"","site-post-title":"disabled","ast-breadcrumbs-content":"","ast-featured-img":"disabled","footer-sml-layout":"","theme-transparent-header-meta":"default","adv-header-id-meta":"","stick-header-meta":"","header-above-stick-meta":"","header-main-stick-meta":"","header-below-stick-meta":"","astra-migrate-meta-layouts":"set","ast-page-background-enabled":"default","ast-page-background-meta":{"desktop":{"background-color":"var(--ast-global-color-4)","background-image":"","background-repeat":"repeat","background-position":"center center","background-size":"auto","background-attachment":"scroll","background-type":"","background-media":"","overlay-type":"","overlay-color":"","overlay-gradient":""},"tablet":{"background-color":"","background-image":"","background-repeat":"repeat","background-position":"center center","background-size":"auto","background-attachment":"scroll","background-type":"","background-media":"","overlay-type":"","overlay-color":"","overlay-gradient":""},"mobile":{"background-color":"","background-image":"","background-repeat":"repeat","background-position":"center center","background-size":"auto","background-attachment":"scroll","background-type":"","background-media":"","overlay-type":"","overlay-color":"","overlay-gradient":""}},"ast-content-background-meta":{"desktop":{"background-color":"var(--ast-global-color-5)","background-image":"","background-repeat":"repeat","background-position":"center center","background-size":"auto","background-attachment":"scroll","background-type":"","background-media":"","overlay-type":"","overlay-color":"","overlay-gradient":""},"tablet":{"background-color":"var(--ast-global-color-5)","background-image":"","background-repeat":"repeat","background-position":"center center","background-size":"auto","background-attachment":"scroll","background-type":"","background-media":"","overlay-type":"","overlay-color":"","overlay-gradient":""},"mobile":{"background-color":"var(--ast-global-color-5)","background-image":"","background-repeat":"repeat","background-position":"center center","background-size":"auto","background-attachment":"scroll","background-type":"","background-media":"","overlay-type":"","overlay-color":"","overlay-gradient":""}},"footnotes":""},"yoast_head":"<!-- This site is optimized with the Yoast SEO plugin v23.2 - https:\/\/yoast.com\/wordpress\/plugins\/seo\/ -->\n<title>Cinture - Sardamatic<\/title>\n<meta name=\"robots\" content=\"index, follow, max-snippet:-1, max-image-preview:large, max-video-preview:-1\" \/>\n<link rel=\"canonical\" href=\"https:\/\/sardamatic.it\/combattimento\/cinture\/\" \/>\n<meta property=\"og:locale\" content=\"it_IT\" \/>\n<meta property=\"og:type\" content=\"article\" \/>\n<meta property=\"og:title\" content=\"[:it]Cinture[:en]Fighting Belts[:] - Sardamatic\" \/>\n<meta property=\"og:description\" content=\"[vc_row][vc_column width=&#8221;1\/2&#8243;][vc_single_image image=&#8221;56869&#8243; img_size=&#8221;medium&#8221; alignment=&#8221;center&#8221; css_animation=&#8221;fadeInUpBig&#8221; title=&#8221;Cintura addominale leggera con tracolla&#8221;][\/vc_column][vc_column width=&#8221;1\/2&#8243; el_class=&#8221;dmiddle&#8221;][vc_column_text]In materiale plastico e Nylon rinforzato (840) di ottima qualit\u00e0. Variante pi\u00f9 ergonomica della versione 382, permette un efficiente distribuzione dello sforzo durante il combattimento, grazie ad una comodissima tracolla. Dotata inoltre di moschettoni per l&#8217;aggancio al mulinello. Pu\u00f2 essere completata con il [&hellip;]\" \/>\n<meta property=\"og:url\" content=\"https:\/\/sardamatic.it\/combattimento\/cinture\/\" \/>\n<meta property=\"og:site_name\" content=\"Sardamatic\" \/>\n<meta property=\"article:modified_time\" content=\"2025-02-27T13:55:09+00:00\" \/>\n<meta name=\"twitter:card\" content=\"summary_large_image\" \/>\n<meta name=\"twitter:label1\" content=\"Tempo di lettura stimato\" \/>\n\t<meta name=\"twitter:data1\" content=\"3 minuti\" \/>\n<script type=\"application\/ld+json\" class=\"yoast-schema-graph\">{\"@context\":\"https:\/\/schema.org\",\"@graph\":[{\"@type\":\"WebPage\",\"@id\":\"https:\/\/sardamatic.it\/combattimento\/cinture\/\",\"url\":\"https:\/\/sardamatic.it\/combattimento\/cinture\/\",\"name\":\"[:it]Cinture[:en]Fighting Belts[:] - Sardamatic\",\"isPartOf\":{\"@id\":\"https:\/\/sardamatic.it\/it\/#website\"},\"datePublished\":\"2018-01-15T15:50:30+00:00\",\"dateModified\":\"2025-02-27T13:55:09+00:00\",\"breadcrumb\":{\"@id\":\"https:\/\/sardamatic.it\/combattimento\/cinture\/#breadcrumb\"},\"inLanguage\":\"it-IT\",\"potentialAction\":[{\"@type\":\"ReadAction\",\"target\":[\"https:\/\/sardamatic.it\/combattimento\/cinture\/\"]}]},{\"@type\":\"BreadcrumbList\",\"@id\":\"https:\/\/sardamatic.it\/combattimento\/cinture\/#breadcrumb\",\"itemListElement\":[{\"@type\":\"ListItem\",\"position\":1,\"name\":\"Home\",\"item\":\"https:\/\/sardamatic.it\/\"},{\"@type\":\"ListItem\",\"position\":2,\"name\":\"Fight\",\"item\":\"https:\/\/sardamatic.it\/en\/combattimento\/\"},{\"@type\":\"ListItem\",\"position\":3,\"name\":\"Cinture\"}]},{\"@type\":\"WebSite\",\"@id\":\"https:\/\/sardamatic.it\/it\/#website\",\"url\":\"https:\/\/sardamatic.it\/it\/\",\"name\":\"Sardamatic\",\"description\":\"Solo un altro sito WordPress\",\"publisher\":{\"@id\":\"https:\/\/sardamatic.it\/it\/#organization\"},\"potentialAction\":[{\"@type\":\"SearchAction\",\"target\":{\"@type\":\"EntryPoint\",\"urlTemplate\":\"https:\/\/sardamatic.it\/it\/?s={search_term_string}\"},\"query-input\":\"required name=search_term_string\"}],\"inLanguage\":\"it-IT\"},{\"@type\":\"Organization\",\"@id\":\"https:\/\/sardamatic.it\/it\/#organization\",\"name\":\"Sardamatic\",\"url\":\"https:\/\/sardamatic.it\/it\/\",\"logo\":{\"@type\":\"ImageObject\",\"inLanguage\":\"it-IT\",\"@id\":\"https:\/\/sardamatic.it\/it\/#\/schema\/logo\/image\/\",\"url\":\"https:\/\/sardamatic.it\/wp-content\/uploads\/2017\/11\/logo-1.png\",\"contentUrl\":\"https:\/\/sardamatic.it\/wp-content\/uploads\/2017\/11\/logo-1.png\",\"width\":211,\"height\":70,\"caption\":\"Sardamatic\"},\"image\":{\"@id\":\"https:\/\/sardamatic.it\/it\/#\/schema\/logo\/image\/\"}}]}<\/script>\n<!-- \/ Yoast SEO plugin. -->","yoast_head_json":{"title":"[:it]Cinture[:en]Fighting Belts[:] - Sardamatic","robots":{"index":"index","follow":"follow","max-snippet":"max-snippet:-1","max-image-preview":"max-image-preview:large","max-video-preview":"max-video-preview:-1"},"canonical":"https:\/\/sardamatic.it\/combattimento\/cinture\/","og_locale":"it_IT","og_type":"article","og_title":"[:it]Cinture[:en]Fighting Belts[:] - Sardamatic","og_description":"[vc_row][vc_column width=&#8221;1\/2&#8243;][vc_single_image image=&#8221;56869&#8243; img_size=&#8221;medium&#8221; alignment=&#8221;center&#8221; css_animation=&#8221;fadeInUpBig&#8221; title=&#8221;Cintura addominale leggera con tracolla&#8221;][\/vc_column][vc_column width=&#8221;1\/2&#8243; el_class=&#8221;dmiddle&#8221;][vc_column_text]In materiale plastico e Nylon rinforzato (840) di ottima qualit\u00e0. Variante pi\u00f9 ergonomica della versione 382, permette un efficiente distribuzione dello sforzo durante il combattimento, grazie ad una comodissima tracolla. Dotata inoltre di moschettoni per l&#8217;aggancio al mulinello. Pu\u00f2 essere completata con il [&hellip;]","og_url":"https:\/\/sardamatic.it\/combattimento\/cinture\/","og_site_name":"Sardamatic","article_modified_time":"2025-02-27T13:55:09+00:00","twitter_card":"summary_large_image","twitter_misc":{"Tempo di lettura stimato":"3 minuti"},"schema":{"@context":"https:\/\/schema.org","@graph":[{"@type":"WebPage","@id":"https:\/\/sardamatic.it\/combattimento\/cinture\/","url":"https:\/\/sardamatic.it\/combattimento\/cinture\/","name":"[:it]Cinture[:en]Fighting Belts[:] - Sardamatic","isPartOf":{"@id":"https:\/\/sardamatic.it\/it\/#website"},"datePublished":"2018-01-15T15:50:30+00:00","dateModified":"2025-02-27T13:55:09+00:00","breadcrumb":{"@id":"https:\/\/sardamatic.it\/combattimento\/cinture\/#breadcrumb"},"inLanguage":"it-IT","potentialAction":[{"@type":"ReadAction","target":["https:\/\/sardamatic.it\/combattimento\/cinture\/"]}]},{"@type":"BreadcrumbList","@id":"https:\/\/sardamatic.it\/combattimento\/cinture\/#breadcrumb","itemListElement":[{"@type":"ListItem","position":1,"name":"Home","item":"https:\/\/sardamatic.it\/"},{"@type":"ListItem","position":2,"name":"Fight","item":"https:\/\/sardamatic.it\/en\/combattimento\/"},{"@type":"ListItem","position":3,"name":"Cinture"}]},{"@type":"WebSite","@id":"https:\/\/sardamatic.it\/it\/#website","url":"https:\/\/sardamatic.it\/it\/","name":"Sardamatic","description":"Solo un altro sito WordPress","publisher":{"@id":"https:\/\/sardamatic.it\/it\/#organization"},"potentialAction":[{"@type":"SearchAction","target":{"@type":"EntryPoint","urlTemplate":"https:\/\/sardamatic.it\/it\/?s={search_term_string}"},"query-input":"required name=search_term_string"}],"inLanguage":"it-IT"},{"@type":"Organization","@id":"https:\/\/sardamatic.it\/it\/#organization","name":"Sardamatic","url":"https:\/\/sardamatic.it\/it\/","logo":{"@type":"ImageObject","inLanguage":"it-IT","@id":"https:\/\/sardamatic.it\/it\/#\/schema\/logo\/image\/","url":"https:\/\/sardamatic.it\/wp-content\/uploads\/2017\/11\/logo-1.png","contentUrl":"https:\/\/sardamatic.it\/wp-content\/uploads\/2017\/11\/logo-1.png","width":211,"height":70,"caption":"Sardamatic"},"image":{"@id":"https:\/\/sardamatic.it\/it\/#\/schema\/logo\/image\/"}}]}},"_links":{"self":[{"href":"https:\/\/sardamatic.it\/it\/wp-json\/wp\/v2\/pages\/56756"}],"collection":[{"href":"https:\/\/sardamatic.it\/it\/wp-json\/wp\/v2\/pages"}],"about":[{"href":"https:\/\/sardamatic.it\/it\/wp-json\/wp\/v2\/types\/page"}],"author":[{"embeddable":true,"href":"https:\/\/sardamatic.it\/it\/wp-json\/wp\/v2\/users\/1"}],"replies":[{"embeddable":true,"href":"https:\/\/sardamatic.it\/it\/wp-json\/wp\/v2\/comments?post=56756"}],"version-history":[{"count":28,"href":"https:\/\/sardamatic.it\/it\/wp-json\/wp\/v2\/pages\/56756\/revisions"}],"predecessor-version":[{"id":58218,"href":"https:\/\/sardamatic.it\/it\/wp-json\/wp\/v2\/pages\/56756\/revisions\/58218"}],"up":[{"embeddable":true,"href":"https:\/\/sardamatic.it\/it\/wp-json\/wp\/v2\/pages\/56733"}],"wp:attachment":[{"href":"https:\/\/sardamatic.it\/it\/wp-json\/wp\/v2\/media?parent=56756"}],"curies":[{"name":"wp","href":"https:\/\/api.w.org\/{rel}","templated":true}]}}