{"id":56833,"date":"2018-02-28T08:59:36","date_gmt":"2018-02-28T08:59:36","guid":{"rendered":"https:\/\/sardamatic.it\/?page_id=56833"},"modified":"2018-11-15T09:55:00","modified_gmt":"2018-11-15T09:55:00","slug":"privacy-e-cookie","status":"publish","type":"page","link":"https:\/\/sardamatic.it\/it\/privacy-e-cookie\/","title":{"rendered":"Privacy e Cookie"},"content":{"rendered":"<p><strong>Introduzione<\/strong>.<\/p>\n<p>Si informa l\u2019Interessato (cliente, utente e\/o visitatore del sito) che il D.lgs. n. 196\/2003 (cd. \u201cCodice in materia di protezione dei Dati Personali\u201d \u2013 di seguito, per brevit\u00e0, il \u201c\u200bCodice\u200b\u201d) e il Regolamento UE n. 2016\/679 (di seguito, per brevit\u00e0, \u201c\u200bGDPR\u200b\u201d) prevedono la tutela del Trattamento dei Dati Personali. In conformit\u00e0\u0300 a quanto previsto dal Codice, dal GDPR e dalla normativa vigente in materia, il Trattamento sar\u00e0 improntato ai principi di correttezza, liceit\u00e0 e trasparenza nel rispetto dei diritti e delle libert\u00e0 fondamentali, della dignit\u00e0 dell\u2019Interessato, con particolare riferimento alla riservatezza, all\u2019identit\u00e0 personale e al diritto alla protezione dei Dati Personali.<\/p>\n<p>La presente informativa \u00e8 resa ai sensi dell\u2019art. 13 del Codice nonch\u00e9 ai sensi degli artt. 13 e 14 del GDPR ed \u00e8 soggetta ad aggiornamenti dei quali \u00e8 data pubblicit\u00e0 sul sito \u200bhttps:\/\/sardamatic.it. Si consiglia, quindi, di controllare regolarmente l\u2019informativa e di riferirsi alla versione pi\u00f9 aggiornata.<\/p>\n<p><strong>Definizioni<\/strong><\/p>\n<p>Ai fini della presente informativa si intende per:<\/p>\n<ol>\n<li><strong>Banca Dati\u200b,<\/strong>\u00a0qualsiasi complesso organizzato di Dati Personali, ripartito in una o pi\u00f9 unit\u00e0 dislocate in uno o pi\u00f9 siti di SPINELLI s.r.l. e delle societ\u00e0 controllate e collegate;<\/li>\n<li><strong>Cliente\u200b<\/strong>, la persona fisica, la persona giuridica, la pubblica amministrazione e qualsiasi altro ente, associazione od organismo che abbia sottoscritto un contratto di prestazione di servizi o consulenza con la scrivente societ\u00e0;<\/li>\n<li><strong>Comunicazione<\/strong>\u200b, dare conoscenza dei Dati Personali a uno o pi\u00f9 soggetti determinati diversi dall\u2019Interessato, dal rappresentante del Titolare nel territorio dello Stato, dal Responsabile e dagli Incaricati, in qualunque forma, anche mediante la loro messa a disposizione o consultazione;<\/li>\n<li><strong>Consenso<\/strong>\u200b, qualsiasi manifestazione di volont\u00e0 libera, specifica, informata e inequivocabile dell\u2019interessato, con la quale lo stesso manifesta il proprio assenso, mediante dichiarazione o azione positiva inequivocabile, che i Dati Personali che lo riguardano siano oggetto di Trattamento;<\/li>\n<li><strong>Dato Personale<\/strong>\u200b, qualunque informazione relativa a persona fisica, identificata o identificabile, anche indirettamente, mediante riferimento a qualsiasi altra informazione, ivi compreso un numero di identificazione personale o alias;<\/li>\n<li><strong>Incaricato<\/strong>\u200b, la persona fisica autorizzata a compiere operazioni di Trattamento dal Titolare o dal Responsabile;<\/li>\n<li><strong>Interessato<\/strong>\u200b, la persona fisica, cui si riferiscono i Dati Personali;<\/li>\n<li><strong>Pseudonimizzazione<\/strong>\u200b, il Trattamento dei Dati Personali in modo tale che non possano essere attribuiti a un Interessato specifico senza l\u2019utilizzo di informazioni aggiuntive, a condizione che tali informazioni aggiuntive siano conservate separatamente e soggette a misure tecniche e organizzative volte a garantire che i Dati Personali non siano attribuiti a una persona fisica identificata o identificabile;<\/li>\n<li><strong>Responsabile<\/strong>\u200b, la persona fisica, la persona giuridica, la pubblica amministrazione e qualsiasi altro ente, associazione od organismo preposti dal Titolare al Trattamento di Dati Personali;<\/li>\n<li><strong>Titolare<\/strong>\u200b, la persona fisica, la persona giuridica, la pubblica amministrazione e qualsiasi altro ente, associazione od organismo cui competono, anche unitamente ad altro Titolare, le decisioni in ordine alle finalit\u00e0, alle modalit\u00e0 del Trattamento di Dati Personali e agli strumenti utilizzati, ivi compreso il profilo della sicurezza;<\/li>\n<li><strong>Trattamento<\/strong>\u200b, qualunque operazione o complesso di operazioni, effettuati anche senza l\u2019ausilio di strumenti elettronici, concernenti la raccolta, la registrazione, l\u2019organizzazione, la conservazione, la consultazione, l\u2019elaborazione, la modificazione, la selezione, l\u2019estrazione, il raffronto, l\u2019utilizzo,\u00a0\u00a0\u00a0\u00a0\u00a0\u00a0\u00a0\u00a0 l\u2019interconnessione, il blocco, la comunicazione, la diffusione, la cancellazione e la distruzione di dati, anche se non registrati in una Banca Dati;<\/li>\n<\/ol>\n<p>&nbsp;<\/p>\n<p><strong>Titolare del Trattamento<\/strong><\/p>\n<p>Il Titolare del Trattamento dei Dati \u00e8 <strong>SPINELLI\u00a0s.r.l.<\/strong>\u00a0con sede legale in Via Sante Bargellini n. 4 \u2013 00157 ROMA, CF: 04869021008, salvo quanto previsto nell\u2019apposita informativa rilasciata all\u2019Interessato in riferimento alle prestazioni fornite dal Titolare; Sistemi e Automazione s.r.l. potr\u00e0 nominare uno o pi\u00f9 Responsabili del Trattamento, a norma dell\u2019art. 29 del Codice e dell\u2019art. 28 del GDPR.<\/p>\n<p><strong>Consenso al Trattamento<\/strong><\/p>\n<p>Con la sottoscrizione del Contratto, l\u2019Interessato presta il proprio consenso al Trattamento dei Dati Personali con le modalit\u00e0 e per le finalit\u00e0 descritte nella presente informativa.<\/p>\n<p>Ai sensi dell\u2019art. 7 del GDPR, l\u2019Interessato ha il diritto di revocare il proprio consenso in qualsiasi momento mediante semplice comunicazione scritta all\u2019indirizzo\u00a0<a href=\"mailto:info@sardamatic.it\">info@sardamatic.it<\/a>\u200b. La revoca del consenso non pregiudica la liceit\u00e0 del Trattamento basata sul consenso prima della revoca. In caso di revoca del Consenso, i Dati dell\u2019Interessato verranno cancellati.<\/p>\n<p><strong>Luogo di Trattamento dei dati e loro trasferimento<\/strong><\/p>\n<p>I Trattamenti dei Dati Personali connessi ai servizi forniti hanno luogo presso le sedi di SPINELLI s.r.l. e delle societ\u00e0 collegate e controllate e sono curati solo da personale incaricato del Trattamento.<\/p>\n<p>Il Trattamento e la conservazione dei Dati avvengono su server o comunque supporti ubicati all\u2019interno dell\u2019Unione Europea, anche presso societ\u00e0 terze incaricate e debitamente nominate quali Responsabili del Trattamento. Attualmente, i server sono ubicati in Italia. I Dati non sono trasferiti fuori dall\u2019Unione Europea. Il Titolare si riserva la facolt\u00e0 di modificare l\u2019ubicazione dei server anche fuori dall\u2019Unione Europea, assicurando, in tal caso, che il trasferimento avverr\u00e0 in conformit\u00e0 alle disposizioni di legge applicabili, con le adeguate garanzie previste dall\u2019art. 46 del GDPR.<\/p>\n<p><strong>Tipi di Dati trattati<\/strong><\/p>\n<p>Dati relativi alle anagrafiche, dati relativi a indirizzi email e di contatto, dati bancari, che si acquisiscono nel corso della normale esecuzione contrattuale tra le parti.<\/p>\n<p>In ogni caso, i Dati sono conservati da\u00a0SPINELLI\u00a0s.r.l. per il periodo strettamente necessario e comunque in conformit\u00e0\u0300 alle vigenti disposizioni normative in materia (11 anni).<\/p>\n<p><strong>Dati forniti volontariamente dagli utenti.<\/strong><\/p>\n<p>L\u2019invio volontario, facoltativo ed esplicito di Dati a\u00a0SPINELLI\u00a0s.r.l. da parte dell\u2019Utente (es. in occasione della registrazione nella Banca Dati di Sistemi e Automazione s.r.l. ovvero dell\u2019inserimento dei propri Dati mediante compilazione di appositi moduli, anche al fine di verificare la possibilit\u00e0 di accedere ai servizi dalla stessa forniti, e l\u2019invio di posta elettronica agli indirizzi indicati sul sito web), comporta la successiva acquisizione dell\u2019indirizzo del mittente e dei Dati dallo stesso forniti, per i quali l\u2019Utente rilascia espresso Consenso al loro Trattamento.<\/p>\n<p><strong>Dati raccolti tramite il sito https:\/\/sardamatic.it<\/strong><\/p>\n<p>L\u2019uso del sito \u200b\u200bhttps:\/\/sardamatic.it per la trasmissione di comunicazioni e-mail consente di rilevare l\u2019apertura di un messaggio, da quale indirizzo IP o con quale tipo di browser viene aperta l\u2019email, e altri dettagli tecnici. La raccolta di tali Dati \u00e8 funzionale all\u2019utilizzo del servizio offerto da\u00a0SPINELLI\u00a0s.r.l. e costituisce parte integrante delle funzionalit\u00e0 del sistema di invio dei messaggi.<\/p>\n<p>Con la registrazione nell\u2019Area Clienti del sito \u200b\u200bhttps:\/\/sardamatic.it, l\u2019Utente autorizza\u00a0SPINELLI\u00a0s.r.l. a trattare i Dati Personali quali, a titolo esemplificativo e non esaustivo, il nome, il cognome, il numero di telefono e l\u2019indirizzo e-mail, al solo fine di completare e gestire il processo di creazione, registrazione e fruizione delle funzionalit\u00e0\u0300 dell\u2019Area Clienti. Per l\u2019erogazione dei servizi connessi all\u2019Area Clienti,\u00a0SPINELLI\u00a0s.r.l. potrebbe acquisire altre tipologie di dati quali i dati relativi alla carta di credito. I Dati Personali raccolti potranno essere trattati per le seguenti finalit\u00e0:<\/p>\n<ol>\n<li>svolgimento delle attivit\u00e0 di relazione con il Cliente secondo quanto previsto dal contratto;<\/li>\n<li>gestione dell\u2019amministrazione e adempimento di obblighi di legge (es. contabile, fiscale), o per ottemperare alle richieste dell\u2019Autorit\u00e0 Giudiziaria;<\/li>\n<\/ol>\n<p><strong>Modalit\u00e0, finalit\u00e0 e durata del Trattamento<\/strong><\/p>\n<p>I Dati raccolti da\u00a0SPINELLI s.r.l. sono:<\/p>\n<ol>\n<li>trattati mediante strumenti elettronici automatizzati, informatici e telematici, o mediante elaborazioni manuali con logiche correlate alle finalit\u00e0 per le quali i Dati sono stati raccolti;<\/li>\n<li>trattati in modo lecito, corretto e trasparente nei confronti dell\u2019interessato;<\/li>\n<li>raccolti per finalit\u00e0 determinate, esplicite e legittime, e successivamente trattati in modo che non sia incompatibile con tali finalit\u00e0;<\/li>\n<li>adeguati, pertinenti e limitati a quanto necessario rispetto alle finalit\u00e0 per le quali sono trattati;<\/li>\n<li>esatti e, se necessario, aggiornati;<\/li>\n<li>conservati in modo da consentire l\u2019identificazione dell\u2019Interessato per un di tempo non superiore al conseguimento delle finalit\u00e0 per le quali sono trattati;<\/li>\n<li>trattati in maniera da garantire un\u2019adeguata sicurezza dei dati personali, compresa la protezione, mediante misure tecniche e organizzative adeguate, da trattamenti non autorizzati o illeciti e dalla perdita, dalla distruzione o dal danno accidentali.<\/li>\n<\/ol>\n<p>In particolare:<\/p>\n<p><strong>Dati Personali<\/strong><\/p>\n<p>Il Trattamento dei Dati Personali da parte di\u00a0SPINELLI\u00a0s.r.l. \u00e8 improntato ai principi di correttezza, liceit\u00e0 e trasparenza e persegue le seguenti finalit\u00e0, in conformit\u00e0 con l\u2019art. 6 lett. b del GDPR:<\/p>\n<ol>\n<li>concludere, gestire ed eseguire le richieste di contatto ovvero di fornitura dei servizi inoltrate dall\u2019Interessato;<\/li>\n<li>organizzare, gestire ed eseguire le richieste di contatto e di fornitura dei servizi anche mediante comunicazione a terzi in genere, anche fornitori e\/o collaboratori e\/o societ\u00e0 controllate e\/o collegate ai fini dell\u2019erogazione dei servizi e\/o per la difesa dei diritti e\/o in adempimento agli obblighi previsti dalla legge o dai regolamenti e su richiesta dalle competenti Autorit\u00e0.<\/li>\n<\/ol>\n<p>Specifiche misure di sicurezza sono osservate per prevenire la perdita dei dati, usi illeciti o non corretti e accessi non autorizzati. A norma dell\u2019art. 26 del GDPR, tenendo conto dello stato dell\u2019arte e dei costi di attuazione, nonch\u00e9 della natura, dell\u2019ambito di applicazione, del contesto e delle finalit\u00e0 del Trattamento, come anche dei rischi aventi probabilit\u00e0 e gravit\u00e0 diverse per i diritti e le libert\u00e0 delle persone fisiche costituiti dal Trattamento, sia al momento di determinare i mezzi del Trattamento sia all\u2019atto del trattamento stesso, il Titolare mette in atto misure tecniche e organizzative adeguate, quali la pseudonimizzazione e la cifratura dei dati personali, volte ad attuare in modo efficace i principi di protezione dei dati, quali la minimizzazione, e a integrare nel trattamento le necessarie garanzie al fine di soddisfare i requisiti del GDPR e tutelare i diritti degli interessati.<\/p>\n<p>&nbsp;<\/p>\n<p><strong>Sicurezza delle informazioni<\/strong><\/p>\n<p>Tutte le informazioni raccolte sul sito \u200bhttps:\/\/sardamatic.it vengono memorizzate e mantenute in strutture sicure che limitano l\u2019accesso esclusivamente al personale autorizzato. Il sito \u200bhttps:\/\/sardamatic.it \u00e8 controllato regolarmente per verificare l\u2019eventuale presenza di violazioni della sicurezza, e assicurare che le informazioni raccolte siano al sicuro da chi intende visualizzarle senza autorizzazione.<\/p>\n<p>SPINELLI s.r.l. si attiene alle misure di sicurezza prescritte dalle leggi e dalle normative applicabili e a tutte le misure adeguate secondo i criteri attualmente pi\u00f9\u0300 all\u2019avanguardia, per assicurare e garantire la riservatezza dei Dati Personali degli Utenti, e ridurre al minimo, per quanto possibile, i pericoli costituiti dall\u2019accesso non autorizzato, dalla rimozione, perdita o dal danneggiamento dei Dati Personali degli Utenti.<\/p>\n<p>&nbsp;<\/p>\n<p><strong>Diritti dell\u2019Interessato<\/strong><\/p>\n<p>L\u2019Interessato possiede i diritti enunciati dall\u2019art. 7 del Codice e dal Capo III del GDPR.<\/p>\n<p>In particolare, l\u2019Interessato ha diritto di:<\/p>\n<ol>\n<li>ottenere la conferma dell\u2019esistenza o meno di Dati Personali che lo riguardano, anche se non ancora registrati, e la loro comunicazione in forma intelligibile;<\/li>\n<li>ottenere l\u2019indicazione:\n<ol>\n<li>dell\u2019origine dei Dati Personali;<\/li>\n<li>delle finalit\u00e0 e modalit\u00e0 del Trattamento;<\/li>\n<li>della logica applicata in caso di Trattamento effettuato con l\u2019ausilio di strumenti elettronici;<\/li>\n<li>degli estremi identificativi del Titolare, dei Responsabili e del rappresentante designato; e) dei soggetti o delle categorie di soggetti ai quali i Dati Personali possono essere comunicati o che possono venirne a conoscenza in qualit\u00e0 di rappresentante designato nel territorio dello Stato, di Responsabili o Incaricati<\/li>\n<li>del periodo di conservazione dei dati personali previsto oppure, se non fosse possibile, i criteri utilizzati per determinare tale periodo;<\/li>\n<li>qualora i Dati non siano raccolti presso l\u2019Interessato, di tutte le informazioni disponibili sulla loro origine;<\/li>\n<\/ol>\n<\/li>\n<li>ottenere la rettifica, l\u2019integrazione o la cancellazione (diritto all\u2019oblio) dei Dati Personali o la limitazione del Trattamento dei Dati Personali che lo riguardano;<\/li>\n<li>ottenere la portabilit\u00e0 dei Dati;<\/li>\n<li>opporsi, in tutto o in parte:\n<ol>\n<li>per motivi legittimi al Trattamento dei Dati Personali che lo riguardano, ancorch\u00e9 pertinenti allo scopo della raccolta;<\/li>\n<li>al Trattamento di Dati Personali che lo riguardano a fini di invio di materiale pubblicitario o di vendita diretta o per il compimento di ricerche di mercato o di comunicazione commerciale.<\/li>\n<\/ol>\n<\/li>\n<li>proporre reclamo a un\u2019Autorit\u00e0 di Controllo.<\/li>\n<\/ol>\n<p><strong>Minori<\/strong><\/p>\n<p>Se l\u2019Interessato ha meno di 18 anni, il Trattamento \u00e8 lecito soltanto se e nella misura in cui, il consenso \u00e8 prestato o autorizzato dal titolare della responsabilit\u00e0 genitoriale per il quale devono essere acquisiti i dati identificativi e copia dei documenti di riconoscimento.<\/p>\n<p><strong>Informazioni<\/strong><\/p>\n<p>Le informazioni e le richieste in materia di privacy, anche in relazione ai diritti dell\u2019Interessato, possono essere rivolte a\u00a0SPINELLI s.r.l. tramite posta elettronica all\u2019indirizzo\u00a0<a href=\"mailto:info@sardamatic.it\">info@sardamatic.it<\/a><\/p>\n","protected":false},"excerpt":{"rendered":"<p>Introduzione. Si informa l\u2019Interessato (cliente, utente e\/o visitatore del sito) che il D.lgs. n. 196\/2003 (cd. \u201cCodice in materia di protezione dei Dati Personali\u201d \u2013 di seguito, per brevit\u00e0, il \u201c\u200bCodice\u200b\u201d) e il Regolamento UE n. 2016\/679 (di seguito, per brevit\u00e0, \u201c\u200bGDPR\u200b\u201d) prevedono la tutela del Trattamento dei Dati Personali. In conformit\u00e0\u0300 a quanto previsto [&hellip;]<\/p>\n","protected":false},"author":1,"featured_media":0,"parent":0,"menu_order":0,"comment_status":"closed","ping_status":"closed","template":"","meta":{"site-sidebar-layout":"default","site-content-layout":"","ast-site-content-layout":"","site-content-style":"default","site-sidebar-style":"default","ast-global-header-display":"","ast-banner-title-visibility":"","ast-main-header-display":"","ast-hfb-above-header-display":"","ast-hfb-below-header-display":"","ast-hfb-mobile-header-display":"","site-post-title":"","ast-breadcrumbs-content":"","ast-featured-img":"","footer-sml-layout":"","theme-transparent-header-meta":"","adv-header-id-meta":"","stick-header-meta":"","header-above-stick-meta":"","header-main-stick-meta":"","header-below-stick-meta":"","astra-migrate-meta-layouts":"default","ast-page-background-enabled":"default","ast-page-background-meta":{"desktop":{"background-color":"var(--ast-global-color-4)","background-image":"","background-repeat":"repeat","background-position":"center center","background-size":"auto","background-attachment":"scroll","background-type":"","background-media":"","overlay-type":"","overlay-color":"","overlay-gradient":""},"tablet":{"background-color":"","background-image":"","background-repeat":"repeat","background-position":"center center","background-size":"auto","background-attachment":"scroll","background-type":"","background-media":"","overlay-type":"","overlay-color":"","overlay-gradient":""},"mobile":{"background-color":"","background-image":"","background-repeat":"repeat","background-position":"center center","background-size":"auto","background-attachment":"scroll","background-type":"","background-media":"","overlay-type":"","overlay-color":"","overlay-gradient":""}},"ast-content-background-meta":{"desktop":{"background-color":"var(--ast-global-color-5)","background-image":"","background-repeat":"repeat","background-position":"center center","background-size":"auto","background-attachment":"scroll","background-type":"","background-media":"","overlay-type":"","overlay-color":"","overlay-gradient":""},"tablet":{"background-color":"var(--ast-global-color-5)","background-image":"","background-repeat":"repeat","background-position":"center center","background-size":"auto","background-attachment":"scroll","background-type":"","background-media":"","overlay-type":"","overlay-color":"","overlay-gradient":""},"mobile":{"background-color":"var(--ast-global-color-5)","background-image":"","background-repeat":"repeat","background-position":"center center","background-size":"auto","background-attachment":"scroll","background-type":"","background-media":"","overlay-type":"","overlay-color":"","overlay-gradient":""}},"footnotes":""},"yoast_head":"<!-- This site is optimized with the Yoast SEO plugin v23.2 - https:\/\/yoast.com\/wordpress\/plugins\/seo\/ -->\n<title>Privacy e Cookie - Sardamatic<\/title>\n<meta name=\"robots\" content=\"index, follow, max-snippet:-1, max-image-preview:large, max-video-preview:-1\" \/>\n<link rel=\"canonical\" href=\"https:\/\/sardamatic.it\/it\/privacy-e-cookie\/\" \/>\n<meta property=\"og:locale\" content=\"it_IT\" \/>\n<meta property=\"og:type\" content=\"article\" \/>\n<meta property=\"og:title\" content=\"Privacy e Cookie - Sardamatic\" \/>\n<meta property=\"og:description\" content=\"Introduzione. Si informa l\u2019Interessato (cliente, utente e\/o visitatore del sito) che il D.lgs. n. 196\/2003 (cd. \u201cCodice in materia di protezione dei Dati Personali\u201d \u2013 di seguito, per brevit\u00e0, il \u201c\u200bCodice\u200b\u201d) e il Regolamento UE n. 2016\/679 (di seguito, per brevit\u00e0, \u201c\u200bGDPR\u200b\u201d) prevedono la tutela del Trattamento dei Dati Personali. In conformit\u00e0\u0300 a quanto previsto [&hellip;]\" \/>\n<meta property=\"og:url\" content=\"https:\/\/sardamatic.it\/it\/privacy-e-cookie\/\" \/>\n<meta property=\"og:site_name\" content=\"Sardamatic\" \/>\n<meta property=\"article:modified_time\" content=\"2018-11-15T09:55:00+00:00\" \/>\n<meta name=\"twitter:card\" content=\"summary_large_image\" \/>\n<meta name=\"twitter:label1\" content=\"Tempo di lettura stimato\" \/>\n\t<meta name=\"twitter:data1\" content=\"10 minuti\" \/>\n<script type=\"application\/ld+json\" class=\"yoast-schema-graph\">{\"@context\":\"https:\/\/schema.org\",\"@graph\":[{\"@type\":\"WebPage\",\"@id\":\"https:\/\/sardamatic.it\/it\/privacy-e-cookie\/\",\"url\":\"https:\/\/sardamatic.it\/it\/privacy-e-cookie\/\",\"name\":\"Privacy e Cookie - Sardamatic\",\"isPartOf\":{\"@id\":\"https:\/\/sardamatic.it\/it\/#website\"},\"datePublished\":\"2018-02-28T08:59:36+00:00\",\"dateModified\":\"2018-11-15T09:55:00+00:00\",\"breadcrumb\":{\"@id\":\"https:\/\/sardamatic.it\/it\/privacy-e-cookie\/#breadcrumb\"},\"inLanguage\":\"it-IT\",\"potentialAction\":[{\"@type\":\"ReadAction\",\"target\":[\"https:\/\/sardamatic.it\/it\/privacy-e-cookie\/\"]}]},{\"@type\":\"BreadcrumbList\",\"@id\":\"https:\/\/sardamatic.it\/it\/privacy-e-cookie\/#breadcrumb\",\"itemListElement\":[{\"@type\":\"ListItem\",\"position\":1,\"name\":\"Home\",\"item\":\"https:\/\/sardamatic.it\/\"},{\"@type\":\"ListItem\",\"position\":2,\"name\":\"Privacy e Cookie\"}]},{\"@type\":\"WebSite\",\"@id\":\"https:\/\/sardamatic.it\/it\/#website\",\"url\":\"https:\/\/sardamatic.it\/it\/\",\"name\":\"Sardamatic\",\"description\":\"Solo un altro sito WordPress\",\"publisher\":{\"@id\":\"https:\/\/sardamatic.it\/it\/#organization\"},\"potentialAction\":[{\"@type\":\"SearchAction\",\"target\":{\"@type\":\"EntryPoint\",\"urlTemplate\":\"https:\/\/sardamatic.it\/it\/?s={search_term_string}\"},\"query-input\":\"required name=search_term_string\"}],\"inLanguage\":\"it-IT\"},{\"@type\":\"Organization\",\"@id\":\"https:\/\/sardamatic.it\/it\/#organization\",\"name\":\"Sardamatic\",\"url\":\"https:\/\/sardamatic.it\/it\/\",\"logo\":{\"@type\":\"ImageObject\",\"inLanguage\":\"it-IT\",\"@id\":\"https:\/\/sardamatic.it\/it\/#\/schema\/logo\/image\/\",\"url\":\"https:\/\/sardamatic.it\/wp-content\/uploads\/2017\/11\/logo-1.png\",\"contentUrl\":\"https:\/\/sardamatic.it\/wp-content\/uploads\/2017\/11\/logo-1.png\",\"width\":211,\"height\":70,\"caption\":\"Sardamatic\"},\"image\":{\"@id\":\"https:\/\/sardamatic.it\/it\/#\/schema\/logo\/image\/\"}}]}<\/script>\n<!-- \/ Yoast SEO plugin. -->","yoast_head_json":{"title":"Privacy e Cookie - Sardamatic","robots":{"index":"index","follow":"follow","max-snippet":"max-snippet:-1","max-image-preview":"max-image-preview:large","max-video-preview":"max-video-preview:-1"},"canonical":"https:\/\/sardamatic.it\/it\/privacy-e-cookie\/","og_locale":"it_IT","og_type":"article","og_title":"Privacy e Cookie - Sardamatic","og_description":"Introduzione. Si informa l\u2019Interessato (cliente, utente e\/o visitatore del sito) che il D.lgs. n. 196\/2003 (cd. \u201cCodice in materia di protezione dei Dati Personali\u201d \u2013 di seguito, per brevit\u00e0, il \u201c\u200bCodice\u200b\u201d) e il Regolamento UE n. 2016\/679 (di seguito, per brevit\u00e0, \u201c\u200bGDPR\u200b\u201d) prevedono la tutela del Trattamento dei Dati Personali. In conformit\u00e0\u0300 a quanto previsto [&hellip;]","og_url":"https:\/\/sardamatic.it\/it\/privacy-e-cookie\/","og_site_name":"Sardamatic","article_modified_time":"2018-11-15T09:55:00+00:00","twitter_card":"summary_large_image","twitter_misc":{"Tempo di lettura stimato":"10 minuti"},"schema":{"@context":"https:\/\/schema.org","@graph":[{"@type":"WebPage","@id":"https:\/\/sardamatic.it\/it\/privacy-e-cookie\/","url":"https:\/\/sardamatic.it\/it\/privacy-e-cookie\/","name":"Privacy e Cookie - Sardamatic","isPartOf":{"@id":"https:\/\/sardamatic.it\/it\/#website"},"datePublished":"2018-02-28T08:59:36+00:00","dateModified":"2018-11-15T09:55:00+00:00","breadcrumb":{"@id":"https:\/\/sardamatic.it\/it\/privacy-e-cookie\/#breadcrumb"},"inLanguage":"it-IT","potentialAction":[{"@type":"ReadAction","target":["https:\/\/sardamatic.it\/it\/privacy-e-cookie\/"]}]},{"@type":"BreadcrumbList","@id":"https:\/\/sardamatic.it\/it\/privacy-e-cookie\/#breadcrumb","itemListElement":[{"@type":"ListItem","position":1,"name":"Home","item":"https:\/\/sardamatic.it\/"},{"@type":"ListItem","position":2,"name":"Privacy e Cookie"}]},{"@type":"WebSite","@id":"https:\/\/sardamatic.it\/it\/#website","url":"https:\/\/sardamatic.it\/it\/","name":"Sardamatic","description":"Solo un altro sito WordPress","publisher":{"@id":"https:\/\/sardamatic.it\/it\/#organization"},"potentialAction":[{"@type":"SearchAction","target":{"@type":"EntryPoint","urlTemplate":"https:\/\/sardamatic.it\/it\/?s={search_term_string}"},"query-input":"required name=search_term_string"}],"inLanguage":"it-IT"},{"@type":"Organization","@id":"https:\/\/sardamatic.it\/it\/#organization","name":"Sardamatic","url":"https:\/\/sardamatic.it\/it\/","logo":{"@type":"ImageObject","inLanguage":"it-IT","@id":"https:\/\/sardamatic.it\/it\/#\/schema\/logo\/image\/","url":"https:\/\/sardamatic.it\/wp-content\/uploads\/2017\/11\/logo-1.png","contentUrl":"https:\/\/sardamatic.it\/wp-content\/uploads\/2017\/11\/logo-1.png","width":211,"height":70,"caption":"Sardamatic"},"image":{"@id":"https:\/\/sardamatic.it\/it\/#\/schema\/logo\/image\/"}}]}},"_links":{"self":[{"href":"https:\/\/sardamatic.it\/it\/wp-json\/wp\/v2\/pages\/56833"}],"collection":[{"href":"https:\/\/sardamatic.it\/it\/wp-json\/wp\/v2\/pages"}],"about":[{"href":"https:\/\/sardamatic.it\/it\/wp-json\/wp\/v2\/types\/page"}],"author":[{"embeddable":true,"href":"https:\/\/sardamatic.it\/it\/wp-json\/wp\/v2\/users\/1"}],"replies":[{"embeddable":true,"href":"https:\/\/sardamatic.it\/it\/wp-json\/wp\/v2\/comments?post=56833"}],"version-history":[{"count":4,"href":"https:\/\/sardamatic.it\/it\/wp-json\/wp\/v2\/pages\/56833\/revisions"}],"predecessor-version":[{"id":57669,"href":"https:\/\/sardamatic.it\/it\/wp-json\/wp\/v2\/pages\/56833\/revisions\/57669"}],"wp:attachment":[{"href":"https:\/\/sardamatic.it\/it\/wp-json\/wp\/v2\/media?parent=56833"}],"curies":[{"name":"wp","href":"https:\/\/api.w.org\/{rel}","templated":true}]}}