{"id":57146,"date":"2018-11-16T09:11:27","date_gmt":"2018-11-16T09:11:27","guid":{"rendered":"https:\/\/sardamatic.it\/?page_id=57146"},"modified":"2020-02-12T10:20:32","modified_gmt":"2020-02-12T10:20:32","slug":"57146-2","status":"publish","type":"page","link":"https:\/\/sardamatic.it\/it\/traina\/57146-2\/","title":{"rendered":"Salpa cime"},"content":{"rendered":"<p>[vc_row][vc_column width=&#8221;1\/2&#8243;][vc_single_image image=&#8221;57758&#8243; img_size=&#8221;medium&#8221; alignment=&#8221;center&#8221; css_animation=&#8221;fadeInUpBig&#8221; title=&#8221;Salpa Cime&#8221;][\/vc_column][vc_column width=&#8221;1\/2&#8243;][vc_column_text]Utilissimo per la pesca in profondit\u00e0,\u00a0 recupera la cima dell&#8217;ancora,riponendola in un contenitore precedentemente predisposto dopo che la cima stessa \u00e8 stata fatta aggallare. Il consumo medio \u00e8 di circa 15 A. Pu\u00f2 ritirare cime da un diametro minimo di 3 mm.<\/p>\n<p>Cod. 502[\/vc_column_text][\/vc_column][\/vc_row]<\/p>","protected":false},"excerpt":{"rendered":"<p>[vc_row][vc_column width=&#8221;1\/2&#8243;][vc_single_image image=&#8221;57758&#8243; img_size=&#8221;medium&#8221; alignment=&#8221;center&#8221; css_animation=&#8221;fadeInUpBig&#8221; title=&#8221;Salpa Cime&#8221;][\/vc_column][vc_column width=&#8221;1\/2&#8243;][vc_column_text]Utilissimo per la pesca in profondit\u00e0,\u00a0 recupera la cima dell&#8217;ancora,riponendola in un contenitore precedentemente predisposto dopo che la cima stessa \u00e8 stata fatta aggallare. Il consumo medio \u00e8 di circa 15 A. Pu\u00f2 ritirare cime da un diametro minimo di 3 mm. Cod. 502[\/vc_column_text][\/vc_column][\/vc_row]<\/p>\n","protected":false},"author":3,"featured_media":0,"parent":56729,"menu_order":0,"comment_status":"closed","ping_status":"closed","template":"","meta":{"site-sidebar-layout":"no-sidebar","site-content-layout":"plain-container","ast-site-content-layout":"","site-content-style":"default","site-sidebar-style":"default","ast-global-header-display":"","ast-banner-title-visibility":"","ast-main-header-display":"","ast-hfb-above-header-display":"","ast-hfb-below-header-display":"","ast-hfb-mobile-header-display":"","site-post-title":"disabled","ast-breadcrumbs-content":"","ast-featured-img":"disabled","footer-sml-layout":"","theme-transparent-header-meta":"","adv-header-id-meta":"","stick-header-meta":"","header-above-stick-meta":"","header-main-stick-meta":"","header-below-stick-meta":"","astra-migrate-meta-layouts":"default","ast-page-background-enabled":"default","ast-page-background-meta":{"desktop":{"background-color":"var(--ast-global-color-4)","background-image":"","background-repeat":"repeat","background-position":"center center","background-size":"auto","background-attachment":"scroll","background-type":"","background-media":"","overlay-type":"","overlay-color":"","overlay-gradient":""},"tablet":{"background-color":"","background-image":"","background-repeat":"repeat","background-position":"center center","background-size":"auto","background-attachment":"scroll","background-type":"","background-media":"","overlay-type":"","overlay-color":"","overlay-gradient":""},"mobile":{"background-color":"","background-image":"","background-repeat":"repeat","background-position":"center center","background-size":"auto","background-attachment":"scroll","background-type":"","background-media":"","overlay-type":"","overlay-color":"","overlay-gradient":""}},"ast-content-background-meta":{"desktop":{"background-color":"var(--ast-global-color-5)","background-image":"","background-repeat":"repeat","background-position":"center center","background-size":"auto","background-attachment":"scroll","background-type":"","background-media":"","overlay-type":"","overlay-color":"","overlay-gradient":""},"tablet":{"background-color":"var(--ast-global-color-5)","background-image":"","background-repeat":"repeat","background-position":"center center","background-size":"auto","background-attachment":"scroll","background-type":"","background-media":"","overlay-type":"","overlay-color":"","overlay-gradient":""},"mobile":{"background-color":"var(--ast-global-color-5)","background-image":"","background-repeat":"repeat","background-position":"center center","background-size":"auto","background-attachment":"scroll","background-type":"","background-media":"","overlay-type":"","overlay-color":"","overlay-gradient":""}},"footnotes":""},"yoast_head":"<!-- This site is optimized with the Yoast SEO plugin v23.2 - https:\/\/yoast.com\/wordpress\/plugins\/seo\/ -->\n<title>Salpa cime - Sardamatic<\/title>\n<meta name=\"robots\" content=\"index, follow, max-snippet:-1, max-image-preview:large, max-video-preview:-1\" \/>\n<link rel=\"canonical\" href=\"https:\/\/sardamatic.it\/traina\/57146-2\/\" \/>\n<meta property=\"og:locale\" content=\"it_IT\" \/>\n<meta property=\"og:type\" content=\"article\" \/>\n<meta property=\"og:title\" content=\"[:it]Salpa cime[:en]Rope winch[:] - Sardamatic\" \/>\n<meta property=\"og:description\" content=\"[vc_row][vc_column width=&#8221;1\/2&#8243;][vc_single_image image=&#8221;57758&#8243; img_size=&#8221;medium&#8221; alignment=&#8221;center&#8221; css_animation=&#8221;fadeInUpBig&#8221; title=&#8221;Salpa Cime&#8221;][\/vc_column][vc_column width=&#8221;1\/2&#8243;][vc_column_text]Utilissimo per la pesca in profondit\u00e0,\u00a0 recupera la cima dell&#8217;ancora,riponendola in un contenitore precedentemente predisposto dopo che la cima stessa \u00e8 stata fatta aggallare. Il consumo medio \u00e8 di circa 15 A. Pu\u00f2 ritirare cime da un diametro minimo di 3 mm. Cod. 502[\/vc_column_text][\/vc_column][\/vc_row]\" \/>\n<meta property=\"og:url\" content=\"https:\/\/sardamatic.it\/traina\/57146-2\/\" \/>\n<meta property=\"og:site_name\" content=\"Sardamatic\" \/>\n<meta property=\"article:modified_time\" content=\"2020-02-12T10:20:32+00:00\" \/>\n<meta name=\"twitter:card\" content=\"summary_large_image\" \/>\n<meta name=\"twitter:label1\" content=\"Tempo di lettura stimato\" \/>\n\t<meta name=\"twitter:data1\" content=\"1 minuto\" \/>\n<script type=\"application\/ld+json\" class=\"yoast-schema-graph\">{\"@context\":\"https:\/\/schema.org\",\"@graph\":[{\"@type\":\"WebPage\",\"@id\":\"https:\/\/sardamatic.it\/traina\/57146-2\/\",\"url\":\"https:\/\/sardamatic.it\/traina\/57146-2\/\",\"name\":\"[:it]Salpa cime[:en]Rope winch[:] - Sardamatic\",\"isPartOf\":{\"@id\":\"https:\/\/sardamatic.it\/it\/#website\"},\"datePublished\":\"2018-11-16T09:11:27+00:00\",\"dateModified\":\"2020-02-12T10:20:32+00:00\",\"breadcrumb\":{\"@id\":\"https:\/\/sardamatic.it\/traina\/57146-2\/#breadcrumb\"},\"inLanguage\":\"it-IT\",\"potentialAction\":[{\"@type\":\"ReadAction\",\"target\":[\"https:\/\/sardamatic.it\/traina\/57146-2\/\"]}]},{\"@type\":\"BreadcrumbList\",\"@id\":\"https:\/\/sardamatic.it\/traina\/57146-2\/#breadcrumb\",\"itemListElement\":[{\"@type\":\"ListItem\",\"position\":1,\"name\":\"Home\",\"item\":\"https:\/\/sardamatic.it\/\"},{\"@type\":\"ListItem\",\"position\":2,\"name\":\"Traina\",\"item\":\"https:\/\/sardamatic.it\/traina\/\"},{\"@type\":\"ListItem\",\"position\":3,\"name\":\"Salpa cime\"}]},{\"@type\":\"WebSite\",\"@id\":\"https:\/\/sardamatic.it\/it\/#website\",\"url\":\"https:\/\/sardamatic.it\/it\/\",\"name\":\"Sardamatic\",\"description\":\"Solo un altro sito WordPress\",\"publisher\":{\"@id\":\"https:\/\/sardamatic.it\/it\/#organization\"},\"potentialAction\":[{\"@type\":\"SearchAction\",\"target\":{\"@type\":\"EntryPoint\",\"urlTemplate\":\"https:\/\/sardamatic.it\/it\/?s={search_term_string}\"},\"query-input\":\"required name=search_term_string\"}],\"inLanguage\":\"it-IT\"},{\"@type\":\"Organization\",\"@id\":\"https:\/\/sardamatic.it\/it\/#organization\",\"name\":\"Sardamatic\",\"url\":\"https:\/\/sardamatic.it\/it\/\",\"logo\":{\"@type\":\"ImageObject\",\"inLanguage\":\"it-IT\",\"@id\":\"https:\/\/sardamatic.it\/it\/#\/schema\/logo\/image\/\",\"url\":\"https:\/\/sardamatic.it\/wp-content\/uploads\/2017\/11\/logo-1.png\",\"contentUrl\":\"https:\/\/sardamatic.it\/wp-content\/uploads\/2017\/11\/logo-1.png\",\"width\":211,\"height\":70,\"caption\":\"Sardamatic\"},\"image\":{\"@id\":\"https:\/\/sardamatic.it\/it\/#\/schema\/logo\/image\/\"}}]}<\/script>\n<!-- \/ Yoast SEO plugin. -->","yoast_head_json":{"title":"[:it]Salpa cime[:en]Rope winch[:] - Sardamatic","robots":{"index":"index","follow":"follow","max-snippet":"max-snippet:-1","max-image-preview":"max-image-preview:large","max-video-preview":"max-video-preview:-1"},"canonical":"https:\/\/sardamatic.it\/traina\/57146-2\/","og_locale":"it_IT","og_type":"article","og_title":"[:it]Salpa cime[:en]Rope winch[:] - Sardamatic","og_description":"[vc_row][vc_column width=&#8221;1\/2&#8243;][vc_single_image image=&#8221;57758&#8243; img_size=&#8221;medium&#8221; alignment=&#8221;center&#8221; css_animation=&#8221;fadeInUpBig&#8221; title=&#8221;Salpa Cime&#8221;][\/vc_column][vc_column width=&#8221;1\/2&#8243;][vc_column_text]Utilissimo per la pesca in profondit\u00e0,\u00a0 recupera la cima dell&#8217;ancora,riponendola in un contenitore precedentemente predisposto dopo che la cima stessa \u00e8 stata fatta aggallare. Il consumo medio \u00e8 di circa 15 A. Pu\u00f2 ritirare cime da un diametro minimo di 3 mm. Cod. 502[\/vc_column_text][\/vc_column][\/vc_row]","og_url":"https:\/\/sardamatic.it\/traina\/57146-2\/","og_site_name":"Sardamatic","article_modified_time":"2020-02-12T10:20:32+00:00","twitter_card":"summary_large_image","twitter_misc":{"Tempo di lettura stimato":"1 minuto"},"schema":{"@context":"https:\/\/schema.org","@graph":[{"@type":"WebPage","@id":"https:\/\/sardamatic.it\/traina\/57146-2\/","url":"https:\/\/sardamatic.it\/traina\/57146-2\/","name":"[:it]Salpa cime[:en]Rope winch[:] - Sardamatic","isPartOf":{"@id":"https:\/\/sardamatic.it\/it\/#website"},"datePublished":"2018-11-16T09:11:27+00:00","dateModified":"2020-02-12T10:20:32+00:00","breadcrumb":{"@id":"https:\/\/sardamatic.it\/traina\/57146-2\/#breadcrumb"},"inLanguage":"it-IT","potentialAction":[{"@type":"ReadAction","target":["https:\/\/sardamatic.it\/traina\/57146-2\/"]}]},{"@type":"BreadcrumbList","@id":"https:\/\/sardamatic.it\/traina\/57146-2\/#breadcrumb","itemListElement":[{"@type":"ListItem","position":1,"name":"Home","item":"https:\/\/sardamatic.it\/"},{"@type":"ListItem","position":2,"name":"Traina","item":"https:\/\/sardamatic.it\/traina\/"},{"@type":"ListItem","position":3,"name":"Salpa cime"}]},{"@type":"WebSite","@id":"https:\/\/sardamatic.it\/it\/#website","url":"https:\/\/sardamatic.it\/it\/","name":"Sardamatic","description":"Solo un altro sito WordPress","publisher":{"@id":"https:\/\/sardamatic.it\/it\/#organization"},"potentialAction":[{"@type":"SearchAction","target":{"@type":"EntryPoint","urlTemplate":"https:\/\/sardamatic.it\/it\/?s={search_term_string}"},"query-input":"required name=search_term_string"}],"inLanguage":"it-IT"},{"@type":"Organization","@id":"https:\/\/sardamatic.it\/it\/#organization","name":"Sardamatic","url":"https:\/\/sardamatic.it\/it\/","logo":{"@type":"ImageObject","inLanguage":"it-IT","@id":"https:\/\/sardamatic.it\/it\/#\/schema\/logo\/image\/","url":"https:\/\/sardamatic.it\/wp-content\/uploads\/2017\/11\/logo-1.png","contentUrl":"https:\/\/sardamatic.it\/wp-content\/uploads\/2017\/11\/logo-1.png","width":211,"height":70,"caption":"Sardamatic"},"image":{"@id":"https:\/\/sardamatic.it\/it\/#\/schema\/logo\/image\/"}}]}},"_links":{"self":[{"href":"https:\/\/sardamatic.it\/it\/wp-json\/wp\/v2\/pages\/57146"}],"collection":[{"href":"https:\/\/sardamatic.it\/it\/wp-json\/wp\/v2\/pages"}],"about":[{"href":"https:\/\/sardamatic.it\/it\/wp-json\/wp\/v2\/types\/page"}],"author":[{"embeddable":true,"href":"https:\/\/sardamatic.it\/it\/wp-json\/wp\/v2\/users\/3"}],"replies":[{"embeddable":true,"href":"https:\/\/sardamatic.it\/it\/wp-json\/wp\/v2\/comments?post=57146"}],"version-history":[{"count":9,"href":"https:\/\/sardamatic.it\/it\/wp-json\/wp\/v2\/pages\/57146\/revisions"}],"predecessor-version":[{"id":57790,"href":"https:\/\/sardamatic.it\/it\/wp-json\/wp\/v2\/pages\/57146\/revisions\/57790"}],"up":[{"embeddable":true,"href":"https:\/\/sardamatic.it\/it\/wp-json\/wp\/v2\/pages\/56729"}],"wp:attachment":[{"href":"https:\/\/sardamatic.it\/it\/wp-json\/wp\/v2\/media?parent=57146"}],"curies":[{"name":"wp","href":"https:\/\/api.w.org\/{rel}","templated":true}]}}