{"id":57651,"date":"2019-12-05T16:08:22","date_gmt":"2019-12-05T16:08:22","guid":{"rendered":"https:\/\/sardamatic.it\/?page_id=57651"},"modified":"2026-02-12T11:49:26","modified_gmt":"2026-02-12T10:49:26","slug":"accessori-per-pasturatori","status":"publish","type":"page","link":"https:\/\/sardamatic.it\/it\/pasturatori\/accessori-per-pasturatori\/","title":{"rendered":"Accessori per Pasturatori"},"content":{"rendered":"<p>[vc_row][vc_column width=&#8221;1\/2&#8243;][vc_single_image image=&#8221;56850&#8243; img_size=&#8221;large&#8221; alignment=&#8221;center&#8221; css_animation=&#8221;fadeInDown&#8221; title=&#8221;Supporto per portacanne&#8221;][\/vc_column][vc_column width=&#8221;1\/2&#8243; el_class=&#8221;dmiddle&#8221;][vc_column_text]Completamente in acciaio inox a sei fori per varie posizioni, filettatura centrale 10 mm<\/p>\n<p>Cod. 306[\/vc_column_text][\/vc_column][\/vc_row][vc_row][vc_column][vc_separator][\/vc_column][\/vc_row][vc_row][vc_column width=&#8221;1\/2&#8243;][vc_gallery interval=&#8221;3&#8243; images=&#8221;57738,57737,57736&#8243; img_size=&#8221;large&#8221; title=&#8221;Wake Blood&#8221;][\/vc_column][vc_column width=&#8221;1\/2&#8243;][vc_column_text]WAKE BLOOD \u00e8 una pompa elettrica ad immersione, multifunzione applicabile ad un Tritasarde, un Gettasarde o addirittura ad una vasca per il vivo. E&#8217; munita du un proprio temporizzatore fisso su 15 secondi per il moto ed 1 minuto di pausa. Escludendo il temporizzatore, pu\u00f2 erogare acqua in continuo, quindi alimentare il riciclo di una vasca per il vivo, sciacquare la barca ecc. Applicata ad un pasturatore elettrico, pompa acqua nel contenitore facendo cadere fuoribordo un &#8220;lavaggio&#8221; composto da sangue e piccolissimi frammenti di sarda, creando in mare una &#8220;foschia&#8221; molto odorosa che rende anche pi\u00f9 invisibile e confuso il terminale.<\/p>\n<p>WAKE BLOOD viene fornita completa di raccordi per una facilissima applicazione e di attacco rapido per un facilissimo aggancio e sgancio dal dispositivo sul quale ` stata montata. I consumi di corrente sono molto bassi, specialmente in temporizzato, dove assorbe circa 0,5 A\/h.<\/p>\n<p>WAKE BLOOD si pu\u00f2 richiedere con la pompa COMET montata di serie oppure con pompa WHALE munita anche di un piccolo filtro in aspirazione, ad un costo leggermente superiore.<\/p>\n<p>&nbsp;<\/p>\n<p style=\"font-weight: 400\">La\u00a0<strong>pompa Comet<\/strong>\u00a0\u00e8 la versione Standard del sistema Wake Blood Sardamatic.<\/p>\n<ul style=\"font-weight: 400\">\n<li>Buona affidabilit\u00e0<\/li>\n<li>Prestazioni leggermente inferiori<\/li>\n<li>Portata d\u2019acqua sensibilmente inferiore<\/li>\n<li>Soluzione equilibrata per utilizzo standard<\/li>\n<\/ul>\n<p style=\"font-weight: 400\">Rappresenta una scelta solida e affidabile per chi cerca un buon rapporto tra prestazioni e prezzo.<\/p>\n<p>&nbsp;<\/p>\n<p style=\"font-weight: 400\">La\u00a0<strong>pompa Whale<\/strong>\u00a0rappresenta la versione Premium del sistema Wake Blood Sardamatic.<\/p>\n<ul style=\"font-weight: 400\">\n<li>Maggiore affidabilit\u00e0 complessiva<\/li>\n<li>Prestazioni superiori<\/li>\n<li>Maggiore resistenza alle ossidazioni<\/li>\n<li>Pi\u00f9 resistente nel tempo in ambiente marino<\/li>\n<li>Portata superiore<\/li>\n<\/ul>\n<p style=\"font-weight: 400\">La Whale garantisce una spinta d\u2019acqua maggiore e una continuit\u00e0 di flusso.<br \/>\n\u00c8 la scelta ideale per chi utilizza il sistema in modo intenso e desidera il massimo in termini di performance e durata.<\/p>\n<p>&nbsp;<\/p>\n<p>cod. 313-COM Pompa Comet<\/p>\n<p>cod. 314-WA Pompa Whale[\/vc_column_text][\/vc_column][\/vc_row][vc_row][vc_column][vc_separator][\/vc_column][\/vc_row][vc_row][vc_column width=&#8221;1\/2&#8243;][vc_single_image image=&#8221;57750&#8243; img_size=&#8221;medium&#8221; alignment=&#8221;center&#8221; css_animation=&#8221;fadeInUpBig&#8221; title=&#8221;Multipresa&#8221;][\/vc_column][vc_column width=&#8221;1\/2&#8243;][vc_column_text]<\/p>\n<p class=\"tc19\">Multipresa con 4 utilizzi per bassa tensione 12V e 24V.Questo attrezzo consente di utilizzare contemporaneamente 4 apparecchi elettrici, pur disponendo di una sola presa a bordo.<br \/>\nLa multipresa \u00e8 munita di un cavo con sezione 4 mmq adatto al passaggio di sostenuta intensit\u00e0 di corrente. All&#8217;estremit\u00e0 del cavo potrete applicare una spina compatibile con la vostra presa elettrica di bordo. Sul pannello sono montate 4 prese del tipo rina, ognuna corrispondente ad un proprio portafusibile a salvaguardia di ogni apparecchio utilizzato e della multipresa stessa.<br \/>\nOgni presa \u00e8 munita inoltre di un cappuccio in plastica a protezione dagli schizzi di acqua in caso di non utilizzo.<br \/>\nLa multipresa \u00e8 fornita completa di 4 spine compatibili munite di ghiera di serraggio a guarnizione a tenuta stagna.<\/p>\n<p>Cod. 315[\/vc_column_text][\/vc_column][\/vc_row]<\/p>","protected":false},"excerpt":{"rendered":"<p>[vc_row][vc_column width=&#8221;1\/2&#8243;][vc_single_image image=&#8221;56850&#8243; img_size=&#8221;large&#8221; alignment=&#8221;center&#8221; css_animation=&#8221;fadeInDown&#8221; title=&#8221;Supporto per portacanne&#8221;][\/vc_column][vc_column width=&#8221;1\/2&#8243; el_class=&#8221;dmiddle&#8221;][vc_column_text]Completamente in acciaio inox a sei fori per varie posizioni, filettatura centrale 10 mm Cod. 306[\/vc_column_text][\/vc_column][\/vc_row][vc_row][vc_column][vc_separator][\/vc_column][\/vc_row][vc_row][vc_column width=&#8221;1\/2&#8243;][vc_gallery interval=&#8221;3&#8243; images=&#8221;57738,57737,57736&#8243; img_size=&#8221;large&#8221; title=&#8221;Wake Blood&#8221;][\/vc_column][vc_column width=&#8221;1\/2&#8243;][vc_column_text]WAKE BLOOD \u00e8 una pompa elettrica ad immersione, multifunzione applicabile ad un Tritasarde, un Gettasarde o addirittura ad una vasca per il vivo. [&hellip;]<\/p>\n","protected":false},"author":3,"featured_media":0,"parent":56727,"menu_order":0,"comment_status":"closed","ping_status":"closed","template":"","meta":{"site-sidebar-layout":"no-sidebar","site-content-layout":"plain-container","ast-site-content-layout":"normal-width-container","site-content-style":"unboxed","site-sidebar-style":"unboxed","ast-global-header-display":"","ast-banner-title-visibility":"","ast-main-header-display":"","ast-hfb-above-header-display":"","ast-hfb-below-header-display":"","ast-hfb-mobile-header-display":"","site-post-title":"disabled","ast-breadcrumbs-content":"","ast-featured-img":"disabled","footer-sml-layout":"","theme-transparent-header-meta":"default","adv-header-id-meta":"","stick-header-meta":"","header-above-stick-meta":"","header-main-stick-meta":"","header-below-stick-meta":"","astra-migrate-meta-layouts":"set","ast-page-background-enabled":"default","ast-page-background-meta":{"desktop":{"background-color":"var(--ast-global-color-4)","background-image":"","background-repeat":"repeat","background-position":"center center","background-size":"auto","background-attachment":"scroll","background-type":"","background-media":"","overlay-type":"","overlay-color":"","overlay-gradient":""},"tablet":{"background-color":"","background-image":"","background-repeat":"repeat","background-position":"center center","background-size":"auto","background-attachment":"scroll","background-type":"","background-media":"","overlay-type":"","overlay-color":"","overlay-gradient":""},"mobile":{"background-color":"","background-image":"","background-repeat":"repeat","background-position":"center center","background-size":"auto","background-attachment":"scroll","background-type":"","background-media":"","overlay-type":"","overlay-color":"","overlay-gradient":""}},"ast-content-background-meta":{"desktop":{"background-color":"var(--ast-global-color-5)","background-image":"","background-repeat":"repeat","background-position":"center center","background-size":"auto","background-attachment":"scroll","background-type":"","background-media":"","overlay-type":"","overlay-color":"","overlay-gradient":""},"tablet":{"background-color":"var(--ast-global-color-5)","background-image":"","background-repeat":"repeat","background-position":"center center","background-size":"auto","background-attachment":"scroll","background-type":"","background-media":"","overlay-type":"","overlay-color":"","overlay-gradient":""},"mobile":{"background-color":"var(--ast-global-color-5)","background-image":"","background-repeat":"repeat","background-position":"center center","background-size":"auto","background-attachment":"scroll","background-type":"","background-media":"","overlay-type":"","overlay-color":"","overlay-gradient":""}},"footnotes":""},"yoast_head":"<!-- This site is optimized with the Yoast SEO plugin v23.2 - https:\/\/yoast.com\/wordpress\/plugins\/seo\/ -->\n<title>Accessori per Pasturatori - Sardamatic<\/title>\n<meta name=\"robots\" content=\"index, follow, max-snippet:-1, max-image-preview:large, max-video-preview:-1\" \/>\n<link rel=\"canonical\" href=\"https:\/\/sardamatic.it\/pasturatori\/accessori-per-pasturatori\/\" \/>\n<meta property=\"og:locale\" content=\"it_IT\" \/>\n<meta property=\"og:type\" content=\"article\" \/>\n<meta property=\"og:title\" content=\"[:it]Accessori per Pasturatori[:en]Accessories for Automatic Feeders[:] - Sardamatic\" \/>\n<meta property=\"og:description\" content=\"[vc_row][vc_column width=&#8221;1\/2&#8243;][vc_single_image image=&#8221;56850&#8243; img_size=&#8221;large&#8221; alignment=&#8221;center&#8221; css_animation=&#8221;fadeInDown&#8221; title=&#8221;Supporto per portacanne&#8221;][\/vc_column][vc_column width=&#8221;1\/2&#8243; el_class=&#8221;dmiddle&#8221;][vc_column_text]Completamente in acciaio inox a sei fori per varie posizioni, filettatura centrale 10 mm Cod. 306[\/vc_column_text][\/vc_column][\/vc_row][vc_row][vc_column][vc_separator][\/vc_column][\/vc_row][vc_row][vc_column width=&#8221;1\/2&#8243;][vc_gallery interval=&#8221;3&#8243; images=&#8221;57738,57737,57736&#8243; img_size=&#8221;large&#8221; title=&#8221;Wake Blood&#8221;][\/vc_column][vc_column width=&#8221;1\/2&#8243;][vc_column_text]WAKE BLOOD \u00e8 una pompa elettrica ad immersione, multifunzione applicabile ad un Tritasarde, un Gettasarde o addirittura ad una vasca per il vivo. [&hellip;]\" \/>\n<meta property=\"og:url\" content=\"https:\/\/sardamatic.it\/pasturatori\/accessori-per-pasturatori\/\" \/>\n<meta property=\"og:site_name\" content=\"Sardamatic\" \/>\n<meta property=\"article:modified_time\" content=\"2026-02-12T10:49:26+00:00\" \/>\n<meta name=\"twitter:card\" content=\"summary_large_image\" \/>\n<meta name=\"twitter:label1\" content=\"Tempo di lettura stimato\" \/>\n\t<meta name=\"twitter:data1\" content=\"4 minuti\" \/>\n<script type=\"application\/ld+json\" class=\"yoast-schema-graph\">{\"@context\":\"https:\/\/schema.org\",\"@graph\":[{\"@type\":\"WebPage\",\"@id\":\"https:\/\/sardamatic.it\/pasturatori\/accessori-per-pasturatori\/\",\"url\":\"https:\/\/sardamatic.it\/pasturatori\/accessori-per-pasturatori\/\",\"name\":\"[:it]Accessori per Pasturatori[:en]Accessories for Automatic Feeders[:] - Sardamatic\",\"isPartOf\":{\"@id\":\"https:\/\/sardamatic.it\/it\/#website\"},\"datePublished\":\"2019-12-05T16:08:22+00:00\",\"dateModified\":\"2026-02-12T10:49:26+00:00\",\"breadcrumb\":{\"@id\":\"https:\/\/sardamatic.it\/pasturatori\/accessori-per-pasturatori\/#breadcrumb\"},\"inLanguage\":\"it-IT\",\"potentialAction\":[{\"@type\":\"ReadAction\",\"target\":[\"https:\/\/sardamatic.it\/pasturatori\/accessori-per-pasturatori\/\"]}]},{\"@type\":\"BreadcrumbList\",\"@id\":\"https:\/\/sardamatic.it\/pasturatori\/accessori-per-pasturatori\/#breadcrumb\",\"itemListElement\":[{\"@type\":\"ListItem\",\"position\":1,\"name\":\"Home\",\"item\":\"https:\/\/sardamatic.it\/\"},{\"@type\":\"ListItem\",\"position\":2,\"name\":\"Pasturatori\",\"item\":\"https:\/\/sardamatic.it\/pasturatori\/\"},{\"@type\":\"ListItem\",\"position\":3,\"name\":\"Accessori per Pasturatori\"}]},{\"@type\":\"WebSite\",\"@id\":\"https:\/\/sardamatic.it\/it\/#website\",\"url\":\"https:\/\/sardamatic.it\/it\/\",\"name\":\"Sardamatic\",\"description\":\"Solo un altro sito WordPress\",\"publisher\":{\"@id\":\"https:\/\/sardamatic.it\/it\/#organization\"},\"potentialAction\":[{\"@type\":\"SearchAction\",\"target\":{\"@type\":\"EntryPoint\",\"urlTemplate\":\"https:\/\/sardamatic.it\/it\/?s={search_term_string}\"},\"query-input\":\"required name=search_term_string\"}],\"inLanguage\":\"it-IT\"},{\"@type\":\"Organization\",\"@id\":\"https:\/\/sardamatic.it\/it\/#organization\",\"name\":\"Sardamatic\",\"url\":\"https:\/\/sardamatic.it\/it\/\",\"logo\":{\"@type\":\"ImageObject\",\"inLanguage\":\"it-IT\",\"@id\":\"https:\/\/sardamatic.it\/it\/#\/schema\/logo\/image\/\",\"url\":\"https:\/\/sardamatic.it\/wp-content\/uploads\/2017\/11\/logo-1.png\",\"contentUrl\":\"https:\/\/sardamatic.it\/wp-content\/uploads\/2017\/11\/logo-1.png\",\"width\":211,\"height\":70,\"caption\":\"Sardamatic\"},\"image\":{\"@id\":\"https:\/\/sardamatic.it\/it\/#\/schema\/logo\/image\/\"}}]}<\/script>\n<!-- \/ Yoast SEO plugin. -->","yoast_head_json":{"title":"[:it]Accessori per Pasturatori[:en]Accessories for Automatic Feeders[:] - Sardamatic","robots":{"index":"index","follow":"follow","max-snippet":"max-snippet:-1","max-image-preview":"max-image-preview:large","max-video-preview":"max-video-preview:-1"},"canonical":"https:\/\/sardamatic.it\/pasturatori\/accessori-per-pasturatori\/","og_locale":"it_IT","og_type":"article","og_title":"[:it]Accessori per Pasturatori[:en]Accessories for Automatic Feeders[:] - Sardamatic","og_description":"[vc_row][vc_column width=&#8221;1\/2&#8243;][vc_single_image image=&#8221;56850&#8243; img_size=&#8221;large&#8221; alignment=&#8221;center&#8221; css_animation=&#8221;fadeInDown&#8221; title=&#8221;Supporto per portacanne&#8221;][\/vc_column][vc_column width=&#8221;1\/2&#8243; el_class=&#8221;dmiddle&#8221;][vc_column_text]Completamente in acciaio inox a sei fori per varie posizioni, filettatura centrale 10 mm Cod. 306[\/vc_column_text][\/vc_column][\/vc_row][vc_row][vc_column][vc_separator][\/vc_column][\/vc_row][vc_row][vc_column width=&#8221;1\/2&#8243;][vc_gallery interval=&#8221;3&#8243; images=&#8221;57738,57737,57736&#8243; img_size=&#8221;large&#8221; title=&#8221;Wake Blood&#8221;][\/vc_column][vc_column width=&#8221;1\/2&#8243;][vc_column_text]WAKE BLOOD \u00e8 una pompa elettrica ad immersione, multifunzione applicabile ad un Tritasarde, un Gettasarde o addirittura ad una vasca per il vivo. [&hellip;]","og_url":"https:\/\/sardamatic.it\/pasturatori\/accessori-per-pasturatori\/","og_site_name":"Sardamatic","article_modified_time":"2026-02-12T10:49:26+00:00","twitter_card":"summary_large_image","twitter_misc":{"Tempo di lettura stimato":"4 minuti"},"schema":{"@context":"https:\/\/schema.org","@graph":[{"@type":"WebPage","@id":"https:\/\/sardamatic.it\/pasturatori\/accessori-per-pasturatori\/","url":"https:\/\/sardamatic.it\/pasturatori\/accessori-per-pasturatori\/","name":"[:it]Accessori per Pasturatori[:en]Accessories for Automatic Feeders[:] - Sardamatic","isPartOf":{"@id":"https:\/\/sardamatic.it\/it\/#website"},"datePublished":"2019-12-05T16:08:22+00:00","dateModified":"2026-02-12T10:49:26+00:00","breadcrumb":{"@id":"https:\/\/sardamatic.it\/pasturatori\/accessori-per-pasturatori\/#breadcrumb"},"inLanguage":"it-IT","potentialAction":[{"@type":"ReadAction","target":["https:\/\/sardamatic.it\/pasturatori\/accessori-per-pasturatori\/"]}]},{"@type":"BreadcrumbList","@id":"https:\/\/sardamatic.it\/pasturatori\/accessori-per-pasturatori\/#breadcrumb","itemListElement":[{"@type":"ListItem","position":1,"name":"Home","item":"https:\/\/sardamatic.it\/"},{"@type":"ListItem","position":2,"name":"Pasturatori","item":"https:\/\/sardamatic.it\/pasturatori\/"},{"@type":"ListItem","position":3,"name":"Accessori per Pasturatori"}]},{"@type":"WebSite","@id":"https:\/\/sardamatic.it\/it\/#website","url":"https:\/\/sardamatic.it\/it\/","name":"Sardamatic","description":"Solo un altro sito WordPress","publisher":{"@id":"https:\/\/sardamatic.it\/it\/#organization"},"potentialAction":[{"@type":"SearchAction","target":{"@type":"EntryPoint","urlTemplate":"https:\/\/sardamatic.it\/it\/?s={search_term_string}"},"query-input":"required name=search_term_string"}],"inLanguage":"it-IT"},{"@type":"Organization","@id":"https:\/\/sardamatic.it\/it\/#organization","name":"Sardamatic","url":"https:\/\/sardamatic.it\/it\/","logo":{"@type":"ImageObject","inLanguage":"it-IT","@id":"https:\/\/sardamatic.it\/it\/#\/schema\/logo\/image\/","url":"https:\/\/sardamatic.it\/wp-content\/uploads\/2017\/11\/logo-1.png","contentUrl":"https:\/\/sardamatic.it\/wp-content\/uploads\/2017\/11\/logo-1.png","width":211,"height":70,"caption":"Sardamatic"},"image":{"@id":"https:\/\/sardamatic.it\/it\/#\/schema\/logo\/image\/"}}]}},"_links":{"self":[{"href":"https:\/\/sardamatic.it\/it\/wp-json\/wp\/v2\/pages\/57651"}],"collection":[{"href":"https:\/\/sardamatic.it\/it\/wp-json\/wp\/v2\/pages"}],"about":[{"href":"https:\/\/sardamatic.it\/it\/wp-json\/wp\/v2\/types\/page"}],"author":[{"embeddable":true,"href":"https:\/\/sardamatic.it\/it\/wp-json\/wp\/v2\/users\/3"}],"replies":[{"embeddable":true,"href":"https:\/\/sardamatic.it\/it\/wp-json\/wp\/v2\/comments?post=57651"}],"version-history":[{"count":31,"href":"https:\/\/sardamatic.it\/it\/wp-json\/wp\/v2\/pages\/57651\/revisions"}],"predecessor-version":[{"id":58307,"href":"https:\/\/sardamatic.it\/it\/wp-json\/wp\/v2\/pages\/57651\/revisions\/58307"}],"up":[{"embeddable":true,"href":"https:\/\/sardamatic.it\/it\/wp-json\/wp\/v2\/pages\/56727"}],"wp:attachment":[{"href":"https:\/\/sardamatic.it\/it\/wp-json\/wp\/v2\/media?parent=57651"}],"curies":[{"name":"wp","href":"https:\/\/api.w.org\/{rel}","templated":true}]}}