{"id":57960,"date":"2024-01-31T11:47:03","date_gmt":"2024-01-31T11:47:03","guid":{"rendered":"https:\/\/sardamatic.it\/?post_type=product&#038;p=57960"},"modified":"2026-01-28T15:13:56","modified_gmt":"2026-01-28T14:13:56","slug":"getta-sardine-automatico","status":"publish","type":"product","link":"https:\/\/sardamatic.it\/it\/prodotto\/getta-sardine-automatico\/","title":{"rendered":"GETTA SARDINE automatico"},"content":{"rendered":"<p><\/p>\n<p class=\"p1\">Con un bassissimo consumo di corrente, vi evita di essere impegnati per molte ore, spesso sotto un sole cocente, nel lancio manuale delle sardine e di impregnarvi di cattivi odori. La vasca si pu\u00f2 riempire con sardine o altre specie di pesci esca interi e\/o a pezzi preventivamente tagliati.<\/p>\n<p class=\"p1\">La macchina \u00e8 provvista di due modi per il funzionamento: \u201ccontinuo\u201d e \u201ctemporizzato\u201d. Nel modo continuo, la macchina espelle continuamente le sardine e con la velocit\u00e0 della barca, circa 8 nodi, vi consente di effettuare la cosiddetta \u201cstrisciata\u201d, utile per ottenere rapidamente una lunga scia che aumenter\u00e0 le probabilit\u00e0 di catturare subito un pesce. In caso di bonaccia, si pu\u00f2 alternare la suddetta \u201cstrisciata\u201d con un periodo di scarroccio, potendo cos\u00ec battere una pi\u00f9 vasta zona di mare. Il modo \u201ctemporizzato\u201d, consente di pasturare automaticamente durante lo scarroccio o con la barca ancorata.<\/p>\n<p class=\"p1\">Tramite il timer, l\u2019operatore pu\u00f2 impostare la frequenza di lancio delle sardine, una per volta, da 5 a 55 secondi, mentre la fotocellula ne controlla il passaggio, permettendovi di ottenere una scia sempre ideale con qualsiasi condizione di vento e di corrente marina. La vasca pu\u00f2 contenere circa 5 Kg di sardine, avendo cos\u00ec un\u2019autonomia media di 1 ora, dipendente dal tempo di lancio scelto e la pezzatura delle sardine stesse. Un allarme sonoro interviene quando la vasca \u00e8 ormai vuota.<\/p>\n<p><\/p>","protected":false},"excerpt":{"rendered":"<p>\u00c8 la macchina ideale per pasturare con efficacia, nella pesca in drifting, tonni giganti, squali, pesci spada (durante la notte) ed altri grossi pesci predatori.<br \/>\n<b>Consente di continuare a pasturare durante un combattimento e quindi di trattenere il branco a vostra \u201cdisposizione\u201d.<\/b><\/p>\n","protected":false},"featured_media":57067,"template":"","meta":{"site-sidebar-layout":"default","site-content-layout":"","ast-site-content-layout":"default","site-content-style":"default","site-sidebar-style":"default","ast-global-header-display":"","ast-banner-title-visibility":"","ast-main-header-display":"","ast-hfb-above-header-display":"","ast-hfb-below-header-display":"","ast-hfb-mobile-header-display":"","site-post-title":"","ast-breadcrumbs-content":"","ast-featured-img":"","footer-sml-layout":"","theme-transparent-header-meta":"default","adv-header-id-meta":"","stick-header-meta":"","header-above-stick-meta":"","header-main-stick-meta":"","header-below-stick-meta":"","astra-migrate-meta-layouts":"set","ast-page-background-enabled":"default","ast-page-background-meta":{"desktop":{"background-color":"var(--ast-global-color-4)","background-image":"","background-repeat":"repeat","background-position":"center center","background-size":"auto","background-attachment":"scroll","background-type":"","background-media":"","overlay-type":"","overlay-color":"","overlay-gradient":""},"tablet":{"background-color":"","background-image":"","background-repeat":"repeat","background-position":"center center","background-size":"auto","background-attachment":"scroll","background-type":"","background-media":"","overlay-type":"","overlay-color":"","overlay-gradient":""},"mobile":{"background-color":"","background-image":"","background-repeat":"repeat","background-position":"center center","background-size":"auto","background-attachment":"scroll","background-type":"","background-media":"","overlay-type":"","overlay-color":"","overlay-gradient":""}},"ast-content-background-meta":{"desktop":{"background-color":"var(--ast-global-color-5)","background-image":"","background-repeat":"repeat","background-position":"center center","background-size":"auto","background-attachment":"scroll","background-type":"","background-media":"","overlay-type":"","overlay-color":"","overlay-gradient":""},"tablet":{"background-color":"var(--ast-global-color-5)","background-image":"","background-repeat":"repeat","background-position":"center center","background-size":"auto","background-attachment":"scroll","background-type":"","background-media":"","overlay-type":"","overlay-color":"","overlay-gradient":""},"mobile":{"background-color":"var(--ast-global-color-5)","background-image":"","background-repeat":"repeat","background-position":"center center","background-size":"auto","background-attachment":"scroll","background-type":"","background-media":"","overlay-type":"","overlay-color":"","overlay-gradient":""}}},"product_cat":[97],"product_tag":[],"yoast_head":"<!-- This site is optimized with the Yoast SEO plugin v23.2 - https:\/\/yoast.com\/wordpress\/plugins\/seo\/ -->\n<title>GETTA SARDINE automatico - Sardamatic<\/title>\n<meta name=\"robots\" content=\"index, follow, max-snippet:-1, max-image-preview:large, max-video-preview:-1\" \/>\n<link rel=\"canonical\" href=\"https:\/\/sardamatic.it\/prodotto\/getta-sardine-automatico\/\" \/>\n<meta property=\"og:locale\" content=\"it_IT\" \/>\n<meta property=\"og:type\" content=\"article\" \/>\n<meta property=\"og:title\" content=\"[:it]GETTA SARDINE automatico[:] - Sardamatic\" \/>\n<meta property=\"og:description\" content=\"[:it]\u00c8 la macchina ideale per pasturare con efficacia, nella pesca in drifting, tonni giganti, squali, pesci spada (durante la notte) ed altri grossi pesci predatori. Consente di continuare a pasturare durante un combattimento e quindi di trattenere il branco a vostra \u201cdisposizione\u201d.[:]\" \/>\n<meta property=\"og:url\" content=\"https:\/\/sardamatic.it\/prodotto\/getta-sardine-automatico\/\" \/>\n<meta property=\"og:site_name\" content=\"Sardamatic\" \/>\n<meta property=\"article:modified_time\" content=\"2026-01-28T14:13:56+00:00\" \/>\n<meta property=\"og:image\" content=\"https:\/\/sardamatic.it\/wp-content\/uploads\/2018\/11\/getta-sardine-1024x682.png\" \/>\n\t<meta property=\"og:image:width\" content=\"1024\" \/>\n\t<meta property=\"og:image:height\" content=\"682\" \/>\n\t<meta property=\"og:image:type\" content=\"image\/png\" \/>\n<meta name=\"twitter:card\" content=\"summary_large_image\" \/>\n<meta name=\"twitter:label1\" content=\"Tempo di lettura stimato\" \/>\n\t<meta name=\"twitter:data1\" content=\"2 minuti\" \/>\n<script type=\"application\/ld+json\" class=\"yoast-schema-graph\">{\"@context\":\"https:\/\/schema.org\",\"@graph\":[{\"@type\":\"WebPage\",\"@id\":\"https:\/\/sardamatic.it\/prodotto\/getta-sardine-automatico\/\",\"url\":\"https:\/\/sardamatic.it\/prodotto\/getta-sardine-automatico\/\",\"name\":\"[:it]GETTA SARDINE automatico[:] - Sardamatic\",\"isPartOf\":{\"@id\":\"https:\/\/sardamatic.it\/it\/#website\"},\"primaryImageOfPage\":{\"@id\":\"https:\/\/sardamatic.it\/prodotto\/getta-sardine-automatico\/#primaryimage\"},\"image\":{\"@id\":\"https:\/\/sardamatic.it\/prodotto\/getta-sardine-automatico\/#primaryimage\"},\"thumbnailUrl\":\"https:\/\/sardamatic.it\/wp-content\/uploads\/2018\/11\/getta-sardine-1024x682.png\",\"datePublished\":\"2024-01-31T11:47:03+00:00\",\"dateModified\":\"2026-01-28T14:13:56+00:00\",\"breadcrumb\":{\"@id\":\"https:\/\/sardamatic.it\/prodotto\/getta-sardine-automatico\/#breadcrumb\"},\"inLanguage\":\"it-IT\",\"potentialAction\":[{\"@type\":\"ReadAction\",\"target\":[\"https:\/\/sardamatic.it\/prodotto\/getta-sardine-automatico\/\"]}]},{\"@type\":\"ImageObject\",\"inLanguage\":\"it-IT\",\"@id\":\"https:\/\/sardamatic.it\/prodotto\/getta-sardine-automatico\/#primaryimage\",\"url\":\"https:\/\/sardamatic.it\/wp-content\/uploads\/2018\/11\/getta-sardine-1024x682.png\",\"contentUrl\":\"https:\/\/sardamatic.it\/wp-content\/uploads\/2018\/11\/getta-sardine-1024x682.png\",\"width\":1024,\"height\":682,\"caption\":\"getta sardine - sardamatic\"},{\"@type\":\"BreadcrumbList\",\"@id\":\"https:\/\/sardamatic.it\/prodotto\/getta-sardine-automatico\/#breadcrumb\",\"itemListElement\":[{\"@type\":\"ListItem\",\"position\":1,\"name\":\"Home\",\"item\":\"https:\/\/sardamatic.it\/\"},{\"@type\":\"ListItem\",\"position\":2,\"name\":\"[:it]Shop[:]\",\"item\":\"https:\/\/sardamatic.it\/shop\/\"},{\"@type\":\"ListItem\",\"position\":3,\"name\":\"GETTA SARDINE automatico\"}]},{\"@type\":\"WebSite\",\"@id\":\"https:\/\/sardamatic.it\/it\/#website\",\"url\":\"https:\/\/sardamatic.it\/it\/\",\"name\":\"Sardamatic\",\"description\":\"Solo un altro sito WordPress\",\"publisher\":{\"@id\":\"https:\/\/sardamatic.it\/it\/#organization\"},\"potentialAction\":[{\"@type\":\"SearchAction\",\"target\":{\"@type\":\"EntryPoint\",\"urlTemplate\":\"https:\/\/sardamatic.it\/it\/?s={search_term_string}\"},\"query-input\":\"required name=search_term_string\"}],\"inLanguage\":\"it-IT\"},{\"@type\":\"Organization\",\"@id\":\"https:\/\/sardamatic.it\/it\/#organization\",\"name\":\"Sardamatic\",\"url\":\"https:\/\/sardamatic.it\/it\/\",\"logo\":{\"@type\":\"ImageObject\",\"inLanguage\":\"it-IT\",\"@id\":\"https:\/\/sardamatic.it\/it\/#\/schema\/logo\/image\/\",\"url\":\"https:\/\/sardamatic.it\/wp-content\/uploads\/2017\/11\/logo-1.png\",\"contentUrl\":\"https:\/\/sardamatic.it\/wp-content\/uploads\/2017\/11\/logo-1.png\",\"width\":211,\"height\":70,\"caption\":\"Sardamatic\"},\"image\":{\"@id\":\"https:\/\/sardamatic.it\/it\/#\/schema\/logo\/image\/\"}}]}<\/script>\n<!-- \/ Yoast SEO plugin. -->","yoast_head_json":{"title":"[:it]GETTA SARDINE automatico[:] - Sardamatic","robots":{"index":"index","follow":"follow","max-snippet":"max-snippet:-1","max-image-preview":"max-image-preview:large","max-video-preview":"max-video-preview:-1"},"canonical":"https:\/\/sardamatic.it\/prodotto\/getta-sardine-automatico\/","og_locale":"it_IT","og_type":"article","og_title":"[:it]GETTA SARDINE automatico[:] - Sardamatic","og_description":"[:it]\u00c8 la macchina ideale per pasturare con efficacia, nella pesca in drifting, tonni giganti, squali, pesci spada (durante la notte) ed altri grossi pesci predatori. Consente di continuare a pasturare durante un combattimento e quindi di trattenere il branco a vostra \u201cdisposizione\u201d.[:]","og_url":"https:\/\/sardamatic.it\/prodotto\/getta-sardine-automatico\/","og_site_name":"Sardamatic","article_modified_time":"2026-01-28T14:13:56+00:00","og_image":[{"width":1024,"height":682,"url":"https:\/\/sardamatic.it\/wp-content\/uploads\/2018\/11\/getta-sardine-1024x682.png","type":"image\/png"}],"twitter_card":"summary_large_image","twitter_misc":{"Tempo di lettura stimato":"2 minuti"},"schema":{"@context":"https:\/\/schema.org","@graph":[{"@type":"WebPage","@id":"https:\/\/sardamatic.it\/prodotto\/getta-sardine-automatico\/","url":"https:\/\/sardamatic.it\/prodotto\/getta-sardine-automatico\/","name":"[:it]GETTA SARDINE automatico[:] - Sardamatic","isPartOf":{"@id":"https:\/\/sardamatic.it\/it\/#website"},"primaryImageOfPage":{"@id":"https:\/\/sardamatic.it\/prodotto\/getta-sardine-automatico\/#primaryimage"},"image":{"@id":"https:\/\/sardamatic.it\/prodotto\/getta-sardine-automatico\/#primaryimage"},"thumbnailUrl":"https:\/\/sardamatic.it\/wp-content\/uploads\/2018\/11\/getta-sardine-1024x682.png","datePublished":"2024-01-31T11:47:03+00:00","dateModified":"2026-01-28T14:13:56+00:00","breadcrumb":{"@id":"https:\/\/sardamatic.it\/prodotto\/getta-sardine-automatico\/#breadcrumb"},"inLanguage":"it-IT","potentialAction":[{"@type":"ReadAction","target":["https:\/\/sardamatic.it\/prodotto\/getta-sardine-automatico\/"]}]},{"@type":"ImageObject","inLanguage":"it-IT","@id":"https:\/\/sardamatic.it\/prodotto\/getta-sardine-automatico\/#primaryimage","url":"https:\/\/sardamatic.it\/wp-content\/uploads\/2018\/11\/getta-sardine-1024x682.png","contentUrl":"https:\/\/sardamatic.it\/wp-content\/uploads\/2018\/11\/getta-sardine-1024x682.png","width":1024,"height":682,"caption":"getta sardine - sardamatic"},{"@type":"BreadcrumbList","@id":"https:\/\/sardamatic.it\/prodotto\/getta-sardine-automatico\/#breadcrumb","itemListElement":[{"@type":"ListItem","position":1,"name":"Home","item":"https:\/\/sardamatic.it\/"},{"@type":"ListItem","position":2,"name":"[:it]Shop[:]","item":"https:\/\/sardamatic.it\/shop\/"},{"@type":"ListItem","position":3,"name":"GETTA SARDINE automatico"}]},{"@type":"WebSite","@id":"https:\/\/sardamatic.it\/it\/#website","url":"https:\/\/sardamatic.it\/it\/","name":"Sardamatic","description":"Solo un altro sito WordPress","publisher":{"@id":"https:\/\/sardamatic.it\/it\/#organization"},"potentialAction":[{"@type":"SearchAction","target":{"@type":"EntryPoint","urlTemplate":"https:\/\/sardamatic.it\/it\/?s={search_term_string}"},"query-input":"required name=search_term_string"}],"inLanguage":"it-IT"},{"@type":"Organization","@id":"https:\/\/sardamatic.it\/it\/#organization","name":"Sardamatic","url":"https:\/\/sardamatic.it\/it\/","logo":{"@type":"ImageObject","inLanguage":"it-IT","@id":"https:\/\/sardamatic.it\/it\/#\/schema\/logo\/image\/","url":"https:\/\/sardamatic.it\/wp-content\/uploads\/2017\/11\/logo-1.png","contentUrl":"https:\/\/sardamatic.it\/wp-content\/uploads\/2017\/11\/logo-1.png","width":211,"height":70,"caption":"Sardamatic"},"image":{"@id":"https:\/\/sardamatic.it\/it\/#\/schema\/logo\/image\/"}}]}},"_links":{"self":[{"href":"https:\/\/sardamatic.it\/it\/wp-json\/wp\/v2\/product\/57960"}],"collection":[{"href":"https:\/\/sardamatic.it\/it\/wp-json\/wp\/v2\/product"}],"about":[{"href":"https:\/\/sardamatic.it\/it\/wp-json\/wp\/v2\/types\/product"}],"wp:featuredmedia":[{"embeddable":true,"href":"https:\/\/sardamatic.it\/it\/wp-json\/wp\/v2\/media\/57067"}],"wp:attachment":[{"href":"https:\/\/sardamatic.it\/it\/wp-json\/wp\/v2\/media?parent=57960"}],"wp:term":[{"taxonomy":"product_cat","embeddable":true,"href":"https:\/\/sardamatic.it\/it\/wp-json\/wp\/v2\/product_cat?post=57960"},{"taxonomy":"product_tag","embeddable":true,"href":"https:\/\/sardamatic.it\/it\/wp-json\/wp\/v2\/product_tag?post=57960"}],"curies":[{"name":"wp","href":"https:\/\/api.w.org\/{rel}","templated":true}]}}