{"id":57968,"date":"2024-01-31T12:15:22","date_gmt":"2024-01-31T12:15:22","guid":{"rendered":"https:\/\/sardamatic.it\/?post_type=product&#038;p=57968"},"modified":"2024-08-29T09:39:38","modified_gmt":"2024-08-29T07:39:38","slug":"super-portacanne","status":"publish","type":"product","link":"https:\/\/sardamatic.it\/it\/prodotto\/super-portacanne\/","title":{"rendered":"Super Portacanne"},"content":{"rendered":"<p><\/p>\n<div class=\"flex flex-grow flex-col max-w-full\">\n<div class=\"min-h-[20px] text-message flex w-full flex-col items-end gap-2 whitespace-pre-wrap break-words [.text-message+&amp;]:mt-5 overflow-x-auto\" dir=\"auto\" data-message-author-role=\"assistant\" data-message-id=\"64b3aede-2561-40af-825f-e1903a57823e\">\n<div class=\"flex w-full flex-col gap-1 empty:hidden first:pt-[3px]\">\n<div class=\"markdown prose w-full break-words dark:prose-invert light\">\n<p>Il nostro portacanne \u00e8 progettato per i pescatori che richiedono la massima flessibilit\u00e0 e robustezza. Realizzato in acciaio inossidabile di alta qualit\u00e0, \u00e8 resistente alla corrosione e agli agenti atmosferici, garantendo una lunga durata anche nelle condizioni pi\u00f9 difficili. Grazie al suo design regolabile, pu\u00f2 essere impostato in varie angolazioni e altezze, permettendo di adattare l&#8217;assetto della canna da pesca secondo le necessit\u00e0.<\/p>\n<p>La base solida e stabile permette di fissare il portacanne su diverse superfici, garantendo un supporto sicuro e affidabile. In modalit\u00e0 rotazione libera, la canna pu\u00f2 essere facilmente regolata e bloccata nella posizione desiderata, grazie a un sistema che offre una rotazione fluida e precisa.<\/p>\n<p>Facile da installare e utilizzare, il portacanne dispone di meccanismi di sgancio rapido, ideali per un uso efficiente anche con mani bagnate o guantate. Compatibile con una vasta gamma di canne da pesca, questo portacanne \u00e8 l&#8217;accessorio perfetto per ogni appassionato di pesca.<\/p>\n<\/div>\n<\/div>\n<\/div>\n<\/div>\n<p><\/p>","protected":false},"excerpt":{"rendered":"<div class=\"wpb_column vc_column_container vc_col-sm-2\">\n<div class=\"vc_column-inner \">\n<div class=\"wpb_wrapper\">Robustissimo portacanne in grado di assumere diverse posizioni a seconda dell\u2019assetto che si desidera imprimere alla canna da pesca. In combinazione alla sua base pu\u00f2 essere impostato in modalit\u00e0 rotazione libera.<\/div>\n<div><a href=\"https:\/\/sardamatic.it\/it\/portacanne\/girevole\/\">Scopri di pi\u00f9<\/a><\/div>\n<\/div>\n<\/div>\n","protected":false},"featured_media":56874,"template":"","meta":{"site-sidebar-layout":"no-sidebar","site-content-layout":"plain-container","ast-site-content-layout":"default","site-content-style":"default","site-sidebar-style":"default","ast-global-header-display":"","ast-banner-title-visibility":"","ast-main-header-display":"","ast-hfb-above-header-display":"","ast-hfb-below-header-display":"","ast-hfb-mobile-header-display":"","site-post-title":"disabled","ast-breadcrumbs-content":"","ast-featured-img":"disabled","footer-sml-layout":"","theme-transparent-header-meta":"default","adv-header-id-meta":"","stick-header-meta":"","header-above-stick-meta":"","header-main-stick-meta":"","header-below-stick-meta":"","astra-migrate-meta-layouts":"set","ast-page-background-enabled":"default","ast-page-background-meta":{"desktop":{"background-color":"var(--ast-global-color-4)","background-image":"","background-repeat":"repeat","background-position":"center center","background-size":"auto","background-attachment":"scroll","background-type":"","background-media":"","overlay-type":"","overlay-color":"","overlay-gradient":""},"tablet":{"background-color":"","background-image":"","background-repeat":"repeat","background-position":"center center","background-size":"auto","background-attachment":"scroll","background-type":"","background-media":"","overlay-type":"","overlay-color":"","overlay-gradient":""},"mobile":{"background-color":"","background-image":"","background-repeat":"repeat","background-position":"center center","background-size":"auto","background-attachment":"scroll","background-type":"","background-media":"","overlay-type":"","overlay-color":"","overlay-gradient":""}},"ast-content-background-meta":{"desktop":{"background-color":"var(--ast-global-color-5)","background-image":"","background-repeat":"repeat","background-position":"center center","background-size":"auto","background-attachment":"scroll","background-type":"","background-media":"","overlay-type":"","overlay-color":"","overlay-gradient":""},"tablet":{"background-color":"var(--ast-global-color-5)","background-image":"","background-repeat":"repeat","background-position":"center center","background-size":"auto","background-attachment":"scroll","background-type":"","background-media":"","overlay-type":"","overlay-color":"","overlay-gradient":""},"mobile":{"background-color":"var(--ast-global-color-5)","background-image":"","background-repeat":"repeat","background-position":"center center","background-size":"auto","background-attachment":"scroll","background-type":"","background-media":"","overlay-type":"","overlay-color":"","overlay-gradient":""}}},"product_cat":[98],"product_tag":[],"yoast_head":"<!-- This site is optimized with the Yoast SEO plugin v23.2 - https:\/\/yoast.com\/wordpress\/plugins\/seo\/ -->\n<title>Super Portacanne - Sardamatic<\/title>\n<meta name=\"description\" content=\"Portacanne girevole in acciaio INOX, di alta qualit\u00e0, per pesca sportiva. Orientabile su asse verticale ed orizzontale. Installazione semplice.\" \/>\n<meta name=\"robots\" content=\"index, follow, max-snippet:-1, max-image-preview:large, max-video-preview:-1\" \/>\n<link rel=\"canonical\" href=\"https:\/\/sardamatic.it\/prodotto\/super-portacanne\/\" \/>\n<meta property=\"og:locale\" content=\"it_IT\" \/>\n<meta property=\"og:type\" content=\"article\" \/>\n<meta property=\"og:title\" content=\"Super Portacanne - Sardamatic\" \/>\n<meta property=\"og:description\" content=\"Portacanne girevole in acciaio INOX, di alta qualit\u00e0, per pesca sportiva. Orientabile su asse verticale ed orizzontale. Installazione semplice.\" \/>\n<meta property=\"og:url\" content=\"https:\/\/sardamatic.it\/prodotto\/super-portacanne\/\" \/>\n<meta property=\"og:site_name\" content=\"Sardamatic\" \/>\n<meta property=\"article:modified_time\" content=\"2024-08-29T07:39:38+00:00\" \/>\n<meta property=\"og:image\" content=\"https:\/\/sardamatic.it\/wp-content\/uploads\/2018\/03\/Superportacanne-completo.png\" \/>\n\t<meta property=\"og:image:width\" content=\"1400\" \/>\n\t<meta property=\"og:image:height\" content=\"933\" \/>\n\t<meta property=\"og:image:type\" content=\"image\/png\" \/>\n<meta name=\"twitter:card\" content=\"summary_large_image\" \/>\n<meta name=\"twitter:label1\" content=\"Tempo di lettura stimato\" \/>\n\t<meta name=\"twitter:data1\" content=\"2 minuti\" \/>\n<script type=\"application\/ld+json\" class=\"yoast-schema-graph\">{\"@context\":\"https:\/\/schema.org\",\"@graph\":[{\"@type\":\"WebPage\",\"@id\":\"https:\/\/sardamatic.it\/prodotto\/super-portacanne\/\",\"url\":\"https:\/\/sardamatic.it\/prodotto\/super-portacanne\/\",\"name\":\"Super Portacanne - Sardamatic\",\"isPartOf\":{\"@id\":\"https:\/\/sardamatic.it\/it\/#website\"},\"primaryImageOfPage\":{\"@id\":\"https:\/\/sardamatic.it\/prodotto\/super-portacanne\/#primaryimage\"},\"image\":{\"@id\":\"https:\/\/sardamatic.it\/prodotto\/super-portacanne\/#primaryimage\"},\"thumbnailUrl\":\"https:\/\/sardamatic.it\/wp-content\/uploads\/2018\/03\/Superportacanne-completo.png\",\"datePublished\":\"2024-01-31T12:15:22+00:00\",\"dateModified\":\"2024-08-29T07:39:38+00:00\",\"description\":\"Portacanne girevole in acciaio INOX, di alta qualit\u00e0, per pesca sportiva. Orientabile su asse verticale ed orizzontale. Installazione semplice.\",\"breadcrumb\":{\"@id\":\"https:\/\/sardamatic.it\/prodotto\/super-portacanne\/#breadcrumb\"},\"inLanguage\":\"it-IT\",\"potentialAction\":[{\"@type\":\"ReadAction\",\"target\":[\"https:\/\/sardamatic.it\/prodotto\/super-portacanne\/\"]}]},{\"@type\":\"ImageObject\",\"inLanguage\":\"it-IT\",\"@id\":\"https:\/\/sardamatic.it\/prodotto\/super-portacanne\/#primaryimage\",\"url\":\"https:\/\/sardamatic.it\/wp-content\/uploads\/2018\/03\/Superportacanne-completo.png\",\"contentUrl\":\"https:\/\/sardamatic.it\/wp-content\/uploads\/2018\/03\/Superportacanne-completo.png\",\"width\":1400,\"height\":933,\"caption\":\"Superportacanne completo - sardamatic\"},{\"@type\":\"BreadcrumbList\",\"@id\":\"https:\/\/sardamatic.it\/prodotto\/super-portacanne\/#breadcrumb\",\"itemListElement\":[{\"@type\":\"ListItem\",\"position\":1,\"name\":\"Home\",\"item\":\"https:\/\/sardamatic.it\/\"},{\"@type\":\"ListItem\",\"position\":2,\"name\":\"[:it]Shop[:]\",\"item\":\"https:\/\/sardamatic.it\/shop\/\"},{\"@type\":\"ListItem\",\"position\":3,\"name\":\"Super Portacanne\"}]},{\"@type\":\"WebSite\",\"@id\":\"https:\/\/sardamatic.it\/it\/#website\",\"url\":\"https:\/\/sardamatic.it\/it\/\",\"name\":\"Sardamatic\",\"description\":\"Solo un altro sito WordPress\",\"publisher\":{\"@id\":\"https:\/\/sardamatic.it\/it\/#organization\"},\"potentialAction\":[{\"@type\":\"SearchAction\",\"target\":{\"@type\":\"EntryPoint\",\"urlTemplate\":\"https:\/\/sardamatic.it\/it\/?s={search_term_string}\"},\"query-input\":\"required name=search_term_string\"}],\"inLanguage\":\"it-IT\"},{\"@type\":\"Organization\",\"@id\":\"https:\/\/sardamatic.it\/it\/#organization\",\"name\":\"Sardamatic\",\"url\":\"https:\/\/sardamatic.it\/it\/\",\"logo\":{\"@type\":\"ImageObject\",\"inLanguage\":\"it-IT\",\"@id\":\"https:\/\/sardamatic.it\/it\/#\/schema\/logo\/image\/\",\"url\":\"https:\/\/sardamatic.it\/wp-content\/uploads\/2017\/11\/logo-1.png\",\"contentUrl\":\"https:\/\/sardamatic.it\/wp-content\/uploads\/2017\/11\/logo-1.png\",\"width\":211,\"height\":70,\"caption\":\"Sardamatic\"},\"image\":{\"@id\":\"https:\/\/sardamatic.it\/it\/#\/schema\/logo\/image\/\"}}]}<\/script>\n<!-- \/ Yoast SEO plugin. -->","yoast_head_json":{"title":"Super Portacanne - Sardamatic","description":"Portacanne girevole in acciaio INOX, di alta qualit\u00e0, per pesca sportiva. Orientabile su asse verticale ed orizzontale. Installazione semplice.","robots":{"index":"index","follow":"follow","max-snippet":"max-snippet:-1","max-image-preview":"max-image-preview:large","max-video-preview":"max-video-preview:-1"},"canonical":"https:\/\/sardamatic.it\/prodotto\/super-portacanne\/","og_locale":"it_IT","og_type":"article","og_title":"Super Portacanne - Sardamatic","og_description":"Portacanne girevole in acciaio INOX, di alta qualit\u00e0, per pesca sportiva. Orientabile su asse verticale ed orizzontale. Installazione semplice.","og_url":"https:\/\/sardamatic.it\/prodotto\/super-portacanne\/","og_site_name":"Sardamatic","article_modified_time":"2024-08-29T07:39:38+00:00","og_image":[{"width":1400,"height":933,"url":"https:\/\/sardamatic.it\/wp-content\/uploads\/2018\/03\/Superportacanne-completo.png","type":"image\/png"}],"twitter_card":"summary_large_image","twitter_misc":{"Tempo di lettura stimato":"2 minuti"},"schema":{"@context":"https:\/\/schema.org","@graph":[{"@type":"WebPage","@id":"https:\/\/sardamatic.it\/prodotto\/super-portacanne\/","url":"https:\/\/sardamatic.it\/prodotto\/super-portacanne\/","name":"Super Portacanne - Sardamatic","isPartOf":{"@id":"https:\/\/sardamatic.it\/it\/#website"},"primaryImageOfPage":{"@id":"https:\/\/sardamatic.it\/prodotto\/super-portacanne\/#primaryimage"},"image":{"@id":"https:\/\/sardamatic.it\/prodotto\/super-portacanne\/#primaryimage"},"thumbnailUrl":"https:\/\/sardamatic.it\/wp-content\/uploads\/2018\/03\/Superportacanne-completo.png","datePublished":"2024-01-31T12:15:22+00:00","dateModified":"2024-08-29T07:39:38+00:00","description":"Portacanne girevole in acciaio INOX, di alta qualit\u00e0, per pesca sportiva. Orientabile su asse verticale ed orizzontale. Installazione semplice.","breadcrumb":{"@id":"https:\/\/sardamatic.it\/prodotto\/super-portacanne\/#breadcrumb"},"inLanguage":"it-IT","potentialAction":[{"@type":"ReadAction","target":["https:\/\/sardamatic.it\/prodotto\/super-portacanne\/"]}]},{"@type":"ImageObject","inLanguage":"it-IT","@id":"https:\/\/sardamatic.it\/prodotto\/super-portacanne\/#primaryimage","url":"https:\/\/sardamatic.it\/wp-content\/uploads\/2018\/03\/Superportacanne-completo.png","contentUrl":"https:\/\/sardamatic.it\/wp-content\/uploads\/2018\/03\/Superportacanne-completo.png","width":1400,"height":933,"caption":"Superportacanne completo - sardamatic"},{"@type":"BreadcrumbList","@id":"https:\/\/sardamatic.it\/prodotto\/super-portacanne\/#breadcrumb","itemListElement":[{"@type":"ListItem","position":1,"name":"Home","item":"https:\/\/sardamatic.it\/"},{"@type":"ListItem","position":2,"name":"[:it]Shop[:]","item":"https:\/\/sardamatic.it\/shop\/"},{"@type":"ListItem","position":3,"name":"Super Portacanne"}]},{"@type":"WebSite","@id":"https:\/\/sardamatic.it\/it\/#website","url":"https:\/\/sardamatic.it\/it\/","name":"Sardamatic","description":"Solo un altro sito WordPress","publisher":{"@id":"https:\/\/sardamatic.it\/it\/#organization"},"potentialAction":[{"@type":"SearchAction","target":{"@type":"EntryPoint","urlTemplate":"https:\/\/sardamatic.it\/it\/?s={search_term_string}"},"query-input":"required name=search_term_string"}],"inLanguage":"it-IT"},{"@type":"Organization","@id":"https:\/\/sardamatic.it\/it\/#organization","name":"Sardamatic","url":"https:\/\/sardamatic.it\/it\/","logo":{"@type":"ImageObject","inLanguage":"it-IT","@id":"https:\/\/sardamatic.it\/it\/#\/schema\/logo\/image\/","url":"https:\/\/sardamatic.it\/wp-content\/uploads\/2017\/11\/logo-1.png","contentUrl":"https:\/\/sardamatic.it\/wp-content\/uploads\/2017\/11\/logo-1.png","width":211,"height":70,"caption":"Sardamatic"},"image":{"@id":"https:\/\/sardamatic.it\/it\/#\/schema\/logo\/image\/"}}]}},"_links":{"self":[{"href":"https:\/\/sardamatic.it\/it\/wp-json\/wp\/v2\/product\/57968"}],"collection":[{"href":"https:\/\/sardamatic.it\/it\/wp-json\/wp\/v2\/product"}],"about":[{"href":"https:\/\/sardamatic.it\/it\/wp-json\/wp\/v2\/types\/product"}],"wp:featuredmedia":[{"embeddable":true,"href":"https:\/\/sardamatic.it\/it\/wp-json\/wp\/v2\/media\/56874"}],"wp:attachment":[{"href":"https:\/\/sardamatic.it\/it\/wp-json\/wp\/v2\/media?parent=57968"}],"wp:term":[{"taxonomy":"product_cat","embeddable":true,"href":"https:\/\/sardamatic.it\/it\/wp-json\/wp\/v2\/product_cat?post=57968"},{"taxonomy":"product_tag","embeddable":true,"href":"https:\/\/sardamatic.it\/it\/wp-json\/wp\/v2\/product_tag?post=57968"}],"curies":[{"name":"wp","href":"https:\/\/api.w.org\/{rel}","templated":true}]}}