{"id":58104,"date":"2024-07-25T16:12:50","date_gmt":"2024-07-25T14:12:50","guid":{"rendered":"https:\/\/sardamatic.it\/?post_type=product&#038;p=58104"},"modified":"2025-10-29T17:40:57","modified_gmt":"2025-10-29T16:40:57","slug":"cintura-comoda","status":"publish","type":"product","link":"https:\/\/sardamatic.it\/it\/prodotto\/cintura-comoda\/","title":{"rendered":"Cintura comoda"},"content":{"rendered":"<p>[vc_row][vc_column width=&#8221;1\/2&#8243;][vc_column_text]Cintura da combattimento per pesca sportiva, comoda e facile da indossare in caso di necessit\u00e0 repentine. Grazie alla chiusura in velcro, questa cintura da pesca offre un&#8217;ottima stabilit\u00e0 e, soprattutto, una irrinunciabile regolazione individuale che garantisce un comfort personalizzato per ogni pescatore. La sua struttura ergonomica \u00e8 stata progettata per adattarsi perfettamente al corpo, distribuendo uniformemente il peso e riducendo l&#8217;affaticamento durante le lunghe sessioni di pesca.<\/p>\n<p>Realizzata con materiali di alta qualit\u00e0, \u00e8 resistente agli agenti atmosferici e all&#8217;usura, assicurando una lunga durata nel tempo. La cintura pu\u00f2 essere ulteriormente completata con il nostro bicchierino inox cod. 384, che offre un alloggio sicuro e comodo per la canna da pesca. Questo accessorio, realizzato in acciaio inossidabile, \u00e8 progettato per resistere alla corrosione e garantire la massima resistenza anche nelle condizioni pi\u00f9 estreme.<\/p>\n<p>La versatilit\u00e0 di questa cintura da pesca la rende adatta sia ai pescatori amatoriali che a quelli pi\u00f9 esperti, migliorando notevolmente l&#8217;esperienza di pesca grazie alla sua praticit\u00e0 e funzionalit\u00e0. Il design elegante e moderno, unito alla sua efficienza, fa di questo prodotto un must-have per tutti gli appassionati di pesca sportiva.[\/vc_column_text][\/vc_column][vc_column width=&#8221;1\/2&#8243;][\/vc_column][\/vc_row]<\/p>","protected":false},"excerpt":{"rendered":"<p>[vc_row][vc_column width=&#8221;1\/2&#8243;][vc_column_text]Cintura da combattimento per pesca sportiva, comoda e facile da indossare in caso di necessit\u00e0 repentine. Grazie alla chiusura in velcro, questa cintura da pesca offre un&#8217;ottima stabilit\u00e0 e, soprattutto, una irrinunciabile regolazione individuale che garantisce un comfort personalizzato per ogni pescatore. La sua struttura ergonomica \u00e8 stata progettata per adattarsi perfettamente al corpo, [&hellip;]<\/p>\n","protected":false},"featured_media":58152,"template":"","meta":{"site-sidebar-layout":"no-sidebar","site-content-layout":"plain-container","ast-site-content-layout":"default","site-content-style":"default","site-sidebar-style":"default","ast-global-header-display":"","ast-banner-title-visibility":"","ast-main-header-display":"","ast-hfb-above-header-display":"","ast-hfb-below-header-display":"","ast-hfb-mobile-header-display":"","site-post-title":"disabled","ast-breadcrumbs-content":"","ast-featured-img":"disabled","footer-sml-layout":"","theme-transparent-header-meta":"default","adv-header-id-meta":"","stick-header-meta":"","header-above-stick-meta":"","header-main-stick-meta":"","header-below-stick-meta":"","astra-migrate-meta-layouts":"set","ast-page-background-enabled":"default","ast-page-background-meta":{"desktop":{"background-color":"var(--ast-global-color-4)","background-image":"","background-repeat":"repeat","background-position":"center center","background-size":"auto","background-attachment":"scroll","background-type":"","background-media":"","overlay-type":"","overlay-color":"","overlay-gradient":""},"tablet":{"background-color":"","background-image":"","background-repeat":"repeat","background-position":"center center","background-size":"auto","background-attachment":"scroll","background-type":"","background-media":"","overlay-type":"","overlay-color":"","overlay-gradient":""},"mobile":{"background-color":"","background-image":"","background-repeat":"repeat","background-position":"center center","background-size":"auto","background-attachment":"scroll","background-type":"","background-media":"","overlay-type":"","overlay-color":"","overlay-gradient":""}},"ast-content-background-meta":{"desktop":{"background-color":"var(--ast-global-color-5)","background-image":"","background-repeat":"repeat","background-position":"center center","background-size":"auto","background-attachment":"scroll","background-type":"","background-media":"","overlay-type":"","overlay-color":"","overlay-gradient":""},"tablet":{"background-color":"var(--ast-global-color-5)","background-image":"","background-repeat":"repeat","background-position":"center center","background-size":"auto","background-attachment":"scroll","background-type":"","background-media":"","overlay-type":"","overlay-color":"","overlay-gradient":""},"mobile":{"background-color":"var(--ast-global-color-5)","background-image":"","background-repeat":"repeat","background-position":"center center","background-size":"auto","background-attachment":"scroll","background-type":"","background-media":"","overlay-type":"","overlay-color":"","overlay-gradient":""}}},"product_cat":[99],"product_tag":[],"yoast_head":"<!-- This site is optimized with the Yoast SEO plugin v23.2 - https:\/\/yoast.com\/wordpress\/plugins\/seo\/ -->\n<title>Cintura comoda - Sardamatic<\/title>\n<meta name=\"description\" content=\"Cintura da combattimento da comoda, con innesto per canna da traina. Indossabile facilmente grazie all&#039;aggancio con velcro.\" \/>\n<meta name=\"robots\" content=\"index, follow, max-snippet:-1, max-image-preview:large, max-video-preview:-1\" \/>\n<link rel=\"canonical\" href=\"https:\/\/sardamatic.it\/prodotto\/cintura-comoda\/\" \/>\n<meta property=\"og:locale\" content=\"it_IT\" \/>\n<meta property=\"og:type\" content=\"article\" \/>\n<meta property=\"og:title\" content=\"[:it]Cintura comoda[:en]Comfortable Abdominal Belt[:] - Sardamatic\" \/>\n<meta property=\"og:description\" content=\"Cintura da combattimento da comoda, con innesto per canna da traina. Indossabile facilmente grazie all&#039;aggancio con velcro.\" \/>\n<meta property=\"og:url\" content=\"https:\/\/sardamatic.it\/prodotto\/cintura-comoda\/\" \/>\n<meta property=\"og:site_name\" content=\"Sardamatic\" \/>\n<meta property=\"article:modified_time\" content=\"2025-10-29T16:40:57+00:00\" \/>\n<meta property=\"og:image\" content=\"https:\/\/sardamatic.it\/wp-content\/uploads\/2024\/07\/381-Cintura-Comoda.jpg\" \/>\n\t<meta property=\"og:image:width\" content=\"1031\" \/>\n\t<meta property=\"og:image:height\" content=\"1200\" \/>\n\t<meta property=\"og:image:type\" content=\"image\/jpeg\" \/>\n<meta name=\"twitter:card\" content=\"summary_large_image\" \/>\n<meta name=\"twitter:label1\" content=\"Tempo di lettura stimato\" \/>\n\t<meta name=\"twitter:data1\" content=\"2 minuti\" \/>\n<script type=\"application\/ld+json\" class=\"yoast-schema-graph\">{\"@context\":\"https:\/\/schema.org\",\"@graph\":[{\"@type\":\"WebPage\",\"@id\":\"https:\/\/sardamatic.it\/prodotto\/cintura-comoda\/\",\"url\":\"https:\/\/sardamatic.it\/prodotto\/cintura-comoda\/\",\"name\":\"[:it]Cintura comoda[:en]Comfortable Abdominal Belt[:] - Sardamatic\",\"isPartOf\":{\"@id\":\"https:\/\/sardamatic.it\/it\/#website\"},\"primaryImageOfPage\":{\"@id\":\"https:\/\/sardamatic.it\/prodotto\/cintura-comoda\/#primaryimage\"},\"image\":{\"@id\":\"https:\/\/sardamatic.it\/prodotto\/cintura-comoda\/#primaryimage\"},\"thumbnailUrl\":\"https:\/\/sardamatic.it\/wp-content\/uploads\/2024\/07\/381-Cintura-Comoda.jpg\",\"datePublished\":\"2024-07-25T14:12:50+00:00\",\"dateModified\":\"2025-10-29T16:40:57+00:00\",\"description\":\"Cintura da combattimento da comoda, con innesto per canna da traina. Indossabile facilmente grazie all'aggancio con velcro.\",\"breadcrumb\":{\"@id\":\"https:\/\/sardamatic.it\/prodotto\/cintura-comoda\/#breadcrumb\"},\"inLanguage\":\"it-IT\",\"potentialAction\":[{\"@type\":\"ReadAction\",\"target\":[\"https:\/\/sardamatic.it\/prodotto\/cintura-comoda\/\"]}]},{\"@type\":\"ImageObject\",\"inLanguage\":\"it-IT\",\"@id\":\"https:\/\/sardamatic.it\/prodotto\/cintura-comoda\/#primaryimage\",\"url\":\"https:\/\/sardamatic.it\/wp-content\/uploads\/2024\/07\/381-Cintura-Comoda.jpg\",\"contentUrl\":\"https:\/\/sardamatic.it\/wp-content\/uploads\/2024\/07\/381-Cintura-Comoda.jpg\",\"width\":1031,\"height\":1200},{\"@type\":\"BreadcrumbList\",\"@id\":\"https:\/\/sardamatic.it\/prodotto\/cintura-comoda\/#breadcrumb\",\"itemListElement\":[{\"@type\":\"ListItem\",\"position\":1,\"name\":\"Home\",\"item\":\"https:\/\/sardamatic.it\/\"},{\"@type\":\"ListItem\",\"position\":2,\"name\":\"[:it]Shop[:]\",\"item\":\"https:\/\/sardamatic.it\/shop\/\"},{\"@type\":\"ListItem\",\"position\":3,\"name\":\"Cintura comoda\"}]},{\"@type\":\"WebSite\",\"@id\":\"https:\/\/sardamatic.it\/it\/#website\",\"url\":\"https:\/\/sardamatic.it\/it\/\",\"name\":\"Sardamatic\",\"description\":\"Solo un altro sito WordPress\",\"publisher\":{\"@id\":\"https:\/\/sardamatic.it\/it\/#organization\"},\"potentialAction\":[{\"@type\":\"SearchAction\",\"target\":{\"@type\":\"EntryPoint\",\"urlTemplate\":\"https:\/\/sardamatic.it\/it\/?s={search_term_string}\"},\"query-input\":\"required name=search_term_string\"}],\"inLanguage\":\"it-IT\"},{\"@type\":\"Organization\",\"@id\":\"https:\/\/sardamatic.it\/it\/#organization\",\"name\":\"Sardamatic\",\"url\":\"https:\/\/sardamatic.it\/it\/\",\"logo\":{\"@type\":\"ImageObject\",\"inLanguage\":\"it-IT\",\"@id\":\"https:\/\/sardamatic.it\/it\/#\/schema\/logo\/image\/\",\"url\":\"https:\/\/sardamatic.it\/wp-content\/uploads\/2017\/11\/logo-1.png\",\"contentUrl\":\"https:\/\/sardamatic.it\/wp-content\/uploads\/2017\/11\/logo-1.png\",\"width\":211,\"height\":70,\"caption\":\"Sardamatic\"},\"image\":{\"@id\":\"https:\/\/sardamatic.it\/it\/#\/schema\/logo\/image\/\"}}]}<\/script>\n<!-- \/ Yoast SEO plugin. -->","yoast_head_json":{"title":"[:it]Cintura comoda[:en]Comfortable Abdominal Belt[:] - Sardamatic","description":"Cintura da combattimento da comoda, con innesto per canna da traina. Indossabile facilmente grazie all'aggancio con velcro.","robots":{"index":"index","follow":"follow","max-snippet":"max-snippet:-1","max-image-preview":"max-image-preview:large","max-video-preview":"max-video-preview:-1"},"canonical":"https:\/\/sardamatic.it\/prodotto\/cintura-comoda\/","og_locale":"it_IT","og_type":"article","og_title":"[:it]Cintura comoda[:en]Comfortable Abdominal Belt[:] - Sardamatic","og_description":"Cintura da combattimento da comoda, con innesto per canna da traina. Indossabile facilmente grazie all'aggancio con velcro.","og_url":"https:\/\/sardamatic.it\/prodotto\/cintura-comoda\/","og_site_name":"Sardamatic","article_modified_time":"2025-10-29T16:40:57+00:00","og_image":[{"width":1031,"height":1200,"url":"https:\/\/sardamatic.it\/wp-content\/uploads\/2024\/07\/381-Cintura-Comoda.jpg","type":"image\/jpeg"}],"twitter_card":"summary_large_image","twitter_misc":{"Tempo di lettura stimato":"2 minuti"},"schema":{"@context":"https:\/\/schema.org","@graph":[{"@type":"WebPage","@id":"https:\/\/sardamatic.it\/prodotto\/cintura-comoda\/","url":"https:\/\/sardamatic.it\/prodotto\/cintura-comoda\/","name":"[:it]Cintura comoda[:en]Comfortable Abdominal Belt[:] - Sardamatic","isPartOf":{"@id":"https:\/\/sardamatic.it\/it\/#website"},"primaryImageOfPage":{"@id":"https:\/\/sardamatic.it\/prodotto\/cintura-comoda\/#primaryimage"},"image":{"@id":"https:\/\/sardamatic.it\/prodotto\/cintura-comoda\/#primaryimage"},"thumbnailUrl":"https:\/\/sardamatic.it\/wp-content\/uploads\/2024\/07\/381-Cintura-Comoda.jpg","datePublished":"2024-07-25T14:12:50+00:00","dateModified":"2025-10-29T16:40:57+00:00","description":"Cintura da combattimento da comoda, con innesto per canna da traina. Indossabile facilmente grazie all'aggancio con velcro.","breadcrumb":{"@id":"https:\/\/sardamatic.it\/prodotto\/cintura-comoda\/#breadcrumb"},"inLanguage":"it-IT","potentialAction":[{"@type":"ReadAction","target":["https:\/\/sardamatic.it\/prodotto\/cintura-comoda\/"]}]},{"@type":"ImageObject","inLanguage":"it-IT","@id":"https:\/\/sardamatic.it\/prodotto\/cintura-comoda\/#primaryimage","url":"https:\/\/sardamatic.it\/wp-content\/uploads\/2024\/07\/381-Cintura-Comoda.jpg","contentUrl":"https:\/\/sardamatic.it\/wp-content\/uploads\/2024\/07\/381-Cintura-Comoda.jpg","width":1031,"height":1200},{"@type":"BreadcrumbList","@id":"https:\/\/sardamatic.it\/prodotto\/cintura-comoda\/#breadcrumb","itemListElement":[{"@type":"ListItem","position":1,"name":"Home","item":"https:\/\/sardamatic.it\/"},{"@type":"ListItem","position":2,"name":"[:it]Shop[:]","item":"https:\/\/sardamatic.it\/shop\/"},{"@type":"ListItem","position":3,"name":"Cintura comoda"}]},{"@type":"WebSite","@id":"https:\/\/sardamatic.it\/it\/#website","url":"https:\/\/sardamatic.it\/it\/","name":"Sardamatic","description":"Solo un altro sito WordPress","publisher":{"@id":"https:\/\/sardamatic.it\/it\/#organization"},"potentialAction":[{"@type":"SearchAction","target":{"@type":"EntryPoint","urlTemplate":"https:\/\/sardamatic.it\/it\/?s={search_term_string}"},"query-input":"required name=search_term_string"}],"inLanguage":"it-IT"},{"@type":"Organization","@id":"https:\/\/sardamatic.it\/it\/#organization","name":"Sardamatic","url":"https:\/\/sardamatic.it\/it\/","logo":{"@type":"ImageObject","inLanguage":"it-IT","@id":"https:\/\/sardamatic.it\/it\/#\/schema\/logo\/image\/","url":"https:\/\/sardamatic.it\/wp-content\/uploads\/2017\/11\/logo-1.png","contentUrl":"https:\/\/sardamatic.it\/wp-content\/uploads\/2017\/11\/logo-1.png","width":211,"height":70,"caption":"Sardamatic"},"image":{"@id":"https:\/\/sardamatic.it\/it\/#\/schema\/logo\/image\/"}}]}},"_links":{"self":[{"href":"https:\/\/sardamatic.it\/it\/wp-json\/wp\/v2\/product\/58104"}],"collection":[{"href":"https:\/\/sardamatic.it\/it\/wp-json\/wp\/v2\/product"}],"about":[{"href":"https:\/\/sardamatic.it\/it\/wp-json\/wp\/v2\/types\/product"}],"wp:featuredmedia":[{"embeddable":true,"href":"https:\/\/sardamatic.it\/it\/wp-json\/wp\/v2\/media\/58152"}],"wp:attachment":[{"href":"https:\/\/sardamatic.it\/it\/wp-json\/wp\/v2\/media?parent=58104"}],"wp:term":[{"taxonomy":"product_cat","embeddable":true,"href":"https:\/\/sardamatic.it\/it\/wp-json\/wp\/v2\/product_cat?post=58104"},{"taxonomy":"product_tag","embeddable":true,"href":"https:\/\/sardamatic.it\/it\/wp-json\/wp\/v2\/product_tag?post=58104"}],"curies":[{"name":"wp","href":"https:\/\/api.w.org\/{rel}","templated":true}]}}