{"id":58200,"date":"2025-02-12T15:25:40","date_gmt":"2025-02-12T14:25:40","guid":{"rendered":"https:\/\/sardamatic.it\/?post_type=product&#038;p=58200"},"modified":"2025-02-12T15:25:40","modified_gmt":"2025-02-12T14:25:40","slug":"punte-ad-alta-penetrazione","status":"publish","type":"product","link":"https:\/\/sardamatic.it\/it\/prodotto\/punte-ad-alta-penetrazione\/","title":{"rendered":"Punte ad alta penetrazione"},"content":{"rendered":"<p><\/p>\n<p data-start=\"95\" data-end=\"534\">Le punte ad alta penetrazione Sardamatic sono realizzate interamente in acciaio inox di alta qualit\u00e0, garantendo massima robustezza, precisione e resistenza all\u2019usura, anche nelle condizioni marine pi\u00f9 impegnative. La lavorazione accurata consente di ottenere quattro angoli taglienti perfettamente definiti, progettati per assicurare una penetrazione rapida ed efficace, riducendo al minimo l\u2019attrito e ottimizzando la forza d\u2019impatto.<\/p>\n<p data-start=\"536\" data-end=\"924\">Disponibili in tre diverse sezioni, queste punte offrono una versatilit\u00e0 senza pari, permettendo ai pescatori di scegliere la configurazione pi\u00f9 adatta alle proprie esigenze. Ogni punta pu\u00f2 essere facilmente serrata sulle rispettive aste in acciaio inox Sardamatic, garantendo un fissaggio solido e sicuro per un utilizzo prolungato e affidabile.<\/p>\n<p data-start=\"926\" data-end=\"1422\">Il sistema di innesto rapido sui manici universali Sardamatic facilita il montaggio e la sostituzione delle punte, riducendo i tempi di preparazione e aumentando l\u2019efficienza. Grazie al loro design studiato per massimizzare la penetrazione e la capacit\u00e0 di perforazione, queste punte rappresentano la soluzione ideale per la cattura di prede robuste, offrendo prestazioni eccellenti in ogni situazione.<\/p>\n<p><\/p>","protected":false},"excerpt":{"rendered":"<p>Le punte ad alta penetrazione Sardamatic sono realizzate interamente in acciaio inox di alta qualit\u00e0, garantendo massima robustezza, precisione e resistenza all\u2019usura, anche nelle condizioni marine pi\u00f9 impegnative. La lavorazione accurata consente di ottenere quattro angoli taglienti perfettamente definiti, progettati per assicurare una penetrazione rapida ed efficace, riducendo al minimo l\u2019attrito e ottimizzando la forza [&hellip;]<\/p>\n","protected":false},"featured_media":57401,"template":"","meta":{"site-sidebar-layout":"default","site-content-layout":"","ast-site-content-layout":"default","site-content-style":"default","site-sidebar-style":"default","ast-global-header-display":"","ast-banner-title-visibility":"","ast-main-header-display":"","ast-hfb-above-header-display":"","ast-hfb-below-header-display":"","ast-hfb-mobile-header-display":"","site-post-title":"","ast-breadcrumbs-content":"","ast-featured-img":"","footer-sml-layout":"","theme-transparent-header-meta":"default","adv-header-id-meta":"","stick-header-meta":"","header-above-stick-meta":"","header-main-stick-meta":"","header-below-stick-meta":"","astra-migrate-meta-layouts":"set","ast-page-background-enabled":"default","ast-page-background-meta":{"desktop":{"background-color":"var(--ast-global-color-4)","background-image":"","background-repeat":"repeat","background-position":"center center","background-size":"auto","background-attachment":"scroll","background-type":"","background-media":"","overlay-type":"","overlay-color":"","overlay-gradient":""},"tablet":{"background-color":"","background-image":"","background-repeat":"repeat","background-position":"center center","background-size":"auto","background-attachment":"scroll","background-type":"","background-media":"","overlay-type":"","overlay-color":"","overlay-gradient":""},"mobile":{"background-color":"","background-image":"","background-repeat":"repeat","background-position":"center center","background-size":"auto","background-attachment":"scroll","background-type":"","background-media":"","overlay-type":"","overlay-color":"","overlay-gradient":""}},"ast-content-background-meta":{"desktop":{"background-color":"var(--ast-global-color-5)","background-image":"","background-repeat":"repeat","background-position":"center center","background-size":"auto","background-attachment":"scroll","background-type":"","background-media":"","overlay-type":"","overlay-color":"","overlay-gradient":""},"tablet":{"background-color":"var(--ast-global-color-5)","background-image":"","background-repeat":"repeat","background-position":"center center","background-size":"auto","background-attachment":"scroll","background-type":"","background-media":"","overlay-type":"","overlay-color":"","overlay-gradient":""},"mobile":{"background-color":"var(--ast-global-color-5)","background-image":"","background-repeat":"repeat","background-position":"center center","background-size":"auto","background-attachment":"scroll","background-type":"","background-media":"","overlay-type":"","overlay-color":"","overlay-gradient":""}}},"product_cat":[102],"product_tag":[],"yoast_head":"<!-- This site is optimized with the Yoast SEO plugin v23.2 - https:\/\/yoast.com\/wordpress\/plugins\/seo\/ -->\n<title>Punte ad alta penetrazione - Sardamatic<\/title>\n<meta name=\"robots\" content=\"index, follow, max-snippet:-1, max-image-preview:large, max-video-preview:-1\" \/>\n<link rel=\"canonical\" href=\"https:\/\/sardamatic.it\/prodotto\/punte-ad-alta-penetrazione\/\" \/>\n<meta property=\"og:locale\" content=\"it_IT\" \/>\n<meta property=\"og:type\" content=\"article\" \/>\n<meta property=\"og:title\" content=\"[:it]Punte ad alta penetrazione[:] - Sardamatic\" \/>\n<meta property=\"og:description\" content=\"Le punte ad alta penetrazione Sardamatic sono realizzate interamente in acciaio inox di alta qualit\u00e0, garantendo massima robustezza, precisione e resistenza all\u2019usura, anche nelle condizioni marine pi\u00f9 impegnative. La lavorazione accurata consente di ottenere quattro angoli taglienti perfettamente definiti, progettati per assicurare una penetrazione rapida ed efficace, riducendo al minimo l\u2019attrito e ottimizzando la forza [&hellip;]\" \/>\n<meta property=\"og:url\" content=\"https:\/\/sardamatic.it\/prodotto\/punte-ad-alta-penetrazione\/\" \/>\n<meta property=\"og:site_name\" content=\"Sardamatic\" \/>\n<meta property=\"og:image\" content=\"https:\/\/sardamatic.it\/wp-content\/uploads\/2019\/11\/Punta-per-arpione-ad-alta-penetrazione-aperta.jpg\" \/>\n\t<meta property=\"og:image:width\" content=\"510\" \/>\n\t<meta property=\"og:image:height\" content=\"402\" \/>\n\t<meta property=\"og:image:type\" content=\"image\/jpeg\" \/>\n<meta name=\"twitter:card\" content=\"summary_large_image\" \/>\n<meta name=\"twitter:label1\" content=\"Tempo di lettura stimato\" \/>\n\t<meta name=\"twitter:data1\" content=\"1 minuto\" \/>\n<script type=\"application\/ld+json\" class=\"yoast-schema-graph\">{\"@context\":\"https:\/\/schema.org\",\"@graph\":[{\"@type\":\"WebPage\",\"@id\":\"https:\/\/sardamatic.it\/prodotto\/punte-ad-alta-penetrazione\/\",\"url\":\"https:\/\/sardamatic.it\/prodotto\/punte-ad-alta-penetrazione\/\",\"name\":\"[:it]Punte ad alta penetrazione[:] - Sardamatic\",\"isPartOf\":{\"@id\":\"https:\/\/sardamatic.it\/it\/#website\"},\"primaryImageOfPage\":{\"@id\":\"https:\/\/sardamatic.it\/prodotto\/punte-ad-alta-penetrazione\/#primaryimage\"},\"image\":{\"@id\":\"https:\/\/sardamatic.it\/prodotto\/punte-ad-alta-penetrazione\/#primaryimage\"},\"thumbnailUrl\":\"https:\/\/sardamatic.it\/wp-content\/uploads\/2019\/11\/Punta-per-arpione-ad-alta-penetrazione-aperta.jpg\",\"datePublished\":\"2025-02-12T14:25:40+00:00\",\"dateModified\":\"2025-02-12T14:25:40+00:00\",\"breadcrumb\":{\"@id\":\"https:\/\/sardamatic.it\/prodotto\/punte-ad-alta-penetrazione\/#breadcrumb\"},\"inLanguage\":\"it-IT\",\"potentialAction\":[{\"@type\":\"ReadAction\",\"target\":[\"https:\/\/sardamatic.it\/prodotto\/punte-ad-alta-penetrazione\/\"]}]},{\"@type\":\"ImageObject\",\"inLanguage\":\"it-IT\",\"@id\":\"https:\/\/sardamatic.it\/prodotto\/punte-ad-alta-penetrazione\/#primaryimage\",\"url\":\"https:\/\/sardamatic.it\/wp-content\/uploads\/2019\/11\/Punta-per-arpione-ad-alta-penetrazione-aperta.jpg\",\"contentUrl\":\"https:\/\/sardamatic.it\/wp-content\/uploads\/2019\/11\/Punta-per-arpione-ad-alta-penetrazione-aperta.jpg\",\"width\":510,\"height\":402},{\"@type\":\"BreadcrumbList\",\"@id\":\"https:\/\/sardamatic.it\/prodotto\/punte-ad-alta-penetrazione\/#breadcrumb\",\"itemListElement\":[{\"@type\":\"ListItem\",\"position\":1,\"name\":\"Home\",\"item\":\"https:\/\/sardamatic.it\/\"},{\"@type\":\"ListItem\",\"position\":2,\"name\":\"[:it]Shop[:]\",\"item\":\"https:\/\/sardamatic.it\/shop\/\"},{\"@type\":\"ListItem\",\"position\":3,\"name\":\"Punte ad alta penetrazione\"}]},{\"@type\":\"WebSite\",\"@id\":\"https:\/\/sardamatic.it\/it\/#website\",\"url\":\"https:\/\/sardamatic.it\/it\/\",\"name\":\"Sardamatic\",\"description\":\"Solo un altro sito WordPress\",\"publisher\":{\"@id\":\"https:\/\/sardamatic.it\/it\/#organization\"},\"potentialAction\":[{\"@type\":\"SearchAction\",\"target\":{\"@type\":\"EntryPoint\",\"urlTemplate\":\"https:\/\/sardamatic.it\/it\/?s={search_term_string}\"},\"query-input\":\"required name=search_term_string\"}],\"inLanguage\":\"it-IT\"},{\"@type\":\"Organization\",\"@id\":\"https:\/\/sardamatic.it\/it\/#organization\",\"name\":\"Sardamatic\",\"url\":\"https:\/\/sardamatic.it\/it\/\",\"logo\":{\"@type\":\"ImageObject\",\"inLanguage\":\"it-IT\",\"@id\":\"https:\/\/sardamatic.it\/it\/#\/schema\/logo\/image\/\",\"url\":\"https:\/\/sardamatic.it\/wp-content\/uploads\/2017\/11\/logo-1.png\",\"contentUrl\":\"https:\/\/sardamatic.it\/wp-content\/uploads\/2017\/11\/logo-1.png\",\"width\":211,\"height\":70,\"caption\":\"Sardamatic\"},\"image\":{\"@id\":\"https:\/\/sardamatic.it\/it\/#\/schema\/logo\/image\/\"}}]}<\/script>\n<!-- \/ Yoast SEO plugin. -->","yoast_head_json":{"title":"[:it]Punte ad alta penetrazione[:] - Sardamatic","robots":{"index":"index","follow":"follow","max-snippet":"max-snippet:-1","max-image-preview":"max-image-preview:large","max-video-preview":"max-video-preview:-1"},"canonical":"https:\/\/sardamatic.it\/prodotto\/punte-ad-alta-penetrazione\/","og_locale":"it_IT","og_type":"article","og_title":"[:it]Punte ad alta penetrazione[:] - Sardamatic","og_description":"Le punte ad alta penetrazione Sardamatic sono realizzate interamente in acciaio inox di alta qualit\u00e0, garantendo massima robustezza, precisione e resistenza all\u2019usura, anche nelle condizioni marine pi\u00f9 impegnative. La lavorazione accurata consente di ottenere quattro angoli taglienti perfettamente definiti, progettati per assicurare una penetrazione rapida ed efficace, riducendo al minimo l\u2019attrito e ottimizzando la forza [&hellip;]","og_url":"https:\/\/sardamatic.it\/prodotto\/punte-ad-alta-penetrazione\/","og_site_name":"Sardamatic","og_image":[{"width":510,"height":402,"url":"https:\/\/sardamatic.it\/wp-content\/uploads\/2019\/11\/Punta-per-arpione-ad-alta-penetrazione-aperta.jpg","type":"image\/jpeg"}],"twitter_card":"summary_large_image","twitter_misc":{"Tempo di lettura stimato":"1 minuto"},"schema":{"@context":"https:\/\/schema.org","@graph":[{"@type":"WebPage","@id":"https:\/\/sardamatic.it\/prodotto\/punte-ad-alta-penetrazione\/","url":"https:\/\/sardamatic.it\/prodotto\/punte-ad-alta-penetrazione\/","name":"[:it]Punte ad alta penetrazione[:] - Sardamatic","isPartOf":{"@id":"https:\/\/sardamatic.it\/it\/#website"},"primaryImageOfPage":{"@id":"https:\/\/sardamatic.it\/prodotto\/punte-ad-alta-penetrazione\/#primaryimage"},"image":{"@id":"https:\/\/sardamatic.it\/prodotto\/punte-ad-alta-penetrazione\/#primaryimage"},"thumbnailUrl":"https:\/\/sardamatic.it\/wp-content\/uploads\/2019\/11\/Punta-per-arpione-ad-alta-penetrazione-aperta.jpg","datePublished":"2025-02-12T14:25:40+00:00","dateModified":"2025-02-12T14:25:40+00:00","breadcrumb":{"@id":"https:\/\/sardamatic.it\/prodotto\/punte-ad-alta-penetrazione\/#breadcrumb"},"inLanguage":"it-IT","potentialAction":[{"@type":"ReadAction","target":["https:\/\/sardamatic.it\/prodotto\/punte-ad-alta-penetrazione\/"]}]},{"@type":"ImageObject","inLanguage":"it-IT","@id":"https:\/\/sardamatic.it\/prodotto\/punte-ad-alta-penetrazione\/#primaryimage","url":"https:\/\/sardamatic.it\/wp-content\/uploads\/2019\/11\/Punta-per-arpione-ad-alta-penetrazione-aperta.jpg","contentUrl":"https:\/\/sardamatic.it\/wp-content\/uploads\/2019\/11\/Punta-per-arpione-ad-alta-penetrazione-aperta.jpg","width":510,"height":402},{"@type":"BreadcrumbList","@id":"https:\/\/sardamatic.it\/prodotto\/punte-ad-alta-penetrazione\/#breadcrumb","itemListElement":[{"@type":"ListItem","position":1,"name":"Home","item":"https:\/\/sardamatic.it\/"},{"@type":"ListItem","position":2,"name":"[:it]Shop[:]","item":"https:\/\/sardamatic.it\/shop\/"},{"@type":"ListItem","position":3,"name":"Punte ad alta penetrazione"}]},{"@type":"WebSite","@id":"https:\/\/sardamatic.it\/it\/#website","url":"https:\/\/sardamatic.it\/it\/","name":"Sardamatic","description":"Solo un altro sito WordPress","publisher":{"@id":"https:\/\/sardamatic.it\/it\/#organization"},"potentialAction":[{"@type":"SearchAction","target":{"@type":"EntryPoint","urlTemplate":"https:\/\/sardamatic.it\/it\/?s={search_term_string}"},"query-input":"required name=search_term_string"}],"inLanguage":"it-IT"},{"@type":"Organization","@id":"https:\/\/sardamatic.it\/it\/#organization","name":"Sardamatic","url":"https:\/\/sardamatic.it\/it\/","logo":{"@type":"ImageObject","inLanguage":"it-IT","@id":"https:\/\/sardamatic.it\/it\/#\/schema\/logo\/image\/","url":"https:\/\/sardamatic.it\/wp-content\/uploads\/2017\/11\/logo-1.png","contentUrl":"https:\/\/sardamatic.it\/wp-content\/uploads\/2017\/11\/logo-1.png","width":211,"height":70,"caption":"Sardamatic"},"image":{"@id":"https:\/\/sardamatic.it\/it\/#\/schema\/logo\/image\/"}}]}},"_links":{"self":[{"href":"https:\/\/sardamatic.it\/it\/wp-json\/wp\/v2\/product\/58200"}],"collection":[{"href":"https:\/\/sardamatic.it\/it\/wp-json\/wp\/v2\/product"}],"about":[{"href":"https:\/\/sardamatic.it\/it\/wp-json\/wp\/v2\/types\/product"}],"wp:featuredmedia":[{"embeddable":true,"href":"https:\/\/sardamatic.it\/it\/wp-json\/wp\/v2\/media\/57401"}],"wp:attachment":[{"href":"https:\/\/sardamatic.it\/it\/wp-json\/wp\/v2\/media?parent=58200"}],"wp:term":[{"taxonomy":"product_cat","embeddable":true,"href":"https:\/\/sardamatic.it\/it\/wp-json\/wp\/v2\/product_cat?post=58200"},{"taxonomy":"product_tag","embeddable":true,"href":"https:\/\/sardamatic.it\/it\/wp-json\/wp\/v2\/product_tag?post=58200"}],"curies":[{"name":"wp","href":"https:\/\/api.w.org\/{rel}","templated":true}]}}