{"id":58241,"date":"2025-05-07T19:23:41","date_gmt":"2025-05-07T17:23:41","guid":{"rendered":"https:\/\/sardamatic.it\/?post_type=product&#038;p=58241"},"modified":"2025-05-07T19:27:10","modified_gmt":"2025-05-07T17:27:10","slug":"doppia-fascia-regolabile","status":"publish","type":"product","link":"https:\/\/sardamatic.it\/it\/prodotto\/doppia-fascia-regolabile\/","title":{"rendered":"Doppia fascia regolabile"},"content":{"rendered":"<p><\/p>\n<p class=\"\" data-start=\"62\" data-end=\"149\"><strong data-start=\"62\" data-end=\"149\">Supporto ideale per il combattimento stand-up.<\/strong><\/p>\n<p class=\"\" data-start=\"151\" data-end=\"557\">Progettata per offrire il massimo supporto durante le fasi pi\u00f9 intense della pesca sportiva, la doppia fascia regolabile Sardamatic \u00e8 lo strumento ideale per affrontare combattimenti stand-up con grandi prede. Grazie al suo design ergonomico, consente di sfruttare in modo ottimale il proprio peso corporeo, riducendo lo sforzo fisico necessario e massimizzando la trazione esercitata sulla canna da pesca.<\/p>\n<p class=\"\" data-start=\"559\" data-end=\"779\">La struttura \u00e8 realizzata in <strong data-start=\"588\" data-end=\"624\">nylon rinforzato di alta qualit\u00e0<\/strong>, resistente all&#8217;usura e all&#8217;acqua salata, pensata per garantire lunga durata anche in condizioni marine impegnative. \u00c8 composta da due fasce principali:<\/p>\n<ul data-start=\"780\" data-end=\"1063\">\n<li class=\"\" data-start=\"780\" data-end=\"910\">\n<p class=\"\" data-start=\"782\" data-end=\"910\"><strong data-start=\"782\" data-end=\"817\">una fascia ampia per la schiena<\/strong>, che distribuisce uniformemente il carico e allevia la pressione sulla colonna vertebrale<\/p>\n<\/li>\n<li class=\"\" data-start=\"911\" data-end=\"1063\">\n<p class=\"\" data-start=\"913\" data-end=\"1063\"><strong data-start=\"913\" data-end=\"951\">e una fascia pi\u00f9 stretta da seduta<\/strong>, che consente una posizione stabile e sicura, migliorando l\u2019equilibrio e il controllo durante il combattimento.<\/p>\n<\/li>\n<\/ul>\n<p class=\"\" data-start=\"1065\" data-end=\"1435\">Entrambe le fasce sono <strong data-start=\"1088\" data-end=\"1116\">completamente regolabili<\/strong>, per adattarsi facilmente a diverse corporature e garantire il massimo comfort e aderenza. Leggera, robusta e facile da indossare, la doppia fascia Sardamatic \u00e8 la scelta ideale per ogni pescatore sportivo che desidera affrontare lunghe sessioni di pesca in piedi, mantenendo potenza, stabilit\u00e0 e libert\u00e0 di movimento.<\/p>\n<p><\/p>","protected":false},"excerpt":{"rendered":"<p>Supporto ideale per il combattimento stand-up. Progettata per offrire il massimo supporto durante le fasi pi\u00f9 intense della pesca sportiva, la doppia fascia regolabile Sardamatic \u00e8 lo strumento ideale per affrontare combattimenti stand-up con grandi prede. Grazie al suo design ergonomico, consente di sfruttare in modo ottimale il proprio peso corporeo, riducendo lo sforzo fisico [&hellip;]<\/p>\n","protected":false},"featured_media":57431,"template":"","meta":{"site-sidebar-layout":"default","site-content-layout":"","ast-site-content-layout":"default","site-content-style":"default","site-sidebar-style":"default","ast-global-header-display":"","ast-banner-title-visibility":"","ast-main-header-display":"","ast-hfb-above-header-display":"","ast-hfb-below-header-display":"","ast-hfb-mobile-header-display":"","site-post-title":"","ast-breadcrumbs-content":"","ast-featured-img":"","footer-sml-layout":"","theme-transparent-header-meta":"default","adv-header-id-meta":"","stick-header-meta":"","header-above-stick-meta":"","header-main-stick-meta":"","header-below-stick-meta":"","astra-migrate-meta-layouts":"set","ast-page-background-enabled":"default","ast-page-background-meta":{"desktop":{"background-color":"var(--ast-global-color-4)","background-image":"","background-repeat":"repeat","background-position":"center center","background-size":"auto","background-attachment":"scroll","background-type":"","background-media":"","overlay-type":"","overlay-color":"","overlay-gradient":""},"tablet":{"background-color":"","background-image":"","background-repeat":"repeat","background-position":"center center","background-size":"auto","background-attachment":"scroll","background-type":"","background-media":"","overlay-type":"","overlay-color":"","overlay-gradient":""},"mobile":{"background-color":"","background-image":"","background-repeat":"repeat","background-position":"center center","background-size":"auto","background-attachment":"scroll","background-type":"","background-media":"","overlay-type":"","overlay-color":"","overlay-gradient":""}},"ast-content-background-meta":{"desktop":{"background-color":"var(--ast-global-color-5)","background-image":"","background-repeat":"repeat","background-position":"center center","background-size":"auto","background-attachment":"scroll","background-type":"","background-media":"","overlay-type":"","overlay-color":"","overlay-gradient":""},"tablet":{"background-color":"var(--ast-global-color-5)","background-image":"","background-repeat":"repeat","background-position":"center center","background-size":"auto","background-attachment":"scroll","background-type":"","background-media":"","overlay-type":"","overlay-color":"","overlay-gradient":""},"mobile":{"background-color":"var(--ast-global-color-5)","background-image":"","background-repeat":"repeat","background-position":"center center","background-size":"auto","background-attachment":"scroll","background-type":"","background-media":"","overlay-type":"","overlay-color":"","overlay-gradient":""}}},"product_cat":[102],"product_tag":[],"yoast_head":"<!-- This site is optimized with the Yoast SEO plugin v23.2 - https:\/\/yoast.com\/wordpress\/plugins\/seo\/ -->\n<title>Doppia fascia regolabile - Sardamatic<\/title>\n<meta name=\"description\" content=\"Supporto ideale per il combattimento stand-upProgettata per offrire il massimo supporto durante le fasi pi\u00f9 intense della pesca sportiva, la doppia fascia regolabile Sardamatic \u00e8 lo strumento ideale per affrontare combattimenti stand-up con grandi prede. Grazie al suo design ergonomico, consente di sfruttare in modo ottimale il proprio peso corporeo, riducendo lo sforzo fisico necessario e massimizzando la trazione esercitata sulla canna da pesca.La struttura \u00e8 realizzata in nylon rinforzato di alta qualit\u00e0, resistente all&#039;usura e all&#039;acqua salata, pensata per garantire lunga durata anche in condizioni marine impegnative. \u00c8 composta da due fasce principali:una fascia ampia per la schiena, che distribuisce uniformemente il carico e allevia la pressione sulla colonna vertebrale,e una fascia pi\u00f9 stretta da seduta, che consente una posizione stabile e sicura, migliorando l\u2019equilibrio e il controllo durante il combattimento.Entrambe le fasce sono completamente regolabili, per adattarsi facilmente a diverse corporature e garantire il massimo comfort e aderenza. Leggera, robusta e facile da indossare, la doppia fascia Sardamatic \u00e8 la scelta ideale per ogni pescatore sportivo che desidera affrontare lunghe sessioni di pesca in piedi, mantenendo potenza, stabilit\u00e0 e libert\u00e0 di movimento.\" \/>\n<meta name=\"robots\" content=\"index, follow, max-snippet:-1, max-image-preview:large, max-video-preview:-1\" \/>\n<link rel=\"canonical\" href=\"https:\/\/sardamatic.it\/prodotto\/doppia-fascia-regolabile\/\" \/>\n<meta property=\"og:locale\" content=\"it_IT\" \/>\n<meta property=\"og:type\" content=\"article\" \/>\n<meta property=\"og:title\" content=\"[:it]Doppia fascia regolabile[:] - Sardamatic\" \/>\n<meta property=\"og:description\" content=\"Supporto ideale per il combattimento stand-upProgettata per offrire il massimo supporto durante le fasi pi\u00f9 intense della pesca sportiva, la doppia fascia regolabile Sardamatic \u00e8 lo strumento ideale per affrontare combattimenti stand-up con grandi prede. Grazie al suo design ergonomico, consente di sfruttare in modo ottimale il proprio peso corporeo, riducendo lo sforzo fisico necessario e massimizzando la trazione esercitata sulla canna da pesca.La struttura \u00e8 realizzata in nylon rinforzato di alta qualit\u00e0, resistente all&#039;usura e all&#039;acqua salata, pensata per garantire lunga durata anche in condizioni marine impegnative. \u00c8 composta da due fasce principali:una fascia ampia per la schiena, che distribuisce uniformemente il carico e allevia la pressione sulla colonna vertebrale,e una fascia pi\u00f9 stretta da seduta, che consente una posizione stabile e sicura, migliorando l\u2019equilibrio e il controllo durante il combattimento.Entrambe le fasce sono completamente regolabili, per adattarsi facilmente a diverse corporature e garantire il massimo comfort e aderenza. Leggera, robusta e facile da indossare, la doppia fascia Sardamatic \u00e8 la scelta ideale per ogni pescatore sportivo che desidera affrontare lunghe sessioni di pesca in piedi, mantenendo potenza, stabilit\u00e0 e libert\u00e0 di movimento.\" \/>\n<meta property=\"og:url\" content=\"https:\/\/sardamatic.it\/prodotto\/doppia-fascia-regolabile\/\" \/>\n<meta property=\"og:site_name\" content=\"Sardamatic\" \/>\n<meta property=\"article:modified_time\" content=\"2025-05-07T17:27:10+00:00\" \/>\n<meta property=\"og:image\" content=\"https:\/\/sardamatic.it\/wp-content\/uploads\/2019\/11\/Doppia-fascia-reg.-stand-up.jpg\" \/>\n\t<meta property=\"og:image:width\" content=\"768\" \/>\n\t<meta property=\"og:image:height\" content=\"512\" \/>\n\t<meta property=\"og:image:type\" content=\"image\/jpeg\" \/>\n<meta name=\"twitter:card\" content=\"summary_large_image\" \/>\n<meta name=\"twitter:label1\" content=\"Tempo di lettura stimato\" \/>\n\t<meta name=\"twitter:data1\" content=\"2 minuti\" \/>\n<script type=\"application\/ld+json\" class=\"yoast-schema-graph\">{\"@context\":\"https:\/\/schema.org\",\"@graph\":[{\"@type\":\"WebPage\",\"@id\":\"https:\/\/sardamatic.it\/prodotto\/doppia-fascia-regolabile\/\",\"url\":\"https:\/\/sardamatic.it\/prodotto\/doppia-fascia-regolabile\/\",\"name\":\"[:it]Doppia fascia regolabile[:] - Sardamatic\",\"isPartOf\":{\"@id\":\"https:\/\/sardamatic.it\/it\/#website\"},\"primaryImageOfPage\":{\"@id\":\"https:\/\/sardamatic.it\/prodotto\/doppia-fascia-regolabile\/#primaryimage\"},\"image\":{\"@id\":\"https:\/\/sardamatic.it\/prodotto\/doppia-fascia-regolabile\/#primaryimage\"},\"thumbnailUrl\":\"https:\/\/sardamatic.it\/wp-content\/uploads\/2019\/11\/Doppia-fascia-reg.-stand-up.jpg\",\"datePublished\":\"2025-05-07T17:23:41+00:00\",\"dateModified\":\"2025-05-07T17:27:10+00:00\",\"description\":\"Supporto ideale per il combattimento stand-upProgettata per offrire il massimo supporto durante le fasi pi\u00f9 intense della pesca sportiva, la doppia fascia regolabile Sardamatic \u00e8 lo strumento ideale per affrontare combattimenti stand-up con grandi prede. Grazie al suo design ergonomico, consente di sfruttare in modo ottimale il proprio peso corporeo, riducendo lo sforzo fisico necessario e massimizzando la trazione esercitata sulla canna da pesca.La struttura \u00e8 realizzata in nylon rinforzato di alta qualit\u00e0, resistente all'usura e all'acqua salata, pensata per garantire lunga durata anche in condizioni marine impegnative. \u00c8 composta da due fasce principali:una fascia ampia per la schiena, che distribuisce uniformemente il carico e allevia la pressione sulla colonna vertebrale,e una fascia pi\u00f9 stretta da seduta, che consente una posizione stabile e sicura, migliorando l\u2019equilibrio e il controllo durante il combattimento.Entrambe le fasce sono completamente regolabili, per adattarsi facilmente a diverse corporature e garantire il massimo comfort e aderenza. Leggera, robusta e facile da indossare, la doppia fascia Sardamatic \u00e8 la scelta ideale per ogni pescatore sportivo che desidera affrontare lunghe sessioni di pesca in piedi, mantenendo potenza, stabilit\u00e0 e libert\u00e0 di movimento.\",\"breadcrumb\":{\"@id\":\"https:\/\/sardamatic.it\/prodotto\/doppia-fascia-regolabile\/#breadcrumb\"},\"inLanguage\":\"it-IT\",\"potentialAction\":[{\"@type\":\"ReadAction\",\"target\":[\"https:\/\/sardamatic.it\/prodotto\/doppia-fascia-regolabile\/\"]}]},{\"@type\":\"ImageObject\",\"inLanguage\":\"it-IT\",\"@id\":\"https:\/\/sardamatic.it\/prodotto\/doppia-fascia-regolabile\/#primaryimage\",\"url\":\"https:\/\/sardamatic.it\/wp-content\/uploads\/2019\/11\/Doppia-fascia-reg.-stand-up.jpg\",\"contentUrl\":\"https:\/\/sardamatic.it\/wp-content\/uploads\/2019\/11\/Doppia-fascia-reg.-stand-up.jpg\",\"width\":768,\"height\":512},{\"@type\":\"BreadcrumbList\",\"@id\":\"https:\/\/sardamatic.it\/prodotto\/doppia-fascia-regolabile\/#breadcrumb\",\"itemListElement\":[{\"@type\":\"ListItem\",\"position\":1,\"name\":\"Home\",\"item\":\"https:\/\/sardamatic.it\/\"},{\"@type\":\"ListItem\",\"position\":2,\"name\":\"[:it]Shop[:]\",\"item\":\"https:\/\/sardamatic.it\/shop\/\"},{\"@type\":\"ListItem\",\"position\":3,\"name\":\"Doppia fascia regolabile\"}]},{\"@type\":\"WebSite\",\"@id\":\"https:\/\/sardamatic.it\/it\/#website\",\"url\":\"https:\/\/sardamatic.it\/it\/\",\"name\":\"Sardamatic\",\"description\":\"Solo un altro sito WordPress\",\"publisher\":{\"@id\":\"https:\/\/sardamatic.it\/it\/#organization\"},\"potentialAction\":[{\"@type\":\"SearchAction\",\"target\":{\"@type\":\"EntryPoint\",\"urlTemplate\":\"https:\/\/sardamatic.it\/it\/?s={search_term_string}\"},\"query-input\":\"required name=search_term_string\"}],\"inLanguage\":\"it-IT\"},{\"@type\":\"Organization\",\"@id\":\"https:\/\/sardamatic.it\/it\/#organization\",\"name\":\"Sardamatic\",\"url\":\"https:\/\/sardamatic.it\/it\/\",\"logo\":{\"@type\":\"ImageObject\",\"inLanguage\":\"it-IT\",\"@id\":\"https:\/\/sardamatic.it\/it\/#\/schema\/logo\/image\/\",\"url\":\"https:\/\/sardamatic.it\/wp-content\/uploads\/2017\/11\/logo-1.png\",\"contentUrl\":\"https:\/\/sardamatic.it\/wp-content\/uploads\/2017\/11\/logo-1.png\",\"width\":211,\"height\":70,\"caption\":\"Sardamatic\"},\"image\":{\"@id\":\"https:\/\/sardamatic.it\/it\/#\/schema\/logo\/image\/\"}}]}<\/script>\n<!-- \/ Yoast SEO plugin. -->","yoast_head_json":{"title":"[:it]Doppia fascia regolabile[:] - Sardamatic","description":"Supporto ideale per il combattimento stand-upProgettata per offrire il massimo supporto durante le fasi pi\u00f9 intense della pesca sportiva, la doppia fascia regolabile Sardamatic \u00e8 lo strumento ideale per affrontare combattimenti stand-up con grandi prede. Grazie al suo design ergonomico, consente di sfruttare in modo ottimale il proprio peso corporeo, riducendo lo sforzo fisico necessario e massimizzando la trazione esercitata sulla canna da pesca.La struttura \u00e8 realizzata in nylon rinforzato di alta qualit\u00e0, resistente all'usura e all'acqua salata, pensata per garantire lunga durata anche in condizioni marine impegnative. \u00c8 composta da due fasce principali:una fascia ampia per la schiena, che distribuisce uniformemente il carico e allevia la pressione sulla colonna vertebrale,e una fascia pi\u00f9 stretta da seduta, che consente una posizione stabile e sicura, migliorando l\u2019equilibrio e il controllo durante il combattimento.Entrambe le fasce sono completamente regolabili, per adattarsi facilmente a diverse corporature e garantire il massimo comfort e aderenza. Leggera, robusta e facile da indossare, la doppia fascia Sardamatic \u00e8 la scelta ideale per ogni pescatore sportivo che desidera affrontare lunghe sessioni di pesca in piedi, mantenendo potenza, stabilit\u00e0 e libert\u00e0 di movimento.","robots":{"index":"index","follow":"follow","max-snippet":"max-snippet:-1","max-image-preview":"max-image-preview:large","max-video-preview":"max-video-preview:-1"},"canonical":"https:\/\/sardamatic.it\/prodotto\/doppia-fascia-regolabile\/","og_locale":"it_IT","og_type":"article","og_title":"[:it]Doppia fascia regolabile[:] - Sardamatic","og_description":"Supporto ideale per il combattimento stand-upProgettata per offrire il massimo supporto durante le fasi pi\u00f9 intense della pesca sportiva, la doppia fascia regolabile Sardamatic \u00e8 lo strumento ideale per affrontare combattimenti stand-up con grandi prede. Grazie al suo design ergonomico, consente di sfruttare in modo ottimale il proprio peso corporeo, riducendo lo sforzo fisico necessario e massimizzando la trazione esercitata sulla canna da pesca.La struttura \u00e8 realizzata in nylon rinforzato di alta qualit\u00e0, resistente all'usura e all'acqua salata, pensata per garantire lunga durata anche in condizioni marine impegnative. \u00c8 composta da due fasce principali:una fascia ampia per la schiena, che distribuisce uniformemente il carico e allevia la pressione sulla colonna vertebrale,e una fascia pi\u00f9 stretta da seduta, che consente una posizione stabile e sicura, migliorando l\u2019equilibrio e il controllo durante il combattimento.Entrambe le fasce sono completamente regolabili, per adattarsi facilmente a diverse corporature e garantire il massimo comfort e aderenza. Leggera, robusta e facile da indossare, la doppia fascia Sardamatic \u00e8 la scelta ideale per ogni pescatore sportivo che desidera affrontare lunghe sessioni di pesca in piedi, mantenendo potenza, stabilit\u00e0 e libert\u00e0 di movimento.","og_url":"https:\/\/sardamatic.it\/prodotto\/doppia-fascia-regolabile\/","og_site_name":"Sardamatic","article_modified_time":"2025-05-07T17:27:10+00:00","og_image":[{"width":768,"height":512,"url":"https:\/\/sardamatic.it\/wp-content\/uploads\/2019\/11\/Doppia-fascia-reg.-stand-up.jpg","type":"image\/jpeg"}],"twitter_card":"summary_large_image","twitter_misc":{"Tempo di lettura stimato":"2 minuti"},"schema":{"@context":"https:\/\/schema.org","@graph":[{"@type":"WebPage","@id":"https:\/\/sardamatic.it\/prodotto\/doppia-fascia-regolabile\/","url":"https:\/\/sardamatic.it\/prodotto\/doppia-fascia-regolabile\/","name":"[:it]Doppia fascia regolabile[:] - Sardamatic","isPartOf":{"@id":"https:\/\/sardamatic.it\/it\/#website"},"primaryImageOfPage":{"@id":"https:\/\/sardamatic.it\/prodotto\/doppia-fascia-regolabile\/#primaryimage"},"image":{"@id":"https:\/\/sardamatic.it\/prodotto\/doppia-fascia-regolabile\/#primaryimage"},"thumbnailUrl":"https:\/\/sardamatic.it\/wp-content\/uploads\/2019\/11\/Doppia-fascia-reg.-stand-up.jpg","datePublished":"2025-05-07T17:23:41+00:00","dateModified":"2025-05-07T17:27:10+00:00","description":"Supporto ideale per il combattimento stand-upProgettata per offrire il massimo supporto durante le fasi pi\u00f9 intense della pesca sportiva, la doppia fascia regolabile Sardamatic \u00e8 lo strumento ideale per affrontare combattimenti stand-up con grandi prede. Grazie al suo design ergonomico, consente di sfruttare in modo ottimale il proprio peso corporeo, riducendo lo sforzo fisico necessario e massimizzando la trazione esercitata sulla canna da pesca.La struttura \u00e8 realizzata in nylon rinforzato di alta qualit\u00e0, resistente all'usura e all'acqua salata, pensata per garantire lunga durata anche in condizioni marine impegnative. \u00c8 composta da due fasce principali:una fascia ampia per la schiena, che distribuisce uniformemente il carico e allevia la pressione sulla colonna vertebrale,e una fascia pi\u00f9 stretta da seduta, che consente una posizione stabile e sicura, migliorando l\u2019equilibrio e il controllo durante il combattimento.Entrambe le fasce sono completamente regolabili, per adattarsi facilmente a diverse corporature e garantire il massimo comfort e aderenza. Leggera, robusta e facile da indossare, la doppia fascia Sardamatic \u00e8 la scelta ideale per ogni pescatore sportivo che desidera affrontare lunghe sessioni di pesca in piedi, mantenendo potenza, stabilit\u00e0 e libert\u00e0 di movimento.","breadcrumb":{"@id":"https:\/\/sardamatic.it\/prodotto\/doppia-fascia-regolabile\/#breadcrumb"},"inLanguage":"it-IT","potentialAction":[{"@type":"ReadAction","target":["https:\/\/sardamatic.it\/prodotto\/doppia-fascia-regolabile\/"]}]},{"@type":"ImageObject","inLanguage":"it-IT","@id":"https:\/\/sardamatic.it\/prodotto\/doppia-fascia-regolabile\/#primaryimage","url":"https:\/\/sardamatic.it\/wp-content\/uploads\/2019\/11\/Doppia-fascia-reg.-stand-up.jpg","contentUrl":"https:\/\/sardamatic.it\/wp-content\/uploads\/2019\/11\/Doppia-fascia-reg.-stand-up.jpg","width":768,"height":512},{"@type":"BreadcrumbList","@id":"https:\/\/sardamatic.it\/prodotto\/doppia-fascia-regolabile\/#breadcrumb","itemListElement":[{"@type":"ListItem","position":1,"name":"Home","item":"https:\/\/sardamatic.it\/"},{"@type":"ListItem","position":2,"name":"[:it]Shop[:]","item":"https:\/\/sardamatic.it\/shop\/"},{"@type":"ListItem","position":3,"name":"Doppia fascia regolabile"}]},{"@type":"WebSite","@id":"https:\/\/sardamatic.it\/it\/#website","url":"https:\/\/sardamatic.it\/it\/","name":"Sardamatic","description":"Solo un altro sito WordPress","publisher":{"@id":"https:\/\/sardamatic.it\/it\/#organization"},"potentialAction":[{"@type":"SearchAction","target":{"@type":"EntryPoint","urlTemplate":"https:\/\/sardamatic.it\/it\/?s={search_term_string}"},"query-input":"required name=search_term_string"}],"inLanguage":"it-IT"},{"@type":"Organization","@id":"https:\/\/sardamatic.it\/it\/#organization","name":"Sardamatic","url":"https:\/\/sardamatic.it\/it\/","logo":{"@type":"ImageObject","inLanguage":"it-IT","@id":"https:\/\/sardamatic.it\/it\/#\/schema\/logo\/image\/","url":"https:\/\/sardamatic.it\/wp-content\/uploads\/2017\/11\/logo-1.png","contentUrl":"https:\/\/sardamatic.it\/wp-content\/uploads\/2017\/11\/logo-1.png","width":211,"height":70,"caption":"Sardamatic"},"image":{"@id":"https:\/\/sardamatic.it\/it\/#\/schema\/logo\/image\/"}}]}},"_links":{"self":[{"href":"https:\/\/sardamatic.it\/it\/wp-json\/wp\/v2\/product\/58241"}],"collection":[{"href":"https:\/\/sardamatic.it\/it\/wp-json\/wp\/v2\/product"}],"about":[{"href":"https:\/\/sardamatic.it\/it\/wp-json\/wp\/v2\/types\/product"}],"wp:featuredmedia":[{"embeddable":true,"href":"https:\/\/sardamatic.it\/it\/wp-json\/wp\/v2\/media\/57431"}],"wp:attachment":[{"href":"https:\/\/sardamatic.it\/it\/wp-json\/wp\/v2\/media?parent=58241"}],"wp:term":[{"taxonomy":"product_cat","embeddable":true,"href":"https:\/\/sardamatic.it\/it\/wp-json\/wp\/v2\/product_cat?post=58241"},{"taxonomy":"product_tag","embeddable":true,"href":"https:\/\/sardamatic.it\/it\/wp-json\/wp\/v2\/product_tag?post=58241"}],"curies":[{"name":"wp","href":"https:\/\/api.w.org\/{rel}","templated":true}]}}