{"id":58249,"date":"2025-06-09T11:41:58","date_gmt":"2025-06-09T09:41:58","guid":{"rendered":"https:\/\/sardamatic.it\/?post_type=product&#038;p=58249"},"modified":"2025-06-09T11:41:58","modified_gmt":"2025-06-09T09:41:58","slug":"giubbino-dorsale","status":"publish","type":"product","link":"https:\/\/sardamatic.it\/it\/prodotto\/giubbino-dorsale\/","title":{"rendered":"Giubbino Dorsale"},"content":{"rendered":"<p><\/p>\n<p data-start=\"183\" data-end=\"598\">Il Giubbino Dorsale Sardamatic \u00e8 un accessorio indispensabile per affrontare con efficacia e sicurezza i combattimenti \u201cpesanti\u201d con prede di grandi dimensioni. Progettato per rispondere alle necessit\u00e0 dei pescatori pi\u00f9 esigenti, questo giubbino \u00e8 il risultato di un\u2019attenta ricerca ergonomica, pensata per offrire il massimo supporto e comfort durante le fasi pi\u00f9 intense della pesca sportiva.<\/p>\n<p data-start=\"600\" data-end=\"1005\">L\u2019ergonomia avanzata consente una distribuzione ottimale dello sforzo su tutta l\u2019area scapolare, riducendo l\u2019affaticamento muscolare e migliorando la stabilit\u00e0 durante la trazione. Le fasce incrociate posteriori, realizzate con una particolare intessitura ad alta tenacit\u00e0, garantiscono una resistenza eccezionale anche sotto sollecitazioni estreme, assicurando durata nel tempo.<\/p>\n<p data-start=\"1007\" data-end=\"1313\">Facile da indossare e regolare, il giubbino si adatta perfettamente al corpo dell\u2019utente, offrendo una vestibilit\u00e0 salda ma confortevole.<\/p>\n<p data-start=\"1620\" data-end=\"1735\">Perfetto per chi cerca performance elevate, resistenza e protezione nei momenti decisivi del combattimento in mare.<\/p>\n<p><\/p>","protected":false},"excerpt":{"rendered":"<p>Eccellente ed indispensabile accessorio per combattimenti \u201cpesanti\u201d. Ergonomico, ripartisce efficacemente lo sforzo del combattimento nella zona scapolare. La particolare intessitura della fasce incrociate rende l\u2019accessorio della massima resistenza.<\/p>\n","protected":false},"featured_media":57384,"template":"","meta":{"site-sidebar-layout":"default","site-content-layout":"","ast-site-content-layout":"default","site-content-style":"default","site-sidebar-style":"default","ast-global-header-display":"","ast-banner-title-visibility":"","ast-main-header-display":"","ast-hfb-above-header-display":"","ast-hfb-below-header-display":"","ast-hfb-mobile-header-display":"","site-post-title":"","ast-breadcrumbs-content":"","ast-featured-img":"","footer-sml-layout":"","theme-transparent-header-meta":"default","adv-header-id-meta":"","stick-header-meta":"","header-above-stick-meta":"","header-main-stick-meta":"","header-below-stick-meta":"","astra-migrate-meta-layouts":"set","ast-page-background-enabled":"default","ast-page-background-meta":{"desktop":{"background-color":"var(--ast-global-color-4)","background-image":"","background-repeat":"repeat","background-position":"center center","background-size":"auto","background-attachment":"scroll","background-type":"","background-media":"","overlay-type":"","overlay-color":"","overlay-gradient":""},"tablet":{"background-color":"","background-image":"","background-repeat":"repeat","background-position":"center center","background-size":"auto","background-attachment":"scroll","background-type":"","background-media":"","overlay-type":"","overlay-color":"","overlay-gradient":""},"mobile":{"background-color":"","background-image":"","background-repeat":"repeat","background-position":"center center","background-size":"auto","background-attachment":"scroll","background-type":"","background-media":"","overlay-type":"","overlay-color":"","overlay-gradient":""}},"ast-content-background-meta":{"desktop":{"background-color":"var(--ast-global-color-5)","background-image":"","background-repeat":"repeat","background-position":"center center","background-size":"auto","background-attachment":"scroll","background-type":"","background-media":"","overlay-type":"","overlay-color":"","overlay-gradient":""},"tablet":{"background-color":"var(--ast-global-color-5)","background-image":"","background-repeat":"repeat","background-position":"center center","background-size":"auto","background-attachment":"scroll","background-type":"","background-media":"","overlay-type":"","overlay-color":"","overlay-gradient":""},"mobile":{"background-color":"var(--ast-global-color-5)","background-image":"","background-repeat":"repeat","background-position":"center center","background-size":"auto","background-attachment":"scroll","background-type":"","background-media":"","overlay-type":"","overlay-color":"","overlay-gradient":""}}},"product_cat":[102],"product_tag":[],"yoast_head":"<!-- This site is optimized with the Yoast SEO plugin v23.2 - https:\/\/yoast.com\/wordpress\/plugins\/seo\/ -->\n<title>Giubbino Dorsale - Sardamatic<\/title>\n<meta name=\"robots\" content=\"index, follow, max-snippet:-1, max-image-preview:large, max-video-preview:-1\" \/>\n<link rel=\"canonical\" href=\"https:\/\/sardamatic.it\/prodotto\/giubbino-dorsale\/\" \/>\n<meta property=\"og:locale\" content=\"it_IT\" \/>\n<meta property=\"og:type\" content=\"article\" \/>\n<meta property=\"og:title\" content=\"[:it]Giubbino Dorsale[:] - Sardamatic\" \/>\n<meta property=\"og:description\" content=\"[:it]Eccellente ed indispensabile accessorio per combattimenti \u201cpesanti\u201d. Ergonomico, ripartisce efficacemente lo sforzo del combattimento nella zona scapolare. La particolare intessitura della fasce incrociate rende l\u2019accessorio della massima resistenza.[:]\" \/>\n<meta property=\"og:url\" content=\"https:\/\/sardamatic.it\/prodotto\/giubbino-dorsale\/\" \/>\n<meta property=\"og:site_name\" content=\"Sardamatic\" \/>\n<meta property=\"og:image\" content=\"https:\/\/sardamatic.it\/wp-content\/uploads\/2019\/11\/Giubbino-dorsale.jpg\" \/>\n\t<meta property=\"og:image:width\" content=\"768\" \/>\n\t<meta property=\"og:image:height\" content=\"1152\" \/>\n\t<meta property=\"og:image:type\" content=\"image\/jpeg\" \/>\n<meta name=\"twitter:card\" content=\"summary_large_image\" \/>\n<meta name=\"twitter:label1\" content=\"Tempo di lettura stimato\" \/>\n\t<meta name=\"twitter:data1\" content=\"1 minuto\" \/>\n<script type=\"application\/ld+json\" class=\"yoast-schema-graph\">{\"@context\":\"https:\/\/schema.org\",\"@graph\":[{\"@type\":\"WebPage\",\"@id\":\"https:\/\/sardamatic.it\/prodotto\/giubbino-dorsale\/\",\"url\":\"https:\/\/sardamatic.it\/prodotto\/giubbino-dorsale\/\",\"name\":\"[:it]Giubbino Dorsale[:] - Sardamatic\",\"isPartOf\":{\"@id\":\"https:\/\/sardamatic.it\/it\/#website\"},\"primaryImageOfPage\":{\"@id\":\"https:\/\/sardamatic.it\/prodotto\/giubbino-dorsale\/#primaryimage\"},\"image\":{\"@id\":\"https:\/\/sardamatic.it\/prodotto\/giubbino-dorsale\/#primaryimage\"},\"thumbnailUrl\":\"https:\/\/sardamatic.it\/wp-content\/uploads\/2019\/11\/Giubbino-dorsale.jpg\",\"datePublished\":\"2025-06-09T09:41:58+00:00\",\"dateModified\":\"2025-06-09T09:41:58+00:00\",\"breadcrumb\":{\"@id\":\"https:\/\/sardamatic.it\/prodotto\/giubbino-dorsale\/#breadcrumb\"},\"inLanguage\":\"it-IT\",\"potentialAction\":[{\"@type\":\"ReadAction\",\"target\":[\"https:\/\/sardamatic.it\/prodotto\/giubbino-dorsale\/\"]}]},{\"@type\":\"ImageObject\",\"inLanguage\":\"it-IT\",\"@id\":\"https:\/\/sardamatic.it\/prodotto\/giubbino-dorsale\/#primaryimage\",\"url\":\"https:\/\/sardamatic.it\/wp-content\/uploads\/2019\/11\/Giubbino-dorsale.jpg\",\"contentUrl\":\"https:\/\/sardamatic.it\/wp-content\/uploads\/2019\/11\/Giubbino-dorsale.jpg\",\"width\":768,\"height\":1152},{\"@type\":\"BreadcrumbList\",\"@id\":\"https:\/\/sardamatic.it\/prodotto\/giubbino-dorsale\/#breadcrumb\",\"itemListElement\":[{\"@type\":\"ListItem\",\"position\":1,\"name\":\"Home\",\"item\":\"https:\/\/sardamatic.it\/\"},{\"@type\":\"ListItem\",\"position\":2,\"name\":\"[:it]Shop[:]\",\"item\":\"https:\/\/sardamatic.it\/shop\/\"},{\"@type\":\"ListItem\",\"position\":3,\"name\":\"Giubbino Dorsale\"}]},{\"@type\":\"WebSite\",\"@id\":\"https:\/\/sardamatic.it\/it\/#website\",\"url\":\"https:\/\/sardamatic.it\/it\/\",\"name\":\"Sardamatic\",\"description\":\"Solo un altro sito WordPress\",\"publisher\":{\"@id\":\"https:\/\/sardamatic.it\/it\/#organization\"},\"potentialAction\":[{\"@type\":\"SearchAction\",\"target\":{\"@type\":\"EntryPoint\",\"urlTemplate\":\"https:\/\/sardamatic.it\/it\/?s={search_term_string}\"},\"query-input\":\"required name=search_term_string\"}],\"inLanguage\":\"it-IT\"},{\"@type\":\"Organization\",\"@id\":\"https:\/\/sardamatic.it\/it\/#organization\",\"name\":\"Sardamatic\",\"url\":\"https:\/\/sardamatic.it\/it\/\",\"logo\":{\"@type\":\"ImageObject\",\"inLanguage\":\"it-IT\",\"@id\":\"https:\/\/sardamatic.it\/it\/#\/schema\/logo\/image\/\",\"url\":\"https:\/\/sardamatic.it\/wp-content\/uploads\/2017\/11\/logo-1.png\",\"contentUrl\":\"https:\/\/sardamatic.it\/wp-content\/uploads\/2017\/11\/logo-1.png\",\"width\":211,\"height\":70,\"caption\":\"Sardamatic\"},\"image\":{\"@id\":\"https:\/\/sardamatic.it\/it\/#\/schema\/logo\/image\/\"}}]}<\/script>\n<!-- \/ Yoast SEO plugin. -->","yoast_head_json":{"title":"[:it]Giubbino Dorsale[:] - Sardamatic","robots":{"index":"index","follow":"follow","max-snippet":"max-snippet:-1","max-image-preview":"max-image-preview:large","max-video-preview":"max-video-preview:-1"},"canonical":"https:\/\/sardamatic.it\/prodotto\/giubbino-dorsale\/","og_locale":"it_IT","og_type":"article","og_title":"[:it]Giubbino Dorsale[:] - Sardamatic","og_description":"[:it]Eccellente ed indispensabile accessorio per combattimenti \u201cpesanti\u201d. Ergonomico, ripartisce efficacemente lo sforzo del combattimento nella zona scapolare. La particolare intessitura della fasce incrociate rende l\u2019accessorio della massima resistenza.[:]","og_url":"https:\/\/sardamatic.it\/prodotto\/giubbino-dorsale\/","og_site_name":"Sardamatic","og_image":[{"width":768,"height":1152,"url":"https:\/\/sardamatic.it\/wp-content\/uploads\/2019\/11\/Giubbino-dorsale.jpg","type":"image\/jpeg"}],"twitter_card":"summary_large_image","twitter_misc":{"Tempo di lettura stimato":"1 minuto"},"schema":{"@context":"https:\/\/schema.org","@graph":[{"@type":"WebPage","@id":"https:\/\/sardamatic.it\/prodotto\/giubbino-dorsale\/","url":"https:\/\/sardamatic.it\/prodotto\/giubbino-dorsale\/","name":"[:it]Giubbino Dorsale[:] - Sardamatic","isPartOf":{"@id":"https:\/\/sardamatic.it\/it\/#website"},"primaryImageOfPage":{"@id":"https:\/\/sardamatic.it\/prodotto\/giubbino-dorsale\/#primaryimage"},"image":{"@id":"https:\/\/sardamatic.it\/prodotto\/giubbino-dorsale\/#primaryimage"},"thumbnailUrl":"https:\/\/sardamatic.it\/wp-content\/uploads\/2019\/11\/Giubbino-dorsale.jpg","datePublished":"2025-06-09T09:41:58+00:00","dateModified":"2025-06-09T09:41:58+00:00","breadcrumb":{"@id":"https:\/\/sardamatic.it\/prodotto\/giubbino-dorsale\/#breadcrumb"},"inLanguage":"it-IT","potentialAction":[{"@type":"ReadAction","target":["https:\/\/sardamatic.it\/prodotto\/giubbino-dorsale\/"]}]},{"@type":"ImageObject","inLanguage":"it-IT","@id":"https:\/\/sardamatic.it\/prodotto\/giubbino-dorsale\/#primaryimage","url":"https:\/\/sardamatic.it\/wp-content\/uploads\/2019\/11\/Giubbino-dorsale.jpg","contentUrl":"https:\/\/sardamatic.it\/wp-content\/uploads\/2019\/11\/Giubbino-dorsale.jpg","width":768,"height":1152},{"@type":"BreadcrumbList","@id":"https:\/\/sardamatic.it\/prodotto\/giubbino-dorsale\/#breadcrumb","itemListElement":[{"@type":"ListItem","position":1,"name":"Home","item":"https:\/\/sardamatic.it\/"},{"@type":"ListItem","position":2,"name":"[:it]Shop[:]","item":"https:\/\/sardamatic.it\/shop\/"},{"@type":"ListItem","position":3,"name":"Giubbino Dorsale"}]},{"@type":"WebSite","@id":"https:\/\/sardamatic.it\/it\/#website","url":"https:\/\/sardamatic.it\/it\/","name":"Sardamatic","description":"Solo un altro sito WordPress","publisher":{"@id":"https:\/\/sardamatic.it\/it\/#organization"},"potentialAction":[{"@type":"SearchAction","target":{"@type":"EntryPoint","urlTemplate":"https:\/\/sardamatic.it\/it\/?s={search_term_string}"},"query-input":"required name=search_term_string"}],"inLanguage":"it-IT"},{"@type":"Organization","@id":"https:\/\/sardamatic.it\/it\/#organization","name":"Sardamatic","url":"https:\/\/sardamatic.it\/it\/","logo":{"@type":"ImageObject","inLanguage":"it-IT","@id":"https:\/\/sardamatic.it\/it\/#\/schema\/logo\/image\/","url":"https:\/\/sardamatic.it\/wp-content\/uploads\/2017\/11\/logo-1.png","contentUrl":"https:\/\/sardamatic.it\/wp-content\/uploads\/2017\/11\/logo-1.png","width":211,"height":70,"caption":"Sardamatic"},"image":{"@id":"https:\/\/sardamatic.it\/it\/#\/schema\/logo\/image\/"}}]}},"_links":{"self":[{"href":"https:\/\/sardamatic.it\/it\/wp-json\/wp\/v2\/product\/58249"}],"collection":[{"href":"https:\/\/sardamatic.it\/it\/wp-json\/wp\/v2\/product"}],"about":[{"href":"https:\/\/sardamatic.it\/it\/wp-json\/wp\/v2\/types\/product"}],"wp:featuredmedia":[{"embeddable":true,"href":"https:\/\/sardamatic.it\/it\/wp-json\/wp\/v2\/media\/57384"}],"wp:attachment":[{"href":"https:\/\/sardamatic.it\/it\/wp-json\/wp\/v2\/media?parent=58249"}],"wp:term":[{"taxonomy":"product_cat","embeddable":true,"href":"https:\/\/sardamatic.it\/it\/wp-json\/wp\/v2\/product_cat?post=58249"},{"taxonomy":"product_tag","embeddable":true,"href":"https:\/\/sardamatic.it\/it\/wp-json\/wp\/v2\/product_tag?post=58249"}],"curies":[{"name":"wp","href":"https:\/\/api.w.org\/{rel}","templated":true}]}}